{"id":23505,"date":"2020-10-08T16:39:54","date_gmt":"2020-10-08T14:39:54","guid":{"rendered":"https:\/\/www.schweizerweltatlas.ch\/?page_id=23505"},"modified":"2020-10-22T16:47:26","modified_gmt":"2020-10-22T14:47:26","slug":"aiuto_ricerca","status":"publish","type":"page","link":"https:\/\/www.schweizerweltatlas.ch\/it\/aiuto_ricerca\/","title":{"rendered":"Informazioni sui materiali"},"content":{"rendered":"<div class=\"wpb-content-wrapper\"><p>[vc_row][vc_column width=&#8221;2\/3&#8243;][vc_empty_space height=&#8221;60px&#8221;][vc_column_text]<strong>Guida sulla funzione di ricerca<\/strong>[\/vc_column_text][\/vc_column][vc_column width=&#8221;1\/3&#8243;][\/vc_column][\/vc_row][vc_row][vc_column][vc_column_text]<\/p>\n<h3>Il nostro mondo online \u00e8 sostanzialmente costituito da due parti: le pagine statiche da un lato, con informazioni sull\u2019Atlante Mondiale Svizzero, e il cuore della banca dati cartografica dall\u2019altro, dove \u00e8 possibile cercare e filtrare secondo diversi criteri. I risultati della ricerca sotto forma di singole mappe vengono visualizzati come un elenco o una serie di riquadri.<\/h3>\n<p>[\/vc_column_text][\/vc_column][\/vc_row][vc_row gap=&#8221;5&#8243; equal_height=&#8221;yes&#8221; content_placement=&#8221;top&#8221;][vc_column css_animation=&#8221;bottom-to-top&#8221; width=&#8221;1\/3&#8243; css=&#8221;.vc_custom_1495121371398{background-color: #f7f7f7 !important;}&#8221;][vc_column_text]<\/p>\n<h2><span style=\"color: #da291c;\">Ricerca<\/span><\/h2>\n<p>[\/vc_column_text][vc_single_image image=&#8221;23635&#8243; img_size=&#8221;large&#8221; style=&#8221;vc_box_shadow&#8221; onclick=&#8221;link_image&#8221;][\/vc_column][vc_column css_animation=&#8221;top-to-bottom&#8221; width=&#8221;2\/3&#8243; css=&#8221;.vc_custom_1496158602558{background-color: #f7f7f7 !important;}&#8221;][vc_column_text]In questo campo di ricerca \u00e8 possibile cercare liberamente parole, testi e numeri. Vengono prese in considerazione tutte e quattro le directory: indice dei contenuti con il titolo e il numero delle carte, tema delle carte, indice tematico e nomi geografici.[\/vc_column_text][\/vc_column][\/vc_row][vc_row gap=&#8221;5&#8243; equal_height=&#8221;yes&#8221; content_placement=&#8221;top&#8221;][vc_column css_animation=&#8221;bottom-to-top&#8221; width=&#8221;1\/3&#8243; css=&#8221;.vc_custom_1495121371398{background-color: #f7f7f7 !important;}&#8221;][vc_column_text]<\/p>\n<h2><span style=\"color: #da291c;\">Ricerca avanzata<br \/>\n<\/span><\/h2>\n<p>[\/vc_column_text][vc_single_image image=&#8221;23730&#8243; img_size=&#8221;large&#8221; style=&#8221;vc_box_shadow&#8221; onclick=&#8221;link_image&#8221;][\/vc_column][vc_column css_animation=&#8221;top-to-bottom&#8221; width=&#8221;2\/3&#8243; css=&#8221;.vc_custom_1496158602558{background-color: #f7f7f7 !important;}&#8221;][vc_column_text]Qui \u00e8 possibile cercare e filtrare in modo pi\u00f9 mirato secondo i singoli criteri (diversi criteri possono anche essere combinati tra loro).<\/p>\n<p><strong>Titolo della carta:<\/strong> denominazione della carta al di fuori della cornice, che fornisce informazioni sul contenuto, sul territorio e in parte anche sul tipo di carta.<span class=\"aligncenter\"><img loading=\"lazy\" decoding=\"async\" class=\"aligncenter wp-image-23679\" src=\"https:\/\/www.schweizerweltatlas.ch\/swaweb\/wp-content\/uploads\/Titolol-300x105.png\" alt=\"\" width=\"200\" height=\"70\" srcset=\"https:\/\/www.schweizerweltatlas.ch\/swaweb\/wp-content\/uploads\/Titolol-300x105.png 300w, https:\/\/www.schweizerweltatlas.ch\/swaweb\/wp-content\/uploads\/Titolol-450x158.png 450w, https:\/\/www.schweizerweltatlas.ch\/swaweb\/wp-content\/uploads\/Titolol.png 500w\" sizes=\"auto, (max-width: 200px) 100vw, 200px\" \/><\/span><\/p>\n<p><strong>Numero della carta:<\/strong> numerazione progressiva delle singole carte, composta dal numero di pagina e dall\u2019ordine di inserimento nella singola pagina dell\u2019Atlante.<\/p>\n<p><strong><span class=\"aligncenter\"><img loading=\"lazy\" decoding=\"async\" class=\"aligncenter wp-image-23549\" src=\"https:\/\/www.schweizerweltatlas.ch\/swaweb\/wp-content\/uploads\/Kartennummer-300x254.png\" alt=\"\" width=\"200\" height=\"169\" srcset=\"https:\/\/www.schweizerweltatlas.ch\/swaweb\/wp-content\/uploads\/Kartennummer-300x254.png 300w, https:\/\/www.schweizerweltatlas.ch\/swaweb\/wp-content\/uploads\/Kartennummer.png 371w\" sizes=\"auto, (max-width: 200px) 100vw, 200px\" \/><\/span><\/strong><\/p>\n<p><strong>Regione:<\/strong> regione dell\u2019area raffigurata nella carta; corrisponde al titolo della pagina nell\u2019Atlante.<strong><span class=\"aligncenter\"><img loading=\"lazy\" decoding=\"async\" class=\"aligncenter wp-image-23683\" src=\"https:\/\/www.schweizerweltatlas.ch\/swaweb\/wp-content\/uploads\/Regione-300x71.png\" alt=\"\" width=\"200\" height=\"47\" srcset=\"https:\/\/www.schweizerweltatlas.ch\/swaweb\/wp-content\/uploads\/Regione-300x71.png 300w, https:\/\/www.schweizerweltatlas.ch\/swaweb\/wp-content\/uploads\/Regione-450x106.png 450w, https:\/\/www.schweizerweltatlas.ch\/swaweb\/wp-content\/uploads\/Regione.png 600w\" sizes=\"auto, (max-width: 200px) 100vw, 200px\" \/><\/span><\/strong><\/p>\n<p><strong>Scala:<\/strong> lo spazio su una carta per raffigurare la superficie della Terra \u00e8 molto limitato. Rispetto al mondo reale, la carta viene cos\u00ec ridotta di dimensioni a un determinato fattore: il numero di scala.<br \/>\n<span class=\"aligncenter\"><img loading=\"lazy\" decoding=\"async\" class=\"aligncenter wp-image-23567\" src=\"https:\/\/www.schweizerweltatlas.ch\/swaweb\/wp-content\/uploads\/Massstab.png\" alt=\"\" width=\"180\" height=\"54\" \/><\/span><\/p>\n<p><strong>Tema: <\/strong>il contesto geografico nello spazio reale \u00e8 rappresentato graficamente come il contenuto di una carta.<br \/>\n<span class=\"aligncenter\"><img loading=\"lazy\" decoding=\"async\" class=\"aligncenter wp-image-23687\" src=\"https:\/\/www.schweizerweltatlas.ch\/swaweb\/wp-content\/uploads\/Tema-300x233.png\" alt=\"\" width=\"200\" height=\"156\" srcset=\"https:\/\/www.schweizerweltatlas.ch\/swaweb\/wp-content\/uploads\/Tema-300x233.png 300w, https:\/\/www.schweizerweltatlas.ch\/swaweb\/wp-content\/uploads\/Tema-768x597.png 768w, https:\/\/www.schweizerweltatlas.ch\/swaweb\/wp-content\/uploads\/Tema-450x350.png 450w, https:\/\/www.schweizerweltatlas.ch\/swaweb\/wp-content\/uploads\/Tema.png 797w\" sizes=\"auto, (max-width: 200px) 100vw, 200px\" \/><\/span><\/p>\n<p><strong>Toponimi:<\/strong> nomi propri di aree e luoghi e di singoli oggetti naturali e artificiali sulla superficie terrestre, sia sulla terraferma che in mare. Essi sono necessari sia per l\u2019orientamento che per la comunicazione. Tutti gli oggetti contrassegnati sono classificati secondo i seguenti geotipi:<\/p>\n<p><strong><span class=\"aligncenter\"><img loading=\"lazy\" decoding=\"async\" class=\"aligncenter wp-image-23691\" src=\"https:\/\/www.schweizerweltatlas.ch\/swaweb\/wp-content\/uploads\/Toponimi-236x300.png\" alt=\"\" width=\"200\" height=\"254\" srcset=\"https:\/\/www.schweizerweltatlas.ch\/swaweb\/wp-content\/uploads\/Toponimi-236x300.png 236w, https:\/\/www.schweizerweltatlas.ch\/swaweb\/wp-content\/uploads\/Toponimi-450x571.png 450w, https:\/\/www.schweizerweltatlas.ch\/swaweb\/wp-content\/uploads\/Toponimi.png 524w\" sizes=\"auto, (max-width: 200px) 100vw, 200px\" \/><\/span><\/strong><\/p>\n<p><strong>Lemmario:<\/strong> denominazione degli elementi tematici e contenutistici.<br \/>\n<span class=\"aligncenter\"><img loading=\"lazy\" decoding=\"async\" class=\"aligncenter wp-image-23695\" src=\"https:\/\/www.schweizerweltatlas.ch\/swaweb\/wp-content\/uploads\/Lemmario-242x300.png\" alt=\"\" width=\"200\" height=\"248\" srcset=\"https:\/\/www.schweizerweltatlas.ch\/swaweb\/wp-content\/uploads\/Lemmario-242x300.png 242w, https:\/\/www.schweizerweltatlas.ch\/swaweb\/wp-content\/uploads\/Lemmario-450x558.png 450w, https:\/\/www.schweizerweltatlas.ch\/swaweb\/wp-content\/uploads\/Lemmario.png 589w\" sizes=\"auto, (max-width: 200px) 100vw, 200px\" \/><\/span><\/p>\n<p><strong>Densit\u00e0 del contenuto:<\/strong> misura della quantit\u00e0 di contenuto grafico nella carta sotto forma di aree, linee, simboli e diciture. Da ci\u00f2 si pu\u00f2 ricavare una densit\u00e0 di informazioni e la complessit\u00e0 di una rappresentazione cartografica pu\u00f2 essere determinata durante la valutazione attraverso un lettore. Le carte sono state analizzate secondo il seguente <a href=\"http:\/\/radiat.cz\/mapload\/\">approccio tecnico<\/a>.<br \/>\n<span class=\"aligncenter\"><img loading=\"lazy\" decoding=\"async\" class=\"aligncenter wp-image-23699\" src=\"https:\/\/www.schweizerweltatlas.ch\/swaweb\/wp-content\/uploads\/Densita-300x255.png\" alt=\"\" width=\"200\" height=\"170\" srcset=\"https:\/\/www.schweizerweltatlas.ch\/swaweb\/wp-content\/uploads\/Densita-300x255.png 300w, https:\/\/www.schweizerweltatlas.ch\/swaweb\/wp-content\/uploads\/Densita-450x382.png 450w, https:\/\/www.schweizerweltatlas.ch\/swaweb\/wp-content\/uploads\/Densita.png 546w\" sizes=\"auto, (max-width: 200px) 100vw, 200px\" \/><\/span><\/p>\n<p><strong>Valutazione:<\/strong> attraverso un esame critico, che va oltre la lettura e l\u2019interpretazione, le carte vengono valutate in modo soggettivo tramite delle stelle (1: pessima fino a 5: eccellente).<br \/>\n<span class=\"aligncenter\"><img loading=\"lazy\" decoding=\"async\" class=\"aligncenter wp-image-23709\" src=\"https:\/\/www.schweizerweltatlas.ch\/swaweb\/wp-content\/uploads\/Valutazione-300x68.png\" alt=\"\" width=\"200\" height=\"45\" srcset=\"https:\/\/www.schweizerweltatlas.ch\/swaweb\/wp-content\/uploads\/Valutazione-300x68.png 300w, https:\/\/www.schweizerweltatlas.ch\/swaweb\/wp-content\/uploads\/Valutazione-450x102.png 450w, https:\/\/www.schweizerweltatlas.ch\/swaweb\/wp-content\/uploads\/Valutazione.png 548w\" sizes=\"auto, (max-width: 200px) 100vw, 200px\" \/><\/span><\/p>\n<p><strong>Materiali:<\/strong> il mondo online offre un\u2019ampia gamma di preziosi <a href=\"https:\/\/www.schweizerweltatlas.ch\/it\/informazioni-sui-materiali\/\">materiali didattici e di apprendimento<\/a>, come carte mute, commenti alle carte, spiegazioni didattiche, strumenti interattivi e collegamenti ipertestuali, supportando cos\u00ec gli insegnanti nella preparazione di lezioni dinamiche e ricche di contenuti multimediali. Utilizzando questi materiali \u00e8 possibile filtrare le singole carte.[\/vc_column_text][\/vc_column][\/vc_row]<\/p>\n<\/div>","protected":false},"excerpt":{"rendered":"<p>[vc_row][vc_column width=&#8221;2\/3&#8243;][vc_empty_space height=&#8221;60px&#8221;][vc_column_text]Guida sulla funzione di ricerca[\/vc_column_text][\/vc_column][vc_column width=&#8221;1\/3&#8243;][\/vc_column][\/vc_row][vc_row][vc_column][vc_column_text] Il nostro mondo online \u00e8 sostanzialmente costituito da due parti: le pagine statiche da un lato, con informazioni sull\u2019Atlante Mondiale Svizzero, e il cuore della banca dati cartografica dall\u2019altro, dove \u00e8 possibile cercare e filtrare secondo diversi criteri. I risultati della ricerca sotto forma di singole mappe [&hellip;]<\/p>\n","protected":false},"author":7,"featured_media":0,"parent":0,"menu_order":0,"comment_status":"closed","ping_status":"closed","template":"page-templates\/full_width_no_title.php","meta":{"_acf_changed":false,"footnotes":""},"class_list":["post-23505","page","type-page","status-publish","hentry"],"acf":[],"_links":{"self":[{"href":"https:\/\/www.schweizerweltatlas.ch\/it\/wp-json\/wp\/v2\/pages\/23505","targetHints":{"allow":["GET"]}}],"collection":[{"href":"https:\/\/www.schweizerweltatlas.ch\/it\/wp-json\/wp\/v2\/pages"}],"about":[{"href":"https:\/\/www.schweizerweltatlas.ch\/it\/wp-json\/wp\/v2\/types\/page"}],"author":[{"embeddable":true,"href":"https:\/\/www.schweizerweltatlas.ch\/it\/wp-json\/wp\/v2\/users\/7"}],"replies":[{"embeddable":true,"href":"https:\/\/www.schweizerweltatlas.ch\/it\/wp-json\/wp\/v2\/comments?post=23505"}],"version-history":[{"count":16,"href":"https:\/\/www.schweizerweltatlas.ch\/it\/wp-json\/wp\/v2\/pages\/23505\/revisions"}],"predecessor-version":[{"id":23749,"href":"https:\/\/www.schweizerweltatlas.ch\/it\/wp-json\/wp\/v2\/pages\/23505\/revisions\/23749"}],"wp:attachment":[{"href":"https:\/\/www.schweizerweltatlas.ch\/it\/wp-json\/wp\/v2\/media?parent=23505"}],"curies":[{"name":"wp","href":"https:\/\/api.w.org\/{rel}","templated":true}]}}