{"id":17883,"date":"2017-06-14T19:56:20","date_gmt":"2017-06-14T17:56:20","guid":{"rendered":"https:\/\/www.schweizerweltatlas.ch\/swaweb\/referenze\/"},"modified":"2018-07-19T11:49:11","modified_gmt":"2018-07-19T09:49:11","slug":"referenze","status":"publish","type":"page","link":"https:\/\/www.schweizerweltatlas.ch\/it\/referenze\/","title":{"rendered":"Referenze"},"content":{"rendered":"<div class=\"wpb-content-wrapper\"><p>[vc_row css_animation=&#8221;bottom-to-top&#8221;][vc_column width=&#8221;2\/3&#8243;][vc_empty_space height=&#8221;60px&#8221;][vc_column_text]<strong>Referenze<\/strong>[\/vc_column_text][vc_column_text]<\/p>\n<h1>Quello che gli altri dicono dell&#8217;Atlante Mondiale Svizzero<\/h1>\n<p>[\/vc_column_text][\/vc_column][vc_column width=&#8221;1\/3&#8243;][\/vc_column][\/vc_row][vc_row gap=&#8221;5&#8243; equal_height=&#8221;yes&#8221; content_placement=&#8221;top&#8221;][vc_column css_animation=&#8221;bottom-to-top&#8221; width=&#8221;1\/3&#8243; css=&#8221;.vc_custom_1495121371398{background-color: #f7f7f7 !important;}&#8221;][vc_column_text]<\/p>\n<h2><em>\u00abCon l&#8217;Atlante Mondiale Svizzero si comprende molto bene la Terra.\u00bb<\/em><\/h2>\n<p><strong><br \/>\nC.T.<\/strong>, Allieva di 3a alla scuola secondaria Gelbhausgarten di Sciaffusa[\/vc_column_text][vc_toggle title=&#8221;&#8221; style=&#8221;round&#8221; color=&#8221;juicy_pink&#8221;]<em>\u00abDell&#8217;Atlante Mondiale Svizzero mi piace il fatto che ci si lavora molto bene ed \u00e8 comodo da consultare. Con l&#8217;Atlante Mondiale Svizzero si comprende bene la Terra e ne trovo attraente l&#8217;aspetto.\u00bb<\/em><\/p>\n<p><em>\u00a0<\/em>[\/vc_toggle][vc_empty_space][\/vc_column][vc_column css_animation=&#8221;top-to-bottom&#8221; width=&#8221;2\/3&#8243; css=&#8221;.vc_custom_1495121379869{background-color: #f7f7f7 !important;}&#8221;][vc_column_text]<\/p>\n<h2><em>\u00abIl nuovo Atlante Mondiale Svizzero \u00e8 importante per le lezioni di geografia.\u00bb<\/em><\/h2>\n<p>[\/vc_column_text][vc_single_image image=&#8221;16241&#8243; style=&#8221;vc_box_circle_2&#8243; css_animation=&#8221;fadeIn&#8221;][vc_column_text]<strong>Prof. Dr. Monika Reuschenbach<\/strong>, docente all&#8217;Alta scuola pedagogica di Zurigo, responsabile del progetto didattico \u00ab<a href=\"https:\/\/www.lmvz.ch\/schule\/weltsicht\">Weltsicht<\/a>\u00bb (vista sul mondo), membro della commissione consultiva dell&#8217;Atlante Mondiale Svizzero[\/vc_column_text][vc_toggle title=&#8221;&#8221; style=&#8221;round&#8221; color=&#8221;juicy_pink&#8221;]<em>\u00abLa nuova edizione dell&#8217;Atlante Mondiale Svizzero assumer\u00e0 un ruolo importante in futuro nelle lezioni di geografia. L&#8217;Atlante costituisce la base del nuovo strumento didattico &#8220;<a href=\"http:\/\/www.lmvz.ch\/zukunft\/weltsicht\">Weltsicht<\/a>\u201d (vista sul mondo) per la scuola secondaria di primo grado che nella primavera 2018 sar\u00e0 lanciato sul mercato di tutta la Svizzera tedesca. <\/em><\/p>\n<p><em>Sono interessanti le nuove carte, molti riferimenti tematici alla geografia contemporanea, una panoramica semplice e approfondita, ma anche le informazioni sulla competenza dell&#8217;orientamento. Per lo sviluppo di &#8220;Weltsicht&#8221; \u00e8 stato importante il ricco materiale cartografico, poich\u00e9 lo strumento pu\u00f2 basarsi su di esso e utilizzare le carte come criterio di lavoro. I docenti possono usufruire di due nuovissime opere con riferimenti reciproci e sin da quest&#8217;anno possono iniziare a impratichirsi con l&#8217;Atlante Mondiale.<\/em><em>\u00bb<\/em>[\/vc_toggle][vc_empty_space][\/vc_column][\/vc_row][vc_row gap=&#8221;5&#8243; equal_height=&#8221;yes&#8221; content_placement=&#8221;top&#8221;][vc_column css_animation=&#8221;bottom-to-top&#8221; width=&#8221;1\/3&#8243; css=&#8221;.vc_custom_1495121371398{background-color: #f7f7f7 !important;}&#8221;][vc_column_text]<\/p>\n<h2><em>\u00abAtlante mondiale svizzero: indispensabile strumento di conoscenza geografica.\u00bb<\/em><\/h2>\n<p>[\/vc_column_text][vc_single_image image=&#8221;16240&#8243; style=&#8221;vc_box_circle_2&#8243; css_animation=&#8221;fadeIn&#8221;][vc_column_text]<strong>Alberto Martinelli<\/strong>, Esperto per l\u2019insegnamento nel settore medio in Ticino, Mitglied Beratende Kommission Schweizer Weltatlas[\/vc_column_text][vc_toggle title=&#8221;&#8221; style=&#8221;round&#8221; color=&#8221;juicy_pink&#8221;]<em>\u00abL\u2019evoluzione tecnologica ha ridimensionato le librerie nelle nostre abitazioni, mentre i nostri archivi digitali diventano sempre pi\u00f9 capienti. Nuove edizioni o nuove pubblicazioni trovano sempre pi\u00f9 raramente uno spazio fisico, ma ad alcune di esse non si pu\u00f2 proprio rinunciare: l\u2019Atlante mondiale svizzero \u00e8 una di queste. <\/em><\/p>\n<p><em>La nuova edizione, aggiornata nei contenuti e con una nuova semiologia, riafferma che l\u2019Atlante \u00e8 un importante strumento di conoscenza del proprio paese e del mondo; indispensabile nelle aule scolastiche, utile nelle nostre abitazioni. Un oggetto esteticamente bello e piacevole da sfogliare per semplice diletto o per la ricerca d\u2019informazioni affidabili, che sovente il web non ci sa offrire.\u00bb <\/em>[\/vc_toggle][vc_empty_space][\/vc_column][vc_column css_animation=&#8221;top-to-bottom&#8221; width=&#8221;1\/3&#8243; css=&#8221;.vc_custom_1496158602558{background-color: #f7f7f7 !important;}&#8221;][vc_column_text]<\/p>\n<h2><em>\u00abL&#8217;Atlante Mondiale Svizzero ha una struttura chiara.\u00bb<\/em><\/h2>\n<p><strong><br \/>\n<\/strong><strong>T. L., <\/strong>Allieva di 3a alla scuola secondaria Gelbhausgarten di Sciaffusa[\/vc_column_text][vc_toggle title=&#8221;&#8221; style=&#8221;round&#8221; color=&#8221;juicy_pink&#8221;]<em>\u00abDel nuovo Atlante Mondiale Svizzero mi piace la struttura. \u00c8 organizzato in modo chiaro con molti nuovi grafici. Inoltre trovo che non ci sia veramente nulla da dire sul design: \u00e8 semplicemente meraviglioso.\u00bb<\/em>[\/vc_toggle][vc_empty_space][\/vc_column][vc_column css_animation=&#8221;bottom-to-top&#8221; width=&#8221;1\/3&#8243; css=&#8221;.vc_custom_1495121391064{background-color: #f7f7f7 !important;}&#8221;][vc_column_text]<\/p>\n<h2><em>\u00abLa quantit\u00e0 di nozioni generali affascinanti \u00e8 straordinaria.\u00bb<\/em><\/h2>\n<p><strong>\u00a0<\/strong><\/p>\n<p><strong>Michael H\u00fcrlimann<\/strong>, Docente Alta scuola pedagogica di Zurigo[\/vc_column_text][vc_toggle title=&#8221;&#8221; style=&#8221;round&#8221; color=&#8221;juicy_pink&#8221;]<em>\u00abQuando preparo le lezioni di geografia consultando l&#8217;Atlante Mondiale Svizzero, sono continuamente sorpreso dalle interessanti informazioni, ma anche distratto. Ad esempio, non sapevo che la pista di atterraggio dell&#8217;aeroporto di Bora-Bora \u00e8 lunga circa 1,8 km e che nel Sarganserland negli ultimi 70 anni sono state realizzate tantissime siepi frangivento, ma sono sorti anche centri commerciali. <\/em><\/p>\n<p><em>La quantit\u00e0 di nozioni generali affascinanti \u00e8 straordinaria ed \u00e8 facile perdersi. Agli studenti l&#8217;Atlante Mondiale Svizzero offre diversi metodi per affrontare le questioni geografiche. Pertanto sono felice di poter illustrare ai sempre pi\u00f9 numerosi nuovi docenti il know-how necessario e le interessanti possibilit\u00e0 di utilizzo dell&#8217;Atlante Mondiale Svizzero e di segnalare loro le varie tecniche. Naturalmente spero che nella loro futura attivit\u00e0 di insegnanti utilizzino regolarmente l&#8217;Atlante nelle lezioni di geografia.\u00bb<\/em>[\/vc_toggle][vc_empty_space][\/vc_column][\/vc_row][vc_row gap=&#8221;5&#8243; equal_height=&#8221;yes&#8221; content_placement=&#8221;top&#8221;][vc_column css_animation=&#8221;top-to-bottom&#8221; width=&#8221;1\/3&#8243; css=&#8221;.vc_custom_1496158602558{background-color: #f7f7f7 !important;}&#8221;][vc_column_text]<\/p>\n<h2><em>\u00abL&#8217;Atlante Mondiale Svizzero \u00e8 imbattibile in quanto a precisione.\u00bb<\/em><\/h2>\n<p>[\/vc_column_text][vc_single_image image=&#8221;16242&#8243; style=&#8221;vc_box_circle_2&#8243; css_animation=&#8221;fadeIn&#8221;][vc_column_text]<strong>Dr. Konrad Weber<\/strong>, Insegnante di geografia al ginnasio[\/vc_column_text][vc_toggle title=&#8221;&#8221; style=&#8221;round&#8221; color=&#8221;juicy_pink&#8221;]<em>\u00abLa densit\u00e0 delle informazioni \u00e8 elevata, pur mantenendo una chiarezza ottimale. Dalle carte si possono trarre tantissimi dettagli e connessioni. Con l&#8217;aiuto dell&#8217;Atlante Mondiale Svizzero si possono fare molti approfondimenti in classe. <\/em><\/p>\n<p><em>Un esempio eccezionale \u00e8 la carta panoramica della Francia, sulla quale \u00e8 raffigurata, integralmente e senza dislocazione, anche la Corsica, ed \u00e8 visibile persino tutta la Svizzera. A differenza delle carte della Francia di altri editori, il paese \u00e8 inserito nel suo contesto, nel rilievo europeo e nella rete di trasporti continentale (e britannica). Anche la centralit\u00e0 di Parigi \u00e8 ben riconoscibile. Trovo molto interessante anche il fatto che non siano indicate solo le maggiori citt\u00e0, ma vi si trovino anche i nomi di regioni, territori e zone.\u00bb<\/em><\/p>\n<p><em>\u00a0<\/em>[\/vc_toggle][vc_empty_space][\/vc_column][vc_column css_animation=&#8221;bottom-to-top&#8221; width=&#8221;1\/3&#8243; css=&#8221;.vc_custom_1495121371398{background-color: #f7f7f7 !important;}&#8221;][vc_column_text]<\/p>\n<h2><em>\u00abMateriali aggiuntivi\u00bb<\/em><\/h2>\n<p>[\/vc_column_text][vc_single_image image=&#8221;16303&#8243; style=&#8221;vc_box_circle_2&#8243; css_animation=&#8221;fadeIn&#8221;][vc_column_text]<\/p>\n<h2><\/h2>\n<p><strong>Mario Hartmann<\/strong>, Insegnante scuola secondaria Gelbhausgarten di Sciaffusa[\/vc_column_text][vc_toggle title=&#8221;&#8221; style=&#8221;round&#8221; color=&#8221;juicy_pink&#8221;]<em>\u00abAl giorno d&#8217;oggi, sempre pi\u00f9 dati possono essere rappresentati in modo chiaro sulle carte. Questi rappresentano nella nostra vita di tutti i giorni una fonte di informazioni importante, presuppone per\u00f2, l&#8217;acquisizione delle competenze in relazione alle carte. L&#8217;\u00abAtlante mondiale svizzero\u00bb mette a disposizione gli strumenti adatti. L&#8217;Atlante offre delle carte in forma stampata scelte con cura e adatte come strumento per l&#8217;insegnamento di geografia, dove le competenze classiche possono essere approfondite. La legenda pieghevole \u00e8 particolarmente utile e rappresenta un ulteriore miglioramento. I materiali aggiuntivi basati sul browser ampliano l&#8217;offerta in modo deciso e utilizzano le possibilit\u00e0 digitali presenti oggigiorno. L&#8217;\u00abAtlante mondiale svizzero\u00bb mette a disposizione quindi uno strumento completo, il quale nelle lezioni moderne non si potr\u00e0 fare a meno.\u00bb<\/em>[\/vc_toggle][vc_empty_space][\/vc_column][vc_column width=&#8221;1\/3&#8243;][vc_empty_space][vc_icon type=&#8221;material&#8221; icon_material=&#8221;vc-material vc-material-mail_outline&#8221; color=&#8221;white&#8221; background_style=&#8221;rounded&#8221; size=&#8221;lg&#8221; css_animation=&#8221;fadeIn&#8221; link=&#8221;|||&#8221;][vc_column_text]La redazione accetta con piacere critiche e apprezzamenti, ma anche indicazioni e suggerimenti.<br \/>\n\n<div class=\"wpcf7 no-js\" id=\"wpcf7-f17096-o1\" lang=\"de-DE\" dir=\"ltr\" data-wpcf7-id=\"17096\">\n<div class=\"screen-reader-response\"><p role=\"status\" aria-live=\"polite\" aria-atomic=\"true\"><\/p> <ul><\/ul><\/div>\n<form action=\"\/it\/wp-json\/wp\/v2\/pages\/17883#wpcf7-f17096-o1\" method=\"post\" class=\"wpcf7-form init\" aria-label=\"Kontaktformular\" novalidate=\"novalidate\" data-status=\"init\">\n<div style=\"display: none;\">\n<input type=\"hidden\" name=\"_wpcf7\" value=\"17096\" \/>\n<input type=\"hidden\" name=\"_wpcf7_version\" value=\"6.0.4\" \/>\n<input type=\"hidden\" name=\"_wpcf7_locale\" value=\"de_DE\" \/>\n<input type=\"hidden\" name=\"_wpcf7_unit_tag\" value=\"wpcf7-f17096-o1\" \/>\n<input type=\"hidden\" name=\"_wpcf7_container_post\" value=\"0\" \/>\n<input type=\"hidden\" name=\"_wpcf7_posted_data_hash\" value=\"\" \/>\n<input type=\"hidden\" name=\"_wpcf7dtx_version\" value=\"5.0.3\" \/>\n<input type=\"hidden\" name=\"_wpcf7_recaptcha_response\" value=\"\" \/>\n<\/div>\n<p><label> Nome*<br \/>\n<span class=\"wpcf7-form-control-wrap\" data-name=\"your-name\"><input size=\"40\" maxlength=\"400\" class=\"wpcf7-form-control wpcf7-text wpcf7-validates-as-required\" aria-required=\"true\" aria-invalid=\"false\" value=\"\" type=\"text\" name=\"your-name\" \/><\/span> <\/label>\n<\/p>\n<p><label> E-Mail*<br \/>\n<span class=\"wpcf7-form-control-wrap\" data-name=\"your-email\"><input size=\"40\" maxlength=\"400\" class=\"wpcf7-form-control wpcf7-email wpcf7-validates-as-required wpcf7-text wpcf7-validates-as-email\" aria-required=\"true\" aria-invalid=\"false\" value=\"\" type=\"email\" name=\"your-email\" \/><\/span> <\/label>\n<\/p>\n<p><label> Tema*<br \/>\n<span class=\"wpcf7-form-control-wrap\" data-name=\"your-subject\"><input size=\"40\" maxlength=\"400\" class=\"wpcf7-form-control wpcf7-text wpcf7-validates-as-required\" aria-required=\"true\" aria-invalid=\"false\" value=\"\" type=\"text\" name=\"your-subject\" \/><\/span> <\/label>\n<\/p>\n<p><label> Messaggio*<br \/>\n<span class=\"wpcf7-form-control-wrap\" data-name=\"your-message\"><textarea cols=\"40\" rows=\"10\" maxlength=\"2000\" class=\"wpcf7-form-control wpcf7-textarea\" aria-invalid=\"false\" name=\"your-message\"><\/textarea><\/span> <\/label><br \/>\n<br \/>\n<input class=\"wpcf7-form-control wpcf7-submit has-spinner\" type=\"submit\" value=\"Inviare\" \/>\n<\/p><div class=\"wpcf7-response-output\" aria-hidden=\"true\"><\/div>\n<\/form>\n<\/div>\n[\/vc_column_text][\/vc_column][\/vc_row][vc_row css_animation=&#8221;bottom-to-top&#8221;][vc_column width=&#8221;2\/3&#8243;][vc_empty_space height=&#8221;62px&#8221;][vc_column_text]<strong>Premi<br \/>\n<\/strong>[\/vc_column_text][\/vc_column][\/vc_row][vc_row][vc_column width=&#8221;1\/3&#8243;][vc_column_text]<\/p>\n<h2>Premio del pubblico ICA 2017<\/h2>\n<p>An der International Cartographic Exhibition in Washington DC (USA) gewann die Neuausgabe des Schweizer Weltatlas einen Publikumspreis in der Kategorie \u00abAtlases\u00bb.[\/vc_column_text][\/vc_column][vc_column width=&#8221;1\/3&#8243;][vc_column_text]<\/p>\n<h2>Prix Carto 2011<\/h2>\n<p>Premio per l&#8217;innovazione assegnato all&#8217;\u00abAtlante Mondiale Svizzero interattivo\u00bb dalla Societ\u00e0 svizzera di cartografia (SGK).[\/vc_column_text][\/vc_column][vc_column width=&#8221;1\/3&#8243;][vc_column_text]<\/p>\n<h2>Prix Moebius \u2013 Multimedia 2011<\/h2>\n<p>Premio speciale per il migliore sviluppo digitale del sito \u00abAtlante Mondiale Svizzero interattivo\u00bb, conferito dalla Fondazione M\u00f6bius Lugano.[\/vc_column_text][\/vc_column][\/vc_row][vc_row][vc_column width=&#8221;1\/3&#8243;][vc_column_text]<\/p>\n<h2>International Map Exhibition Award 1997<\/h2>\n<p>Premio nella categoria \u00abAtlanti\u00bb attribuito all&#8217;Atlante Mondiale Svizzero dalla International Cartographic Association (ICA).[\/vc_column_text][\/vc_column][vc_column width=&#8221;1\/3&#8243;][vc_column_text]<\/p>\n<h2>Goldene Schiefertafel 1994<\/h2>\n<p>Premio per l&#8217;Atlante Mondiale Svizzero conferito dall&#8217;Associazione Giovent\u00f9 ed Economia come strumento didattico eccezionale.[\/vc_column_text][\/vc_column][\/vc_row]<\/p>\n<\/div>","protected":false},"excerpt":{"rendered":"<p>[vc_row css_animation=&#8221;bottom-to-top&#8221;][vc_column width=&#8221;2\/3&#8243;][vc_empty_space height=&#8221;60px&#8221;][vc_column_text]Referenze[\/vc_column_text][vc_column_text] Quello che gli altri dicono dell&#8217;Atlante Mondiale Svizzero [\/vc_column_text][\/vc_column][vc_column width=&#8221;1\/3&#8243;][\/vc_column][\/vc_row][vc_row gap=&#8221;5&#8243; equal_height=&#8221;yes&#8221; content_placement=&#8221;top&#8221;][vc_column css_animation=&#8221;bottom-to-top&#8221; width=&#8221;1\/3&#8243; css=&#8221;.vc_custom_1495121371398{background-color: #f7f7f7 !important;}&#8221;][vc_column_text] \u00abCon l&#8217;Atlante Mondiale Svizzero si comprende molto bene la Terra.\u00bb C.T., Allieva di 3a alla scuola secondaria Gelbhausgarten di Sciaffusa[\/vc_column_text][vc_toggle title=&#8221;&#8221; style=&#8221;round&#8221; color=&#8221;juicy_pink&#8221;]\u00abDell&#8217;Atlante Mondiale Svizzero mi piace il fatto che ci si lavora [&hellip;]<\/p>\n","protected":false},"author":7,"featured_media":0,"parent":0,"menu_order":0,"comment_status":"closed","ping_status":"closed","template":"page-templates\/full_width_no_title.php","meta":{"_acf_changed":false,"footnotes":""},"class_list":["post-17883","page","type-page","status-publish","hentry"],"acf":[],"_links":{"self":[{"href":"https:\/\/www.schweizerweltatlas.ch\/it\/wp-json\/wp\/v2\/pages\/17883","targetHints":{"allow":["GET"]}}],"collection":[{"href":"https:\/\/www.schweizerweltatlas.ch\/it\/wp-json\/wp\/v2\/pages"}],"about":[{"href":"https:\/\/www.schweizerweltatlas.ch\/it\/wp-json\/wp\/v2\/types\/page"}],"author":[{"embeddable":true,"href":"https:\/\/www.schweizerweltatlas.ch\/it\/wp-json\/wp\/v2\/users\/7"}],"replies":[{"embeddable":true,"href":"https:\/\/www.schweizerweltatlas.ch\/it\/wp-json\/wp\/v2\/comments?post=17883"}],"version-history":[{"count":1,"href":"https:\/\/www.schweizerweltatlas.ch\/it\/wp-json\/wp\/v2\/pages\/17883\/revisions"}],"predecessor-version":[{"id":22177,"href":"https:\/\/www.schweizerweltatlas.ch\/it\/wp-json\/wp\/v2\/pages\/17883\/revisions\/22177"}],"wp:attachment":[{"href":"https:\/\/www.schweizerweltatlas.ch\/it\/wp-json\/wp\/v2\/media?parent=17883"}],"curies":[{"name":"wp","href":"https:\/\/api.w.org\/{rel}","templated":true}]}}