{"id":17842,"date":"2017-06-14T19:55:33","date_gmt":"2017-06-14T17:55:33","guid":{"rendered":"https:\/\/www.schweizerweltatlas.ch\/swaweb\/edizione-2017\/"},"modified":"2019-05-10T14:22:48","modified_gmt":"2019-05-10T12:22:48","slug":"edizione_stampa","status":"publish","type":"page","link":"https:\/\/www.schweizerweltatlas.ch\/it\/edizione_stampa\/","title":{"rendered":"Edizione di stampa"},"content":{"rendered":"<div class=\"wpb-content-wrapper\"><p>[vc_row][vc_column css_animation=&#8221;bottom-to-top&#8221; width=&#8221;2\/3&#8243;][vc_empty_space height=&#8221;60px&#8221;][vc_column_text]<strong>Edizione di stampa<\/strong>[\/vc_column_text][vc_column_text]<\/p>\n<h1 class=\"p1\"><span class=\"s1\">L&#8217;edizione stampata \u00e8 strutturata e i suoi contenuti sono strutturati come segue.<\/span><\/h1>\n<p>[\/vc_column_text][\/vc_column][vc_column width=&#8221;1\/3&#8243;][\/vc_column][\/vc_row][vc_row][vc_column css_animation=&#8221;bottom-to-top&#8221; width=&#8221;1\/3&#8243;][vc_column_text]<\/p>\n<h2><a href=\"https:\/\/www.schweizerweltatlas.ch\/it\/ordinare-latlante\/\">Ordinare l\u2019Atlante<\/a><\/h2>\n<p>[\/vc_column_text][vc_icon type=&#8221;material&#8221; icon_material=&#8221;vc-material vc-material-arrow_forward&#8221; color=&#8221;custom&#8221; background_style=&#8221;rounded&#8221; size=&#8221;sm&#8221; custom_color=&#8221;#ff0000&#8243; link=&#8221;url:\/it\/ordinare-latlante\/&#8221;][\/vc_column][vc_column width=&#8221;2\/3&#8243;][vc_single_image image=&#8221;18806&#8243; img_size=&#8221;large&#8221;][\/vc_column][\/vc_row][vc_row][vc_column css_animation=&#8221;bottom-to-top&#8221; width=&#8221;1\/3&#8243;][\/vc_column][vc_column width=&#8221;2\/3&#8243;][vc_column_text]<\/p>\n<div class=\"page\" title=\"Page 5\">\n<div class=\"layoutArea\">\n<div class=\"column\">\n<h2>Panoramica degli elementi principali<\/h2>\n<\/div>\n<\/div>\n<\/div>\n<p>[\/vc_column_text][\/vc_column][\/vc_row][vc_row gap=&#8221;5&#8243; equal_height=&#8221;yes&#8221; content_placement=&#8221;top&#8221;][vc_column css_animation=&#8221;bottom-to-top&#8221; width=&#8221;1\/3&#8243; css=&#8221;.vc_custom_1495121371398{background-color: #f7f7f7 !important;}&#8221;][vc_column_text]<\/p>\n<div class=\"page\" title=\"Page 5\">\n<div class=\"layoutArea\">\n<h2><span style=\"color: #ff0000;\"><span style=\"color: #da291c;\">1.<\/span> <\/span><\/h2>\n<h2>Conformit\u00e0 al piano degli studi<\/h2>\n<\/div>\n<\/div>\n<p>[\/vc_column_text][\/vc_column][vc_column css_animation=&#8221;top-to-bottom&#8221; width=&#8221;2\/3&#8243; css=&#8221;.vc_custom_1495121379869{background-color: #f7f7f7 !important;}&#8221;][vc_column_text css_animation=&#8221;bottom-to-top&#8221;]Il Atlante Mondiale Svizzero \u00e8 in linea con il Piano di studio (3\u00b0 ciclo) per le scuole secondarie e con il piano quadro degli studi della Conferenza svizzera dei direttori cantonali della pubblica educazione (CDPE) per la scuola media. La necessaria prospettiva orientata alla competenza si manifesta sin dalla parte introduttiva (pagine 22\u201323). L\u2019Atlante promuove il pensiero interdisciplinare e interconnesso, sostiene la didattica orientata verso i problemi e fornisce un importante contributo all\u2019istruzione, per uno sviluppo sostenibile.[\/vc_column_text][\/vc_column][\/vc_row][vc_row gap=&#8221;5&#8243; equal_height=&#8221;yes&#8221; content_placement=&#8221;top&#8221;][vc_column css_animation=&#8221;bottom-to-top&#8221; width=&#8221;1\/3&#8243; css=&#8221;.vc_custom_1495121371398{background-color: #f7f7f7 !important;}&#8221;][vc_column_text]<\/p>\n<div class=\"page\" title=\"Page 5\">\n<div class=\"layoutArea\">\n<h2><span style=\"color: #da291c;\">2. <\/span><\/h2>\n<h2>Parte introduttiva<\/h2>\n<\/div>\n<\/div>\n<p>[\/vc_column_text][\/vc_column][vc_column css_animation=&#8221;top-to-bottom&#8221; width=&#8221;2\/3&#8243; css=&#8221;.vc_custom_1495121379869{background-color: #f7f7f7 !important;}&#8221;][vc_column_text css_animation=&#8221;bottom-to-top&#8221;]La parte introduttiva dell\u2019Atlante Mondiale Svizzero presenta i principi fondamentali della geoinformazione riferita al territorio e della cartografia, illustra diversi tipi di carte e stimola la realizzazione di un lavoro cartografico orientato alle competenze.[\/vc_column_text][vc_icon type=&#8221;material&#8221; icon_material=&#8221;vc-material vc-material-arrow_forward&#8221; color=&#8221;custom&#8221; background_style=&#8221;rounded&#8221; size=&#8221;sm&#8221; custom_color=&#8221;#ff0000&#8243; link=&#8221;url:\/it\/materiali\/?fwp_regionen=introduzione-taxit&#8221;][\/vc_column][\/vc_row][vc_row gap=&#8221;5&#8243; equal_height=&#8221;yes&#8221; content_placement=&#8221;top&#8221;][vc_column css_animation=&#8221;bottom-to-top&#8221; width=&#8221;1\/3&#8243; css=&#8221;.vc_custom_1495121371398{background-color: #f7f7f7 !important;}&#8221;][vc_column_text]<\/p>\n<div class=\"page\" title=\"Page 5\">\n<div class=\"layoutArea\">\n<h2><span style=\"color: #ff0000;\"><span style=\"color: #da291c;\">3.<\/span> <\/span><\/h2>\n<h2>Carte economiche<\/h2>\n<\/div>\n<\/div>\n<p>[\/vc_column_text][\/vc_column][vc_column css_animation=&#8221;top-to-bottom&#8221; width=&#8221;2\/3&#8243; css=&#8221;.vc_custom_1495121379869{background-color: #f7f7f7 !important;}&#8221;][vc_column_text css_animation=&#8221;bottom-to-top&#8221;]Per le carte economiche \u00e8 stata calcolata in tutto il mondo la forza economica dei centri urbani, raffigurata mediante simboli proporzionali. Inoltre vengono mostrate le aree di estrazione di materie prime e l\u2019intensit\u00e0 di sfruttamento agricolo (terreni agricoli e pascoli). La nuova carta economica della Svizzera contiene inoltre una suddivisione dettagliata in settori economici.[\/vc_column_text][vc_icon type=&#8221;material&#8221; icon_material=&#8221;vc-material vc-material-arrow_forward&#8221; color=&#8221;custom&#8221; background_style=&#8221;rounded&#8221; size=&#8221;sm&#8221; custom_color=&#8221;#ff0000&#8243; link=&#8221;url:\/it\/materiali\/?fwp_themen=situazione-economica-taxit&#8221;][\/vc_column][\/vc_row][vc_row gap=&#8221;5&#8243; equal_height=&#8221;yes&#8221; content_placement=&#8221;top&#8221;][vc_column css_animation=&#8221;bottom-to-top&#8221; width=&#8221;1\/3&#8243; css=&#8221;.vc_custom_1495121371398{background-color: #f7f7f7 !important;}&#8221;][vc_column_text]<\/p>\n<div class=\"page\" title=\"Page 5\">\n<div class=\"layoutArea\">\n<h2><span style=\"color: #ff0000;\"><span style=\"color: #da291c;\">4.<\/span> <\/span><\/h2>\n<h2>Immagine e aiuti alla navigazione<\/h2>\n<\/div>\n<\/div>\n<p>[\/vc_column_text][\/vc_column][vc_column css_animation=&#8221;top-to-bottom&#8221; width=&#8221;2\/3&#8243; css=&#8221;.vc_custom_1495121379869{background-color: #f7f7f7 !important;}&#8221;][vc_column_text css_animation=&#8221;bottom-to-top&#8221;]L\u2019Atlante Mondiale Svizzero ha una immagine al passo coi tempi. I formati delle carte sono stati unificati e il layout alleggerito. L\u2019Atlante \u00e8 arricchito da un indice dei contenuti e dei temi di facile consultazione, nonch\u00e9 da un ampio indice analitico e dei nomi. Completa il volume di 256 pagine un\u2019interessante panoramica dei paesi con le relative bandiere. L\u2019Atlante Mondiale Svizzero \u00e8 stato inoltre dotato di nuovi aiuti utili alla navigazione, come il registro delle pagine o la legenda generale pieghevole che consente di ottenere una panoramica dei contenuti e ne facilita la gestione.[\/vc_column_text][\/vc_column][\/vc_row][vc_row gap=&#8221;5&#8243; equal_height=&#8221;yes&#8221; content_placement=&#8221;top&#8221;][vc_column css_animation=&#8221;bottom-to-top&#8221; width=&#8221;1\/3&#8243; css=&#8221;.vc_custom_1495121371398{background-color: #f7f7f7 !important;}&#8221;][vc_column_text]<\/p>\n<div class=\"page\" title=\"Page 5\">\n<div class=\"layoutArea\">\n<h2><span style=\"color: #da291c;\">5. <\/span><\/h2>\n<h2>Temi attuali<\/h2>\n<\/div>\n<\/div>\n<p>[\/vc_column_text][\/vc_column][vc_column css_animation=&#8221;top-to-bottom&#8221; width=&#8221;2\/3&#8243; css=&#8221;.vc_custom_1495121379869{background-color: #f7f7f7 !important;}&#8221;][vc_column_text css_animation=&#8221;bottom-to-top&#8221;]Numerose carte trattano temi attuali, come l\u2019ambiente, l\u2019energia, i pericoli naturali, i conflitti, ecc. Le classiche carte in rilievo sono integrate da immagini satellitari ad alta definizione di forme caratteristiche di paesaggio. Per situazioni specifiche o elementi geografici complessi, sono stati sviluppati nuovi grafici informativi chiari, come profili o prospettive.[\/vc_column_text][vc_icon type=&#8221;material&#8221; icon_material=&#8221;vc-material vc-material-arrow_forward&#8221; color=&#8221;custom&#8221; background_style=&#8221;rounded&#8221; size=&#8221;sm&#8221; custom_color=&#8221;#ff0000&#8243; link=&#8221;\/it\/materiali\/?fwp_themen=relazione-uomo-ambiente-taxit&#8221;][\/vc_column][\/vc_row][vc_row gap=&#8221;5&#8243; equal_height=&#8221;yes&#8221; content_placement=&#8221;top&#8221;][vc_column css_animation=&#8221;bottom-to-top&#8221; width=&#8221;1\/3&#8243; css=&#8221;.vc_custom_1495121371398{background-color: #f7f7f7 !important;}&#8221;][vc_column_text]<\/p>\n<div class=\"page\" title=\"Page 5\">\n<div class=\"layoutArea\">\n<h2><span style=\"color: #da291c;\">6. <\/span><\/h2>\n<h2>Contenuti apprezzati<\/h2>\n<\/div>\n<\/div>\n<p>[\/vc_column_text][\/vc_column][vc_column css_animation=&#8221;top-to-bottom&#8221; width=&#8221;2\/3&#8243; css=&#8221;.vc_custom_1495121379869{background-color: #f7f7f7 !important;}&#8221;][vc_column_text css_animation=&#8221;bottom-to-top&#8221;]Con oltre 430 carte e rappresentazioni, l&#8217;Atlante Mondiale Svizzero fornisce un quadro completo della Terra. Carte sinottiche uniformi su topografia, struttura politica e situazione economica di paesi, regioni o continenti consentono di effettuare agevoli confronti tra un&#8217;area geografica e l&#8217;altra. Inoltre \u00e8 possibile collegare razionalmente aspetti tematici diversi. Questa ampia visione generale \u00e8 completata da carte tematiche relative al clima, alla geologia o alla densit\u00e0 di popolazione.[\/vc_column_text][\/vc_column][\/vc_row][vc_row gap=&#8221;5&#8243; equal_height=&#8221;yes&#8221; content_placement=&#8221;top&#8221;][vc_column css_animation=&#8221;bottom-to-top&#8221; width=&#8221;1\/3&#8243; css=&#8221;.vc_custom_1495121371398{background-color: #f7f7f7 !important;}&#8221;][vc_column_text]<\/p>\n<div class=\"page\" title=\"Page 5\">\n<div class=\"layoutArea\">\n<h2><span style=\"color: #ff0000;\"><span style=\"color: #da291c;\">7.<\/span> <\/span><\/h2>\n<h2>Approccio esemplificativo<\/h2>\n<\/div>\n<\/div>\n<p>[\/vc_column_text][\/vc_column][vc_column css_animation=&#8221;top-to-bottom&#8221; width=&#8221;2\/3&#8243; css=&#8221;.vc_custom_1495121379869{background-color: #f7f7f7 !important;}&#8221;][vc_column_text css_animation=&#8221;bottom-to-top&#8221;]Per mezzo di carte dettagliate su grande scala relative a regioni o citt\u00e0, l&#8217;Atlante adotta un approccio esemplificativo volto a illustrare anche situazioni, fenomeni o processi geografici specifici.[\/vc_column_text][\/vc_column][\/vc_row][vc_row gap=&#8221;5&#8243; equal_height=&#8221;yes&#8221; content_placement=&#8221;top&#8221;][vc_column css_animation=&#8221;bottom-to-top&#8221; width=&#8221;1\/3&#8243; css=&#8221;.vc_custom_1495121371398{background-color: #f7f7f7 !important;}&#8221;][vc_column_text]<\/p>\n<div class=\"page\" title=\"Page 5\">\n<div class=\"layoutArea\">\n<h2><span style=\"color: #da291c;\">8. <\/span><\/h2>\n<h2>Uniformazione<\/h2>\n<\/div>\n<\/div>\n<p>[\/vc_column_text][\/vc_column][vc_column css_animation=&#8221;top-to-bottom&#8221; width=&#8221;2\/3&#8243; css=&#8221;.vc_custom_1495121379869{background-color: #f7f7f7 !important;}&#8221;][vc_column_text css_animation=&#8221;bottom-to-top&#8221;]Le carte, in particolare le piantine urbane e varie carte tematiche, sono state uniformate dal punto di vista sia del contenuto che del layout, al fine di agevolarne i confronti.[\/vc_column_text][\/vc_column][\/vc_row][vc_row gap=&#8221;5&#8243; equal_height=&#8221;yes&#8221; content_placement=&#8221;top&#8221;][vc_column css_animation=&#8221;bottom-to-top&#8221; width=&#8221;1\/3&#8243; css=&#8221;.vc_custom_1495121371398{background-color: #f7f7f7 !important;}&#8221;][vc_column_text]<\/p>\n<div class=\"page\" title=\"Page 5\">\n<div class=\"layoutArea\">\n<h2><span style=\"color: #ff0000;\"><span style=\"color: #da291c;\">9.<\/span> <\/span><\/h2>\n<h2>Strumenti interattivi e materiale supplementare<\/h2>\n<\/div>\n<\/div>\n<p>[\/vc_column_text][\/vc_column][vc_column css_animation=&#8221;top-to-bottom&#8221; width=&#8221;2\/3&#8243; css=&#8221;.vc_custom_1495121379869{background-color: #f7f7f7 !important;}&#8221;][vc_column_text css_animation=&#8221;bottom-to-top&#8221;]Nel sito web si trova un catalogo di tutte le carte dell&#8217;Atlante Mondiale Svizzero, contenente materiali supplementari, tra cui commenti alle carte e spiegazioni didattiche. Nel catalogo sono integrati nuovi strumenti che consentono l&#8217;accesso interattivo a temi speciali, quali ad esempio la forma della Terra.[\/vc_column_text][vc_icon type=&#8221;material&#8221; icon_material=&#8221;vc-material vc-material-arrow_forward&#8221; color=&#8221;custom&#8221; background_style=&#8221;rounded&#8221; size=&#8221;sm&#8221; custom_color=&#8221;#ff0000&#8243; link=&#8221;url:\/it\/materiali\/?fwp_material=tool-interattivo&#8221;][\/vc_column][\/vc_row][vc_row][vc_column css_animation=&#8221;bottom-to-top&#8221; width=&#8221;1\/3&#8243;][vc_empty_space height=&#8221;80px&#8221;][vc_single_image image=&#8221;19638&#8243; img_size=&#8221;large&#8221;][\/vc_column][vc_column width=&#8221;2\/3&#8243;][vc_empty_space height=&#8221;80px&#8221;][vc_column_text]<\/p>\n<h1><span style=\"color: #ff0000;\"><span style=\"color: #da291c;\">Fatti e cifre<\/span><br \/>\n<\/span><\/h1>\n<p>[\/vc_column_text][\/vc_column][\/vc_row][vc_row gap=&#8221;5&#8243; equal_height=&#8221;yes&#8221; content_placement=&#8221;top&#8221;][vc_column css_animation=&#8221;bottom-to-top&#8221; width=&#8221;1\/3&#8243; css=&#8221;.vc_custom_1495121371398{background-color: #f7f7f7 !important;}&#8221;][\/vc_column][vc_column css_animation=&#8221;top-to-bottom&#8221; width=&#8221;1\/3&#8243; css=&#8221;.vc_custom_1496158602558{background-color: #f7f7f7 !important;}&#8221;][vc_column_text]<\/p>\n<h2>Formati<\/h2>\n<p>[\/vc_column_text][vc_toggle title=&#8221;&#8221; style=&#8221;round&#8221; color=&#8221;juicy_pink&#8221;]Ci sono sei formati di carte uniformi. Questi vengono utilizzati per il 90% nell&#8217;Atlante. Il resto ricade in diversi formati speciali. Il formato pi\u00f9 utilizzato da 114 carte \u00e8 il formato dove la carta occupa met\u00e0 della pagina.[\/vc_toggle][vc_empty_space][\/vc_column][vc_column css_animation=&#8221;bottom-to-top&#8221; width=&#8221;1\/3&#8243; css=&#8221;.vc_custom_1495121391064{background-color: #f7f7f7 !important;}&#8221;][vc_column_text]<\/p>\n<h2>Superficie<\/h2>\n<p>[\/vc_column_text][vc_toggle title=&#8221;&#8221; style=&#8221;round&#8221; color=&#8221;juicy_pink&#8221;]Se si tagliassero le singole pagine dell&#8217;Atlante Mondiale Svizzero e si mettessero le une accanto alle altre, si coprirebbe la superficie di un posto auto (ca. 10 m<sup>2<\/sup>).[\/vc_toggle][vc_empty_space][\/vc_column][\/vc_row][vc_row gap=&#8221;5&#8243; equal_height=&#8221;yes&#8221; content_placement=&#8221;top&#8221;][vc_column css_animation=&#8221;top-to-bottom&#8221; width=&#8221;1\/3&#8243; css=&#8221;.vc_custom_1496158602558{background-color: #f7f7f7 !important;}&#8221;][vc_column_text]<\/p>\n<h2>Nomi geografici<\/h2>\n<p>[\/vc_column_text][vc_toggle title=&#8221;&#8221; style=&#8221;round&#8221; color=&#8221;juicy_pink&#8221;]Nel registro della versione tedesca si trovano in totale 19&#8217;166 nomi. Nell&#8217;edizione francese sono 19&#8217;200 e in quella italiana 19&#8217;213. 15&#8217;600 nomi sono identici nelle tre lingue.[\/vc_toggle][vc_empty_space][\/vc_column][vc_column css_animation=&#8221;bottom-to-top&#8221; width=&#8221;1\/3&#8243; css=&#8221;.vc_custom_1495121371398{background-color: #f7f7f7 !important;}&#8221;][vc_column_text]<\/p>\n<h2>Superlativo<\/h2>\n<p>[\/vc_column_text][vc_toggle title=&#8221;&#8221; style=&#8221;round&#8221; color=&#8221;juicy_pink&#8221;]La parola pi\u00f9 lunga contenuta nell\u2019Atlante ha 58 caratteri ed \u00e8 il nome di una localit\u00e0 del Galles: \u00ab<a href=\"https:\/\/it.wikipedia.org\/wiki\/Llanfairpwllgwyngyllgogerychwyrndrobwllllantysiliogogogoch\">Llanfairpwllgwyngyllgogerychwyrndro<br \/>\nbwllllantysiliogogogoch<\/a>\u00bb.<\/p>\n<p>Le parole pi\u00f9 brevi dell\u2019Atlante Mondiale Svizzero sono composte da due sole lettere e sono: \u00abAa\u00bb, \u00abBo\u00bb, \u00abK2\u00bb, \u00abKa\u00bb, \u00abOb\u00bb, \u00abPo\u00bb e \u00abRe\u00bb.[\/vc_toggle][vc_empty_space][\/vc_column][vc_column css_animation=&#8221;bottom-to-top&#8221; width=&#8221;1\/3&#8243; css=&#8221;.vc_custom_1495121391064{background-color: #f7f7f7 !important;}&#8221;][vc_column_text]<\/p>\n<h2>Le ultime<\/h2>\n<p>[\/vc_column_text][vc_toggle title=&#8221;&#8221; style=&#8221;round&#8221; color=&#8221;juicy_pink&#8221;]Le ultime carte create nell&#8217;edizione stampata sono le &#8220;Formazioni particolari di costellazioni&#8221;.[\/vc_toggle][vc_empty_space][\/vc_column][\/vc_row][vc_row gap=&#8221;5&#8243; equal_height=&#8221;yes&#8221; content_placement=&#8221;top&#8221;][vc_column css_animation=&#8221;bottom-to-top&#8221; width=&#8221;1\/3&#8243; css=&#8221;.vc_custom_1495121371398{background-color: #f7f7f7 !important;}&#8221;][vc_column_text]<\/p>\n<h2>Favoriti<\/h2>\n<p>[\/vc_column_text][vc_toggle title=&#8221;&#8221; style=&#8221;round&#8221; color=&#8221;juicy_pink&#8221;]La carta, dove sono stati effettuati pi\u00f9 accessi, nell\u2019Atlante mondiale svizzero interattivo \u00e8 \u201cTerra, Visione d\u2019insieme\u201d con un totale di 6423 accessi a partire dal 2013, seguito da \u201cTerra, Rilievo\u201d.[\/vc_toggle][vc_empty_space][\/vc_column][vc_column css_animation=&#8221;top-to-bottom&#8221; width=&#8221;1\/3&#8243; css=&#8221;.vc_custom_1496158602558{background-color: #f7f7f7 !important;}&#8221;][vc_column_text]<\/p>\n<h2>Nome proprio<\/h2>\n<p>[\/vc_column_text][vc_toggle title=&#8221;&#8221; style=&#8221;round&#8221; color=&#8221;juicy_pink&#8221;]La parola \u00abAtlante\u00bb viene nominata nel libro 15 volte (7 volte nella parte delle carte, 8 volte nella parte introduttiva).[\/vc_toggle][vc_empty_space][\/vc_column][vc_column css_animation=&#8221;bottom-to-top&#8221; width=&#8221;1\/3&#8243; css=&#8221;.vc_custom_1495121391064{background-color: #f7f7f7 !important;}&#8221;][\/vc_column][\/vc_row]<\/p>\n<\/div>","protected":false},"excerpt":{"rendered":"<p>[vc_row][vc_column css_animation=&#8221;bottom-to-top&#8221; width=&#8221;2\/3&#8243;][vc_empty_space height=&#8221;60px&#8221;][vc_column_text]Edizione di stampa[\/vc_column_text][vc_column_text] L&#8217;edizione stampata \u00e8 strutturata e i suoi contenuti sono strutturati come segue. [\/vc_column_text][\/vc_column][vc_column width=&#8221;1\/3&#8243;][\/vc_column][\/vc_row][vc_row][vc_column css_animation=&#8221;bottom-to-top&#8221; width=&#8221;1\/3&#8243;][vc_column_text] Ordinare l\u2019Atlante [\/vc_column_text][vc_icon type=&#8221;material&#8221; icon_material=&#8221;vc-material vc-material-arrow_forward&#8221; color=&#8221;custom&#8221; background_style=&#8221;rounded&#8221; size=&#8221;sm&#8221; custom_color=&#8221;#ff0000&#8243; link=&#8221;url:\/it\/ordinare-latlante\/&#8221;][\/vc_column][vc_column width=&#8221;2\/3&#8243;][vc_single_image image=&#8221;18806&#8243; img_size=&#8221;large&#8221;][\/vc_column][\/vc_row][vc_row][vc_column css_animation=&#8221;bottom-to-top&#8221; width=&#8221;1\/3&#8243;][\/vc_column][vc_column width=&#8221;2\/3&#8243;][vc_column_text] Panoramica degli elementi principali [\/vc_column_text][\/vc_column][\/vc_row][vc_row gap=&#8221;5&#8243; equal_height=&#8221;yes&#8221; content_placement=&#8221;top&#8221;][vc_column css_animation=&#8221;bottom-to-top&#8221; width=&#8221;1\/3&#8243; css=&#8221;.vc_custom_1495121371398{background-color: #f7f7f7 !important;}&#8221;][vc_column_text] 1. Conformit\u00e0 al [&hellip;]<\/p>\n","protected":false},"author":7,"featured_media":0,"parent":0,"menu_order":0,"comment_status":"closed","ping_status":"closed","template":"page-templates\/full_width_no_title.php","meta":{"_acf_changed":false,"footnotes":""},"class_list":["post-17842","page","type-page","status-publish","hentry"],"acf":[],"_links":{"self":[{"href":"https:\/\/www.schweizerweltatlas.ch\/it\/wp-json\/wp\/v2\/pages\/17842","targetHints":{"allow":["GET"]}}],"collection":[{"href":"https:\/\/www.schweizerweltatlas.ch\/it\/wp-json\/wp\/v2\/pages"}],"about":[{"href":"https:\/\/www.schweizerweltatlas.ch\/it\/wp-json\/wp\/v2\/types\/page"}],"author":[{"embeddable":true,"href":"https:\/\/www.schweizerweltatlas.ch\/it\/wp-json\/wp\/v2\/users\/7"}],"replies":[{"embeddable":true,"href":"https:\/\/www.schweizerweltatlas.ch\/it\/wp-json\/wp\/v2\/comments?post=17842"}],"version-history":[{"count":4,"href":"https:\/\/www.schweizerweltatlas.ch\/it\/wp-json\/wp\/v2\/pages\/17842\/revisions"}],"predecessor-version":[{"id":22719,"href":"https:\/\/www.schweizerweltatlas.ch\/it\/wp-json\/wp\/v2\/pages\/17842\/revisions\/22719"}],"wp:attachment":[{"href":"https:\/\/www.schweizerweltatlas.ch\/it\/wp-json\/wp\/v2\/media?parent=17842"}],"curies":[{"name":"wp","href":"https:\/\/api.w.org\/{rel}","templated":true}]}}