{"id":17309,"date":"2017-06-14T15:40:22","date_gmt":"2017-06-14T13:40:22","guid":{"rendered":"https:\/\/www.schweizerweltatlas.ch\/swaweb\/informazioni-sui-materiali\/"},"modified":"2024-09-30T12:45:42","modified_gmt":"2024-09-30T10:45:42","slug":"informazioni-sui-materiali","status":"publish","type":"page","link":"https:\/\/www.schweizerweltatlas.ch\/it\/informazioni-sui-materiali\/","title":{"rendered":"Informazioni sui materiali"},"content":{"rendered":"<div class=\"wpb-content-wrapper\"><p>[vc_row][vc_column width=&#8221;2\/3&#8243;][vc_empty_space height=&#8221;60px&#8221;][vc_column_text]<strong>Informazioni sui materiali<\/strong>[\/vc_column_text][vc_column_text]<\/p>\n<h1>Per le carte comprese nell&#8217;Atlante Mondiale Svizzero \u00e8 disponibile una serie di materiali supplementari.<\/h1>\n<p>[\/vc_column_text][\/vc_column][vc_column width=&#8221;1\/3&#8243;][\/vc_column][\/vc_row][vc_row][vc_column][vc_column_text]<\/p>\n<h3>Qui illustriamo il tipo di materiali, lo scopo perseguito e i vantaggi.<\/h3>\n<p>[\/vc_column_text][\/vc_column][\/vc_row][vc_row][vc_column width=&#8221;1\/12&#8243;][vc_single_image image=&#8221;21138&#8243; img_size=&#8221;60&#215;60&#8243; alignment=&#8221;center&#8221; onclick=&#8221;custom_link&#8221; css=&#8221;&#8221; link=&#8221;\/materiali\/&#8221;][\/vc_column][vc_column width=&#8221;3\/12&#8243;][vc_empty_space height=&#8221;12px&#8221;][vc_toggle title=&#8221;Vista griglia&#8221; style=&#8221;arrow&#8221; size=&#8221;sm&#8221;]I risultati della ricerca vengono presentati sotto forma di mattonelle. Miniature grandi extra illustrano la presente molteplicit\u00e0 delle carte e invitano a dare un\u2019occhiata.[\/vc_toggle][\/vc_column][vc_column width=&#8221;1\/12&#8243;][vc_single_image image=&#8221;21139&#8243; img_size=&#8221;60&#215;60&#8243; alignment=&#8221;center&#8221; onclick=&#8221;custom_link&#8221; css=&#8221;&#8221; link=&#8221;\/vistaelenco\/&#8221;][\/vc_column][vc_column width=&#8221;3\/12&#8243;][vc_empty_space height=&#8221;12px&#8221;][vc_toggle title=&#8221;Vista elenco&#8221; style=&#8221;arrow&#8221; size=&#8221;sm&#8221;]I risultati della ricerca vengono presentati in una lista compatta. Inoltre, offre una buona panoramica di ciascuna carta ad ognuno dei materiali aggiuntivi proposti.[\/vc_toggle][\/vc_column][vc_column width=&#8221;1\/12&#8243;][vc_single_image image=&#8221;21693&#8243; img_size=&#8221;60&#215;60&#8243; alignment=&#8221;center&#8221; onclick=&#8221;custom_link&#8221; link=&#8221;..\/globo-virtuali\/&#8221;][\/vc_column][vc_column width=&#8221;3\/12&#8243;][vc_empty_space height=&#8221;12px&#8221;][vc_toggle title=&#8221;Globo virtuali&#8221; style=&#8221;arrow&#8221; size=&#8221;sm&#8221;]Le porzioni di territorio mappate proiettate sul 3D-Globus. Scoperta interattiva di paesi, regioni, citt\u00e0 e immagini satellitari tramite le funzioni di zoom, rotazione e selezione.[\/vc_toggle][\/vc_column][\/vc_row][vc_row gap=&#8221;5&#8243; equal_height=&#8221;yes&#8221; content_placement=&#8221;top&#8221;][vc_column css_animation=&#8221;bottom-to-top&#8221; width=&#8221;1\/3&#8243; css=&#8221;.vc_custom_1495121371398{background-color: #f7f7f7 !important;}&#8221;][vc_column_text]<\/p>\n<h2><span style=\"color: #da291c;\">Carta muta<\/span><\/h2>\n<p>[\/vc_column_text][vc_single_image image=&#8221;11805&#8243; img_size=&#8221;large&#8221; style=&#8221;vc_box_shadow&#8221; onclick=&#8221;link_image&#8221;][\/vc_column][vc_column css_animation=&#8221;top-to-bottom&#8221; width=&#8221;2\/3&#8243; css=&#8221;.vc_custom_1496158602558{background-color: #f7f7f7 !important;}&#8221;][vc_column_text]Una carta muta \u00e8 una carta senza diciture che pu\u00f2 essere ad esempio utilizzata come base per registrare elementi territoriali propri.<\/p>\n<p>&nbsp;<\/p>\n<p>Le carte mute in offerta sono concepite per l&#8217;uso insieme all&#8217;Atlante Mondiale Svizzero durante le lezioni. Esse contengono diversi livelli, come confini, corsi d&#8217;acqua, rilievi, ecc., che si possono inserire o escludere direttamente nel file PDF. Inoltre, la struttura politica, la topografia e il rilievo delle aree geografiche selezionate sono disponibili per il download come immagini JPEG.<\/p>\n<p>&nbsp;<\/p>\n<p><strong>Nota:<\/strong> Per visualizzare e nascondere i livelli nelle mappe muta, si consiglia Adobe Acrobat Reader. Il Javascript richiesto non \u00e8 supportato nel browser e nell&#8217;anteprima Mac.[\/vc_column_text][vc_icon type=&#8221;material&#8221; icon_material=&#8221;vc-material vc-material-arrow_forward&#8221; color=&#8221;custom&#8221; background_style=&#8221;rounded&#8221; size=&#8221;sm&#8221; custom_color=&#8221;#ff0000&#8243; link=&#8221;url:%2Fit%2Fmateriali%2F%3Ffwp_material%3Dcarta_muta|||&#8221;][vc_column_text]<a href=\"https:\/\/www.schweizerweltatlas.ch\/it\/materiali\/?fwp_material=carta_muta\">Tutte le carte con carta muta<\/a>[\/vc_column_text][\/vc_column][\/vc_row][vc_row gap=&#8221;5&#8243; equal_height=&#8221;yes&#8221; content_placement=&#8221;top&#8221;][vc_column css_animation=&#8221;bottom-to-top&#8221; width=&#8221;1\/3&#8243; css=&#8221;.vc_custom_1495121371398{background-color: #f7f7f7 !important;}&#8221;][vc_column_text]<\/p>\n<h2><span style=\"color: #da291c;\">Commento alla carta<\/span><\/h2>\n<p>[\/vc_column_text][vc_single_image image=&#8221;18225&#8243; img_size=&#8221;large&#8221; style=&#8221;vc_box_shadow&#8221; onclick=&#8221;link_image&#8221;][vc_empty_space][\/vc_column][vc_column css_animation=&#8221;top-to-bottom&#8221; width=&#8221;2\/3&#8243; css=&#8221;.vc_custom_1496158602558{background-color: #f7f7f7 !important;}&#8221;][vc_column_text]Il commento si rivolge sia agli studenti che agli insegnanti e a tutti gli altri interessati. Lo scopo \u00e8 facilitare l&#8217;accesso alla carta e trasmettere delle conoscenze basilari sul territorio o sul tema.<\/p>\n<p>Inoltre \u00e8 possibile mettere a confronto le proprie deduzioni e supposizioni. L&#8217;inserimento della carta in un contesto generale incentiva il pensiero interdisciplinare. I rimandi ad altre carte dell&#8217;Atlante Mondiale Svizzero mostrano ulteriori connessioni. Tutti i commenti presentano la stessa struttura del capitolo \u00abCompetenza e lavoro di redazione delle carte\u00bb (pagg. 22-23) dell&#8217;Atlante:<\/p>\n<ol>\n<li>Avantesto con introduzione al tema<\/li>\n<li>Ubicazione (dove si trova?) e caratteristiche (come si presenta?)<\/li>\n<li>Cause e circostanze (perch\u00e9 si trova l\u00ec?)<\/li>\n<li>Effetti (quali effetti ha?)<\/li>\n<li>Soluzioni (come dovrebbe presentarsi per essere reciprocamente utile?)<\/li>\n<li>Altro<\/li>\n<li>Fonti<\/li>\n<\/ol>\n<p>[\/vc_column_text][vc_icon type=&#8221;material&#8221; icon_material=&#8221;vc-material vc-material-arrow_forward&#8221; color=&#8221;custom&#8221; background_style=&#8221;rounded&#8221; size=&#8221;sm&#8221; custom_color=&#8221;#ff0000&#8243; link=&#8221;url:\/it\/materiali\/?fwp_material=commento&#8221;][vc_column_text]<a href=\"https:\/\/www.schweizerweltatlas.ch\/it\/materiali\/?fwp_material=commento\">Tutte le carte con commenti alle carte<\/a>[\/vc_column_text][\/vc_column][\/vc_row][vc_row gap=&#8221;5&#8243; equal_height=&#8221;yes&#8221; content_placement=&#8221;top&#8221;][vc_column css_animation=&#8221;bottom-to-top&#8221; width=&#8221;1\/3&#8243; css=&#8221;.vc_custom_1495121371398{background-color: #f7f7f7 !important;}&#8221;][vc_column_text]<\/p>\n<h2><span style=\"color: #da291c;\">Spiegazioni didattiche<\/span><\/h2>\n<p>[\/vc_column_text][vc_single_image image=&#8221;18248&#8243; img_size=&#8221;large&#8221; style=&#8221;vc_box_shadow&#8221; onclick=&#8221;link_image&#8221;][vc_empty_space][\/vc_column][vc_column css_animation=&#8221;top-to-bottom&#8221; width=&#8221;2\/3&#8243; css=&#8221;.vc_custom_1496158602558{background-color: #f7f7f7 !important;}&#8221;][vc_column_text]L&#8217;Atlante Mondiale Svizzero \u00e8 uno strumento didattico del tutto speciale. Contrariamente ai normali ausili, l&#8217;Atlante viene impiegato nei pi\u00f9 svariati tipi e gradi di scuola. Il suo contenuto non \u00e8 classificato in base a livelli crescenti di requisiti, ma per aree geografiche ed elementi tematici.<\/p>\n<p>La densit\u00e0 e la vastit\u00e0 delle informazioni geografiche contenute nell&#8217;Atlante Mondiale Svizzero richiede l&#8217;inquadramento delle singole carte nel sistema didattico-pedagogico. Le spiegazioni didattiche si rivolgono principalmente agli insegnanti di geografia che, tenendo conto del dibattito e dei paradigmi attuali, quali analisi, riduzione didattica, orientamento all&#8217;obiettivo di apprendimento, alla competenza e alla interdisciplinariet\u00e0, desiderano basarsi sulla specifica carta. L&#8217;obiettivo consiste nell&#8217;organizzare l&#8217;impiego delle carte durante le lezioni affinch\u00e9 sia conforme ai requisiti della politica dell&#8217;istruzione, ma anche adatto ai singoli studenti. Inoltre, nell&#8217;ottica della formazione permanente, le spiegazioni sono indirizzate a tutte le persone interessate che desiderano aumentare la propria conoscenza del territorio e soddisfare la propria curiosit\u00e0 riguardo alla Terra.[\/vc_column_text][vc_icon type=&#8221;material&#8221; icon_material=&#8221;vc-material vc-material-arrow_forward&#8221; color=&#8221;custom&#8221; background_style=&#8221;rounded&#8221; size=&#8221;sm&#8221; custom_color=&#8221;#ff0000&#8243; link=&#8221;url:\/it\/materiali\/?fwp_material=spiegazione-didattico&#8221;][vc_column_text]<a href=\"https:\/\/www.schweizerweltatlas.ch\/it\/materiali\/?fwp_material=spiegazione-didattico\">Tutte le carte con commenti alle carte disponibili<\/a>[\/vc_column_text][\/vc_column][\/vc_row][vc_row gap=&#8221;5&#8243; equal_height=&#8221;yes&#8221; content_placement=&#8221;top&#8221;][vc_column css_animation=&#8221;bottom-to-top&#8221; width=&#8221;1\/3&#8243; css=&#8221;.vc_custom_1495121371398{background-color: #f7f7f7 !important;}&#8221;][vc_column_text]<\/p>\n<h2><span style=\"color: #da291c;\">Tools interattivi<\/span><\/h2>\n<p>[\/vc_column_text][vc_single_image image=&#8221;18228&#8243; img_size=&#8221;large&#8221; style=&#8221;vc_box_shadow&#8221; onclick=&#8221;link_image&#8221;][\/vc_column][vc_column css_animation=&#8221;top-to-bottom&#8221; width=&#8221;2\/3&#8243; css=&#8221;.vc_custom_1496158602558{background-color: #f7f7f7 !important;}&#8221;][vc_column_text]L&#8217;Atlante Mondiale Svizzero offre strumenti interattivi che integrano le carte e le immagini comprese nel libro per una migliore comprensione.<\/p>\n<p><strong>Avvertenza<\/strong>: I Tools interattivi vengono supportati da un alto numero dei cosiddetti browser \u00abmoderni\u00bb. Tuttavia Internet Explorer 8 e versioni pi\u00f9 datate sono esclusi. I Tools sono stati testati nei browser come Firefox, Chrome, Safari, Opera e Internet Explorer 9+. Mobile Browser nei sistemi operativi come Android e iOS sono supportati. Tecnologie come JavaScript, SVG e CSS devono essere attivate.[\/vc_column_text][vc_icon type=&#8221;material&#8221; icon_material=&#8221;vc-material vc-material-arrow_forward&#8221; color=&#8221;custom&#8221; background_style=&#8221;rounded&#8221; size=&#8221;sm&#8221; custom_color=&#8221;#ff0000&#8243; link=&#8221;url:\/it\/materiali\/?fwp_material=tool-interattivo&#8221;][vc_column_text]<a href=\"https:\/\/www.schweizerweltatlas.ch\/it\/materiali\/?fwp_material=tool-interattivo\">Tutte le carte con Tools interattivi complementari<\/a>[\/vc_column_text][\/vc_column][\/vc_row][vc_row gap=&#8221;5&#8243; equal_height=&#8221;yes&#8221; content_placement=&#8221;top&#8221;][vc_column css_animation=&#8221;bottom-to-top&#8221; width=&#8221;1\/3&#8243; css=&#8221;.vc_custom_1495121371398{background-color: #f7f7f7 !important;}&#8221;][vc_column_text]<\/p>\n<h2><span style=\"color: #da291c;\">Materiale didattico supplementare<\/span><\/h2>\n<p>[\/vc_column_text][vc_single_image image=&#8221;18235&#8243; img_size=&#8221;large&#8221; style=&#8221;vc_box_shadow&#8221; onclick=&#8221;link_image&#8221;][\/vc_column][vc_column css_animation=&#8221;top-to-bottom&#8221; width=&#8221;2\/3&#8243; css=&#8221;.vc_custom_1496158602558{background-color: #f7f7f7 !important;}&#8221;][vc_column_text]Per facilitare la gestione dell&#8217;Atlante Mondiale Svizzero durante le lezioni, alcuni contenuti selezionati sono disponibili in forma sintetica per consentirne una migliore comparabilit\u00e0. Ne fanno parte:<\/p>\n<ul>\n<li>grafici su importazioni ed esportazioni<\/li>\n<li>diagrammi del clima<\/li>\n<li>panoramica dei grafici della popolazione dei paesi<\/li>\n<\/ul>\n<p>[\/vc_column_text][vc_icon type=&#8221;material&#8221; icon_material=&#8221;vc-material vc-material-arrow_forward&#8221; color=&#8221;custom&#8221; background_style=&#8221;rounded&#8221; size=&#8221;sm&#8221; custom_color=&#8221;#ff0000&#8243; link=&#8221;url:\/it\/materiali\/?fwp_material=materiali-didattici-supplementari&#8221;][vc_column_text]<a href=\"https:\/\/www.schweizerweltatlas.ch\/it\/materiali\/?fwp_material=materiali-didattici-supplementari\">Tutte le carte con materiali didattici aggiuntivi<\/a>[\/vc_column_text][\/vc_column][\/vc_row][vc_row gap=&#8221;5&#8243; equal_height=&#8221;yes&#8221; content_placement=&#8221;top&#8221;][vc_column css_animation=&#8221;bottom-to-top&#8221; width=&#8221;1\/3&#8243; css=&#8221;.vc_custom_1495121371398{background-color: #f7f7f7 !important;}&#8221;][vc_column_text]<\/p>\n<h2><span style=\"color: #da291c;\">Collegamenti esterni<\/span><\/h2>\n<p>[\/vc_column_text][vc_empty_space][\/vc_column][vc_column css_animation=&#8221;top-to-bottom&#8221; width=&#8221;2\/3&#8243; css=&#8221;.vc_custom_1496158602558{background-color: #f7f7f7 !important;}&#8221;][vc_column_text]In questa rubrica si rimanda ai contenuti di altre fonti, quali link a video, altre carte o testi.[\/vc_column_text][vc_icon type=&#8221;material&#8221; icon_material=&#8221;vc-material vc-material-arrow_forward&#8221; color=&#8221;custom&#8221; background_style=&#8221;rounded&#8221; size=&#8221;sm&#8221; custom_color=&#8221;#ff0000&#8243; link=&#8221;url:\/it\/materiali\/?fwp_material=collegamento-esterno&#8221;][vc_column_text]<a href=\"https:\/\/www.schweizerweltatlas.ch\/it\/materiali\/?fwp_material=collegamento-esterno\">Tutte le carte con link<\/a>[\/vc_column_text][\/vc_column][\/vc_row][vc_row gap=&#8221;5&#8243; equal_height=&#8221;yes&#8221; content_placement=&#8221;top&#8221;][vc_column css_animation=&#8221;bottom-to-top&#8221; width=&#8221;1\/3&#8243; css=&#8221;.vc_custom_1495121371398{background-color: #f7f7f7 !important;}&#8221;][vc_column_text]<\/p>\n<h2><span style=\"color: #da291c;\">Leggenda generale<\/span><\/h2>\n<p>[\/vc_column_text][vc_single_image image=&#8221;22884&#8243; img_size=&#8221;large&#8221; style=&#8221;vc_box_shadow&#8221; onclick=&#8221;link_image&#8221;][vc_empty_space][\/vc_column][vc_column css_animation=&#8221;top-to-bottom&#8221; width=&#8221;2\/3&#8243; css=&#8221;.vc_custom_1496158602558{background-color: #f7f7f7 !important;}&#8221;][vc_column_text]La leggenda generale \u00e8 uno strumento fondamentale dell&#8217;Atlante Mondiale Svizzero. Essa presenta tutti i simboli convenzionali utilizzati nell&#8217;Atlante, agevolando cos\u00ec la lettura della carta.[\/vc_column_text][vc_icon type=&#8221;material&#8221; icon_material=&#8221;vc-material vc-material-arrow_downward&#8221; color=&#8221;custom&#8221; background_style=&#8221;rounded&#8221; size=&#8221;xs&#8221; custom_color=&#8221;#ff0000&#8243; link=&#8221;url:\/it\/?ddownload=15184&#8243;][vc_column_text]<a href=\"https:\/\/www.schweizerweltatlas.ch\/it\/?ddownload=15184\">Scarica Legenda generale<\/a>[\/vc_column_text][\/vc_column][\/vc_row][vc_row gap=&#8221;5&#8243; equal_height=&#8221;yes&#8221; content_placement=&#8221;top&#8221;][vc_column css_animation=&#8221;bottom-to-top&#8221; width=&#8221;1\/3&#8243; css=&#8221;.vc_custom_1495121371398{background-color: #f7f7f7 !important;}&#8221;][vc_column_text]<\/p>\n<h2><span style=\"color: #da291c;\">Variazioni e correzioni<\/span><\/h2>\n<p>[\/vc_column_text][vc_empty_space][\/vc_column][vc_column css_animation=&#8221;top-to-bottom&#8221; width=&#8221;2\/3&#8243; css=&#8221;.vc_custom_1496158602558{background-color: #f7f7f7 !important;}&#8221;][vc_column_text]Le eventuali variazioni o inesattezze di una carta vengono segnalate qui.[\/vc_column_text][\/vc_column][\/vc_row][vc_row gap=&#8221;5&#8243; equal_height=&#8221;yes&#8221; content_placement=&#8221;top&#8221;][vc_column css_animation=&#8221;bottom-to-top&#8221; width=&#8221;1\/3&#8243; css=&#8221;.vc_custom_1495121371398{background-color: #f7f7f7 !important;}&#8221;][vc_column_text]<\/p>\n<h2><span style=\"color: #da291c;\">Feedback<\/span><\/h2>\n<p>[\/vc_column_text][vc_empty_space][\/vc_column][vc_column css_animation=&#8221;top-to-bottom&#8221; width=&#8221;2\/3&#8243; css=&#8221;.vc_custom_1496158602558{background-color: #f7f7f7 !important;}&#8221;][vc_column_text]La redazione accetta con piacere critiche e apprezzamenti, ma anche indicazioni e suggerimenti che possono essere relativi a una determinata carta o anche al <a href=\"https:\/\/www.schweizerweltatlas.ch\/it\/contatto\/\">contatto<\/a> complessivo.[\/vc_column_text][\/vc_column][\/vc_row]<\/p>\n<\/div>","protected":false},"excerpt":{"rendered":"<p>[vc_row][vc_column width=&#8221;2\/3&#8243;][vc_empty_space height=&#8221;60px&#8221;][vc_column_text]Informazioni sui materiali[\/vc_column_text][vc_column_text] Per le carte comprese nell&#8217;Atlante Mondiale Svizzero \u00e8 disponibile una serie di materiali supplementari. [\/vc_column_text][\/vc_column][vc_column width=&#8221;1\/3&#8243;][\/vc_column][\/vc_row][vc_row][vc_column][vc_column_text] Qui illustriamo il tipo di materiali, lo scopo perseguito e i vantaggi. [\/vc_column_text][\/vc_column][\/vc_row][vc_row][vc_column width=&#8221;1\/12&#8243;][vc_single_image image=&#8221;21138&#8243; img_size=&#8221;60&#215;60&#8243; alignment=&#8221;center&#8221; onclick=&#8221;custom_link&#8221; css=&#8221;&#8221; link=&#8221;\/materiali\/&#8221;][\/vc_column][vc_column width=&#8221;3\/12&#8243;][vc_empty_space height=&#8221;12px&#8221;][vc_toggle title=&#8221;Vista griglia&#8221; style=&#8221;arrow&#8221; size=&#8221;sm&#8221;]I risultati della ricerca vengono presentati sotto forma di [&hellip;]<\/p>\n","protected":false},"author":7,"featured_media":0,"parent":0,"menu_order":0,"comment_status":"closed","ping_status":"closed","template":"page-templates\/full_width_no_title.php","meta":{"_acf_changed":false,"footnotes":""},"class_list":["post-17309","page","type-page","status-publish","hentry"],"acf":[],"_links":{"self":[{"href":"https:\/\/www.schweizerweltatlas.ch\/it\/wp-json\/wp\/v2\/pages\/17309","targetHints":{"allow":["GET"]}}],"collection":[{"href":"https:\/\/www.schweizerweltatlas.ch\/it\/wp-json\/wp\/v2\/pages"}],"about":[{"href":"https:\/\/www.schweizerweltatlas.ch\/it\/wp-json\/wp\/v2\/types\/page"}],"author":[{"embeddable":true,"href":"https:\/\/www.schweizerweltatlas.ch\/it\/wp-json\/wp\/v2\/users\/7"}],"replies":[{"embeddable":true,"href":"https:\/\/www.schweizerweltatlas.ch\/it\/wp-json\/wp\/v2\/comments?post=17309"}],"version-history":[{"count":8,"href":"https:\/\/www.schweizerweltatlas.ch\/it\/wp-json\/wp\/v2\/pages\/17309\/revisions"}],"predecessor-version":[{"id":24205,"href":"https:\/\/www.schweizerweltatlas.ch\/it\/wp-json\/wp\/v2\/pages\/17309\/revisions\/24205"}],"wp:attachment":[{"href":"https:\/\/www.schweizerweltatlas.ch\/it\/wp-json\/wp\/v2\/media?parent=17309"}],"curies":[{"name":"wp","href":"https:\/\/api.w.org\/{rel}","templated":true}]}}