{"id":11578,"date":"2017-05-10T15:27:20","date_gmt":"2017-05-10T13:27:20","guid":{"rendered":"https:\/\/www.schweizerweltatlas.ch\/swaweb\/impressum-it\/"},"modified":"2025-01-20T09:21:31","modified_gmt":"2025-01-20T08:21:31","slug":"impressum-it","status":"publish","type":"page","link":"https:\/\/www.schweizerweltatlas.ch\/it\/impressum-it\/","title":{"rendered":"Impressum"},"content":{"rendered":"<div class=\"wpb-content-wrapper\"><p>[vc_row][vc_column width=&#8221;2\/3&#8243;][vc_empty_space height=&#8221;60px&#8221;][vc_column_text]<\/p>\n<p class=\"p1\"><strong><span class=\"s1\">Impressum<\/span><\/strong><\/p>\n<p>[\/vc_column_text][\/vc_column][vc_column width=&#8221;1\/3&#8243;][\/vc_column][\/vc_row][vc_row gap=&#8221;5&#8243; equal_height=&#8221;yes&#8221; content_placement=&#8221;top&#8221;][vc_column css_animation=&#8221;bottom-to-top&#8221; width=&#8221;1\/3&#8243; css=&#8221;.vc_custom_1495121371398{background-color: #f7f7f7 !important;}&#8221;][vc_column_text]<\/p>\n<h2>Operatore del sito internet<\/h2>\n<p>[\/vc_column_text][\/vc_column][vc_column css_animation=&#8221;top-to-bottom&#8221; width=&#8221;2\/3&#8243; css=&#8221;.vc_custom_1495121379869{background-color: #f7f7f7 !important;}&#8221;][vc_column_text css=&#8221;&#8221;]<strong>Schweizer Weltatlas<\/strong><br \/>\n<strong>ETH Z\u00fcrich<\/strong><br \/>\n<strong>Institut f\u00fcr Kartografie und Geoinformation<\/strong><br \/>\nStefano-Franscini-Platz 5<br \/>\n8093 Zurigo<br \/>\n+41 44 633 30 29<\/p>\n<p><a href=\"mailto:info@schweizerweltatlas.ch\" target=\"_blank\" rel=\"noopener noreferrer\">info@schweizerweltatlas.ch<\/a><br \/>\ntwitter: <a href=\"https:\/\/twitter.com\/swissworldatlas\" target=\"_blank\" rel=\"noopener noreferrer\">@swissworldatlas<\/a>[\/vc_column_text][\/vc_column][\/vc_row][vc_row gap=&#8221;5&#8243; equal_height=&#8221;yes&#8221; content_placement=&#8221;top&#8221;][vc_column css_animation=&#8221;bottom-to-top&#8221; width=&#8221;1\/3&#8243; css=&#8221;.vc_custom_1495121371398{background-color: #f7f7f7 !important;}&#8221;][vc_column_text]<\/p>\n<h2>Progettazione e sviluppo<\/h2>\n<p>[\/vc_column_text][\/vc_column][vc_column css_animation=&#8221;top-to-bottom&#8221; width=&#8221;2\/3&#8243; css=&#8221;.vc_custom_1495121379869{background-color: #f7f7f7 !important;}&#8221;][vc_column_text]<strong>Giessform<\/strong><br \/>\n<strong>Atelier f\u00fcr Kommunikationsdesign GmbH<\/strong><br \/>\nBr\u00fcckfeldstrasse 21<br \/>\n3012 Berna<br \/>\n<a href=\"http:\/\/www.giessform.com\" target=\"_blank\" rel=\"noopener noreferrer\">www.giessform.com<\/a>[\/vc_column_text][\/vc_column][\/vc_row][vc_row gap=&#8221;5&#8243; equal_height=&#8221;yes&#8221; content_placement=&#8221;top&#8221;][vc_column css_animation=&#8221;bottom-to-top&#8221; width=&#8221;1\/3&#8243; css=&#8221;.vc_custom_1495121371398{background-color: #f7f7f7 !important;}&#8221;][vc_column_text]<\/p>\n<h2>Traduzioni<\/h2>\n<p>[\/vc_column_text][\/vc_column][vc_column css_animation=&#8221;top-to-bottom&#8221; width=&#8221;2\/3&#8243; css=&#8221;.vc_custom_1495121379869{background-color: #f7f7f7 !important;}&#8221;][vc_column_text]<strong>\u00dcbersetzer Gruppe Z\u00fcrich GmbH<\/strong><br \/>\nSihlquai 253<br \/>\n8005 Zurigo<br \/>\n<a href=\"http:\/\/www.ugz.ch\" target=\"_blank\" rel=\"noopener noreferrer\">www.ugz.ch<\/a>[\/vc_column_text][\/vc_column][\/vc_row][vc_row gap=&#8221;5&#8243; equal_height=&#8221;yes&#8221; content_placement=&#8221;top&#8221;][vc_column css_animation=&#8221;bottom-to-top&#8221; width=&#8221;1\/3&#8243; css=&#8221;.vc_custom_1495121371398{background-color: #f7f7f7 !important;}&#8221;][vc_column_text]<\/p>\n<h2>Formulazioni utilizzate<\/h2>\n<p>[\/vc_column_text][\/vc_column][vc_column css_animation=&#8221;top-to-bottom&#8221; width=&#8221;2\/3&#8243; css=&#8221;.vc_custom_1495121379869{background-color: #f7f7f7 !important;}&#8221;][vc_column_text]In tutti i testi presenti\u00a0sul sito web \u00e9 stata utilizzata la forma maschile sottintendendo quella femminile, eccetto i casi in cui debbano essere espressamente differenziati i due generi.[\/vc_column_text][\/vc_column][\/vc_row][vc_row gap=&#8221;5&#8243; equal_height=&#8221;yes&#8221; content_placement=&#8221;top&#8221;][vc_column css_animation=&#8221;bottom-to-top&#8221; width=&#8221;1\/3&#8243; css=&#8221;.vc_custom_1495121371398{background-color: #f7f7f7 !important;}&#8221;][vc_column_text]<\/p>\n<h2>Responsabili\u00e0<\/h2>\n<p>[\/vc_column_text][\/vc_column][vc_column css_animation=&#8221;top-to-bottom&#8221; width=&#8221;2\/3&#8243; css=&#8221;.vc_custom_1495121379869{background-color: #f7f7f7 !important;}&#8221;][vc_column_text]Non \u00e8 possibile garantire la correttezza e l&#8217;accuratezza delle informazioni contenute. Nel caso in cui questo sito rimandi a siti web gestiti da terzi, l&#8217;Atlante Mondiale Svizzero non si assume alcuna responsabilit\u00e0 per il loro contenuto. L&#8217;Atlante Mondiale Svizzero si riserva espressamente il diritto di modificare, cancellare o non pubblicare temporaneamente i contenuti, in tutto o in parte, in qualsiasi momento e senza preavviso.<\/p>\n<p>Sono escluse rivendicazioni di responsabilit\u00e0 nei confronti dell&#8217;Atlante Mondiale Svizzero per danni materiali o immateriali derivanti dall&#8217;accesso, dall&#8217;uso o dal mancato uso delle informazioni pubblicate, dall&#8217;uso improprio della connessione o da guasti tecnici.[\/vc_column_text][\/vc_column][\/vc_row][vc_row gap=&#8221;5&#8243; equal_height=&#8221;yes&#8221; content_placement=&#8221;top&#8221;][vc_column css_animation=&#8221;bottom-to-top&#8221; width=&#8221;1\/3&#8243; css=&#8221;.vc_custom_1495121371398{background-color: #f7f7f7 !important;}&#8221;][vc_column_text]<\/p>\n<h2 class=\"p1\"><span class=\"s1\">Copyright<\/span><\/h2>\n<p>[\/vc_column_text][\/vc_column][vc_column css_animation=&#8221;top-to-bottom&#8221; width=&#8221;2\/3&#8243; css=&#8221;.vc_custom_1495121379869{background-color: #f7f7f7 !important;}&#8221;][vc_column_text css=&#8221;&#8221;]<\/p>\n<p class=\"p1\">Tutti i documenti online e i siti web come le loro parti sono protette da copyright e possono essere copiate o stampate solo per uso privato, scientifico e non commerciale cos\u00ec come per scopi di formazione. Senza antecedente autorizzazione scritta dell\u2019Atlante mondiale svizzero, documenti e siti web cos\u00ec come le sue parti non possono n\u00e9 essere riprodotte n\u00e9 essere salvate su altri server, memorizzate in newsgroups o servizi online o essere salvate su supporti di dati. Questo vale in modo particolare per il logo dell\u2019Atlante mondiale svizzero. La citazione dei documenti e siti web sotto una corretta indicazione delle fonti, cos\u00ec come rimandare i links sul nostro sito web \u00e8 esplicitamente consentito.<\/p>\n<p class=\"p1\">\u00a9 2025 \u00a0 Schweizer Weltatlas \u00b7 Atlas Mondial Suisse \u00b7 Atlante Mondiale Svizzero \u00b7 Swiss World Atlas<\/p>\n<p>[\/vc_column_text][\/vc_column][\/vc_row][vc_row gap=&#8221;5&#8243; equal_height=&#8221;yes&#8221; content_placement=&#8221;top&#8221;][vc_column css_animation=&#8221;bottom-to-top&#8221; width=&#8221;1\/3&#8243; css=&#8221;.vc_custom_1495121371398{background-color: #f7f7f7 !important;}&#8221;][vc_column_text]<\/p>\n<h2>Google Analytics<\/h2>\n<p>[\/vc_column_text][\/vc_column][vc_column css_animation=&#8221;top-to-bottom&#8221; width=&#8221;2\/3&#8243; css=&#8221;.vc_custom_1495121379869{background-color: #f7f7f7 !important;}&#8221;][vc_column_text]Questo sito web utilizza Google Analytics, un servizio di analisi web fornito da Google, Inc. (\u201cGoogle\u201d). Google Analytics utilizza dei \u201ccookies\u201d, che sono file di testo che vengono depositati sul Vostro computer per consentire al sito web di analizzare come gli utenti utilizzano il sito. Le informazioni generate dal cookie sull\u2019utilizzo del sito web da parte Vostra (compreso il Vostro indirizzo IP) verranno trasmesse a, e depositate presso i server di Google negli Stati Uniti. Google utilizzer\u00e0 queste informazioni allo scopo di tracciare e esaminare il Vostro utilizzo del sito web, compilare report sulle attivit\u00e0 del sito web per gli operatori del sito web e fornire altri servizi relativi alle attivit\u00e0 del sito web e all\u2019utilizzo di Internet. Google pu\u00f2 anche trasferire queste informazioni a terzi ove ci\u00f2 sia imposto dalla legge o laddove tali terzi trattino le suddette informazioni per conto di Google. Google non assocer\u00e0 il vostro indirizzo IP a nessun altro dato posseduto da Google. Potete rifiutarvi di usare i cookies selezionando l\u2019impostazione appropriata sul vostro browser, ma ci\u00f2 potrebbe impedirvi di utilizzare tutte le funzionalit\u00e0 di questo sito web. Utilizzando il presente sito web, voi acconsentite al trattamento dei Vostri dati da parte di Google per le modalit\u00e0 e i fini sopraindicati.[\/vc_column_text][\/vc_column][\/vc_row]<\/p>\n<\/div>","protected":false},"excerpt":{"rendered":"<p>[vc_row][vc_column width=&#8221;2\/3&#8243;][vc_empty_space height=&#8221;60px&#8221;][vc_column_text] Impressum [\/vc_column_text][\/vc_column][vc_column width=&#8221;1\/3&#8243;][\/vc_column][\/vc_row][vc_row gap=&#8221;5&#8243; equal_height=&#8221;yes&#8221; content_placement=&#8221;top&#8221;][vc_column css_animation=&#8221;bottom-to-top&#8221; width=&#8221;1\/3&#8243; css=&#8221;.vc_custom_1495121371398{background-color: #f7f7f7 !important;}&#8221;][vc_column_text] Operatore del sito internet [\/vc_column_text][\/vc_column][vc_column css_animation=&#8221;top-to-bottom&#8221; width=&#8221;2\/3&#8243; css=&#8221;.vc_custom_1495121379869{background-color: #f7f7f7 !important;}&#8221;][vc_column_text css=&#8221;&#8221;]Schweizer Weltatlas ETH Z\u00fcrich Institut f\u00fcr Kartografie und Geoinformation Stefano-Franscini-Platz 5 8093 Zurigo +41 44 633 30 29 info@schweizerweltatlas.ch twitter: @swissworldatlas[\/vc_column_text][\/vc_column][\/vc_row][vc_row gap=&#8221;5&#8243; equal_height=&#8221;yes&#8221; content_placement=&#8221;top&#8221;][vc_column css_animation=&#8221;bottom-to-top&#8221; width=&#8221;1\/3&#8243; css=&#8221;.vc_custom_1495121371398{background-color: #f7f7f7 !important;}&#8221;][vc_column_text] Progettazione e [&hellip;]<\/p>\n","protected":false},"author":7,"featured_media":0,"parent":0,"menu_order":0,"comment_status":"closed","ping_status":"closed","template":"page-templates\/full_width_no_title.php","meta":{"_acf_changed":false,"footnotes":""},"class_list":["post-11578","page","type-page","status-publish","hentry"],"acf":[],"_links":{"self":[{"href":"https:\/\/www.schweizerweltatlas.ch\/it\/wp-json\/wp\/v2\/pages\/11578","targetHints":{"allow":["GET"]}}],"collection":[{"href":"https:\/\/www.schweizerweltatlas.ch\/it\/wp-json\/wp\/v2\/pages"}],"about":[{"href":"https:\/\/www.schweizerweltatlas.ch\/it\/wp-json\/wp\/v2\/types\/page"}],"author":[{"embeddable":true,"href":"https:\/\/www.schweizerweltatlas.ch\/it\/wp-json\/wp\/v2\/users\/7"}],"replies":[{"embeddable":true,"href":"https:\/\/www.schweizerweltatlas.ch\/it\/wp-json\/wp\/v2\/comments?post=11578"}],"version-history":[{"count":5,"href":"https:\/\/www.schweizerweltatlas.ch\/it\/wp-json\/wp\/v2\/pages\/11578\/revisions"}],"predecessor-version":[{"id":24238,"href":"https:\/\/www.schweizerweltatlas.ch\/it\/wp-json\/wp\/v2\/pages\/11578\/revisions\/24238"}],"wp:attachment":[{"href":"https:\/\/www.schweizerweltatlas.ch\/it\/wp-json\/wp\/v2\/media?parent=11578"}],"curies":[{"name":"wp","href":"https:\/\/api.w.org\/{rel}","templated":true}]}}