{"id":23504,"date":"2020-10-08T16:39:03","date_gmt":"2020-10-08T14:39:03","guid":{"rendered":"https:\/\/www.schweizerweltatlas.ch\/?page_id=23504"},"modified":"2020-10-22T16:43:24","modified_gmt":"2020-10-22T14:43:24","slug":"aide_recherche","status":"publish","type":"page","link":"https:\/\/www.schweizerweltatlas.ch\/fr\/aide_recherche\/","title":{"rendered":"Infos sur les documents"},"content":{"rendered":"<div class=\"wpb-content-wrapper\"><p>[vc_row][vc_column width=\u00a0\u00bb2\/3&Prime;][vc_empty_space height=\u00a0\u00bb60px\u00a0\u00bb][vc_column_text]<strong>Aide concernant la fonction de recherche<\/strong>[\/vc_column_text][\/vc_column][vc_column width=\u00a0\u00bb1\/3&Prime;][\/vc_column][\/vc_row][vc_row][vc_column][vc_column_text]<\/p>\n<h3>Notre \u00abmonde virtuel\u00bb se compose principalement de deux parties, d\u2019une part les pages statistiques qui contiennent des informations sur l\u2019Atlas Mondial Suisse, d\u2019autre part les donn\u00e9es cartographiques, qui constituent l\u2019\u00e9l\u00e9ment central de l\u2019atlas. Parmi ces derni\u00e8res, des recherches peuvent \u00eatre effectu\u00e9es selon divers crit\u00e8res et \u00e0 l\u2019aide de filtres. Les r\u00e9sultats sous forme de cartes individuelles sont pr\u00e9sent\u00e9s dans une vue en liste ou en cadres.<\/h3>\n<p>[\/vc_column_text][\/vc_column][\/vc_row][vc_row gap=\u00a0\u00bb5&Prime; equal_height=\u00a0\u00bbyes\u00a0\u00bb content_placement=\u00a0\u00bbtop\u00a0\u00bb][vc_column css_animation=\u00a0\u00bbbottom-to-top\u00a0\u00bb width=\u00a0\u00bb1\/3&Prime; css=\u00a0\u00bb.vc_custom_1495121371398{background-color: #f7f7f7 !important;}\u00a0\u00bb][vc_column_text]<\/p>\n<h2><span style=\"color: #da291c;\">Recherche<\/span><\/h2>\n<p>[\/vc_column_text][vc_single_image image=\u00a0\u00bb23626&Prime; img_size=\u00a0\u00bblarge\u00a0\u00bb style=\u00a0\u00bbvc_box_shadow\u00a0\u00bb onclick=\u00a0\u00bblink_image\u00a0\u00bb][\/vc_column][vc_column css_animation=\u00a0\u00bbtop-to-bottom\u00a0\u00bb width=\u00a0\u00bb2\/3&Prime; css=\u00a0\u00bb.vc_custom_1496158602558{background-color: #f7f7f7 !important;}\u00a0\u00bb][vc_column_text]Dans ce champ, vous pouvez effectuer librement une recherche par mots, textes ou chiffres. La recherche se base sur les quatre \u00e9l\u00e9ments recens\u00e9s: index avec titres et num\u00e9ros des cartes, th\u00e8mes des cartes, liste de mots-cl\u00e9s et toponymes.[\/vc_column_text][\/vc_column][\/vc_row][vc_row gap=\u00a0\u00bb5&Prime; equal_height=\u00a0\u00bbyes\u00a0\u00bb content_placement=\u00a0\u00bbtop\u00a0\u00bb][vc_column css_animation=\u00a0\u00bbbottom-to-top\u00a0\u00bb width=\u00a0\u00bb1\/3&Prime; css=\u00a0\u00bb.vc_custom_1495121371398{background-color: #f7f7f7 !important;}\u00a0\u00bb][vc_column_text]<\/p>\n<h2><span style=\"color: #da291c;\">Recherche avanc\u00e9e<br \/>\n<\/span><\/h2>\n<p>[\/vc_column_text][vc_single_image image=\u00a0\u00bb23725&Prime; img_size=\u00a0\u00bblarge\u00a0\u00bb style=\u00a0\u00bbvc_box_shadow\u00a0\u00bb onclick=\u00a0\u00bblink_image\u00a0\u00bb][\/vc_column][vc_column css_animation=\u00a0\u00bbtop-to-bottom\u00a0\u00bb width=\u00a0\u00bb2\/3&Prime; css=\u00a0\u00bb.vc_custom_1496158602558{background-color: #f7f7f7 !important;}\u00a0\u00bb][vc_column_text]Vous pouvez effectuer ici une recherche selon certains crit\u00e8res et \u00e0 l\u2019aide de filtres. Il est \u00e9galement possible de combiner plusieurs crit\u00e8res.<\/p>\n<p><strong>Titre de la carte:<\/strong> D\u00e9nomination de la carte en dehors de son cadre, qui renseigne sur le contenu, la r\u00e9gion et parfois \u00e9galement le type de carte.<br \/>\n<span class=\"aligncenter\"><img loading=\"lazy\" decoding=\"async\" class=\"aligncenter wp-image-23652\" src=\"https:\/\/www.schweizerweltatlas.ch\/swaweb\/wp-content\/uploads\/Titre-300x105.png\" alt=\"\" width=\"200\" height=\"70\" srcset=\"https:\/\/www.schweizerweltatlas.ch\/swaweb\/wp-content\/uploads\/Titre-300x105.png 300w, https:\/\/www.schweizerweltatlas.ch\/swaweb\/wp-content\/uploads\/Titre-450x158.png 450w, https:\/\/www.schweizerweltatlas.ch\/swaweb\/wp-content\/uploads\/Titre.png 500w\" sizes=\"auto, (max-width: 200px) 100vw, 200px\" \/><\/span><\/p>\n<p><strong>Num\u00e9ro de la carte:<\/strong> Num\u00e9rotation croissante des cartes individuelles, compos\u00e9e du num\u00e9ro de page et de l\u2019ordre de placement sur la page de l\u2019atlas concern\u00e9e.<\/p>\n<p><strong><span class=\"aligncenter\"><img loading=\"lazy\" decoding=\"async\" class=\"aligncenter wp-image-23549\" src=\"https:\/\/www.schweizerweltatlas.ch\/swaweb\/wp-content\/uploads\/Kartennummer-300x254.png\" alt=\"\" width=\"200\" height=\"169\" srcset=\"https:\/\/www.schweizerweltatlas.ch\/swaweb\/wp-content\/uploads\/Kartennummer-300x254.png 300w, https:\/\/www.schweizerweltatlas.ch\/swaweb\/wp-content\/uploads\/Kartennummer.png 371w\" sizes=\"auto, (max-width: 200px) 100vw, 200px\" \/><\/span><\/strong><\/p>\n<p><strong>R\u00e9gion:<\/strong> R\u00e9gion de la portion de territoire cartographi\u00e9e, correspond au titre de la page dans l\u2019atlas.<strong><span class=\"aligncenter\"><img loading=\"lazy\" decoding=\"async\" class=\"aligncenter wp-image-23657\" src=\"https:\/\/www.schweizerweltatlas.ch\/swaweb\/wp-content\/uploads\/Region_fr-300x71.png\" alt=\"\" width=\"200\" height=\"47\" srcset=\"https:\/\/www.schweizerweltatlas.ch\/swaweb\/wp-content\/uploads\/Region_fr-300x71.png 300w, https:\/\/www.schweizerweltatlas.ch\/swaweb\/wp-content\/uploads\/Region_fr-450x106.png 450w, https:\/\/www.schweizerweltatlas.ch\/swaweb\/wp-content\/uploads\/Region_fr.png 600w\" sizes=\"auto, (max-width: 200px) 100vw, 200px\" \/><\/span><\/strong><\/p>\n<p><strong>\u00c9chelle:<\/strong> La place disponible sur une carte pour repr\u00e9senter la surface de la Terre est limit\u00e9e. La carte est donc une repr\u00e9sentation r\u00e9duite du monde r\u00e9el selon un certain facteur, appel\u00e9 \u00ab\u00e9chelle\u00bb.<br \/>\n<span class=\"aligncenter\"><img loading=\"lazy\" decoding=\"async\" class=\"aligncenter wp-image-23567\" src=\"https:\/\/www.schweizerweltatlas.ch\/swaweb\/wp-content\/uploads\/Massstab.png\" alt=\"\" width=\"180\" height=\"54\" \/><\/span><\/p>\n<p><strong>Th\u00e8me: <\/strong>Une situation g\u00e9ographique de l\u2019espace r\u00e9el est repr\u00e9sent\u00e9e graphiquement sur une carte et en constitue le contenu.<br \/>\n<span class=\"aligncenter\"><img loading=\"lazy\" decoding=\"async\" class=\"aligncenter wp-image-23661\" src=\"https:\/\/www.schweizerweltatlas.ch\/swaweb\/wp-content\/uploads\/Theme-300x233.png\" alt=\"\" width=\"200\" height=\"156\" srcset=\"https:\/\/www.schweizerweltatlas.ch\/swaweb\/wp-content\/uploads\/Theme-300x233.png 300w, https:\/\/www.schweizerweltatlas.ch\/swaweb\/wp-content\/uploads\/Theme-768x597.png 768w, https:\/\/www.schweizerweltatlas.ch\/swaweb\/wp-content\/uploads\/Theme-450x350.png 450w, https:\/\/www.schweizerweltatlas.ch\/swaweb\/wp-content\/uploads\/Theme.png 797w\" sizes=\"auto, (max-width: 200px) 100vw, 200px\" \/><\/span><\/p>\n<p><strong>Toponymes:<\/strong> Nom propre des r\u00e9gions et localit\u00e9s ainsi que des objets naturels et artificiels sur la surface de la Terre, sur la terre comme en mer. Ils servent tant \u00e0 l\u2019orientation qu\u2019\u00e0 la communication. Tous les objets indiqu\u00e9s sont cat\u00e9goris\u00e9s selon les g\u00e9otypes suivants:<\/p>\n<p><strong><span class=\"aligncenter\"><img loading=\"lazy\" decoding=\"async\" class=\"aligncenter wp-image-23665\" src=\"https:\/\/www.schweizerweltatlas.ch\/swaweb\/wp-content\/uploads\/Toponymes-236x300.png\" alt=\"\" width=\"200\" height=\"254\" srcset=\"https:\/\/www.schweizerweltatlas.ch\/swaweb\/wp-content\/uploads\/Toponymes-236x300.png 236w, https:\/\/www.schweizerweltatlas.ch\/swaweb\/wp-content\/uploads\/Toponymes-450x571.png 450w, https:\/\/www.schweizerweltatlas.ch\/swaweb\/wp-content\/uploads\/Toponymes.png 524w\" sizes=\"auto, (max-width: 200px) 100vw, 200px\" \/><\/span><\/strong><\/p>\n<p><strong>Mot-Cl\u00e9:<\/strong> D\u00e9nomination du th\u00e8me et du contenu des cartes.<br \/>\n<span class=\"aligncenter\"><img loading=\"lazy\" decoding=\"async\" class=\"aligncenter wp-image-23674\" src=\"https:\/\/www.schweizerweltatlas.ch\/swaweb\/wp-content\/uploads\/Mot-cle-242x300.png\" alt=\"\" width=\"200\" height=\"248\" srcset=\"https:\/\/www.schweizerweltatlas.ch\/swaweb\/wp-content\/uploads\/Mot-cle-242x300.png 242w, https:\/\/www.schweizerweltatlas.ch\/swaweb\/wp-content\/uploads\/Mot-cle-450x558.png 450w, https:\/\/www.schweizerweltatlas.ch\/swaweb\/wp-content\/uploads\/Mot-cle.png 589w\" sizes=\"auto, (max-width: 200px) 100vw, 200px\" \/><\/span><\/p>\n<p><strong>Densit\u00e9 graphique:<\/strong> Mesure de la quantit\u00e9 de contenus graphiques sur la carte repr\u00e9sent\u00e9s sous la forme de surfaces, de lignes, de symboles et d\u2019inscriptions. Il est possible d\u2019en d\u00e9duire une densit\u00e9 d\u2019informations, permettant au lecteur d\u2019\u00e9valuer et de d\u00e9finir la complexit\u00e9 de la repr\u00e9sentation cartographique. Les cartes ont \u00e9t\u00e9 analys\u00e9es selon <a href=\"http:\/\/radiat.cz\/mapload\/\">l\u2019approche technique<\/a> suivante.<br \/>\n<span class=\"aligncenter\"><img loading=\"lazy\" decoding=\"async\" class=\"aligncenter wp-image-23669\" src=\"https:\/\/www.schweizerweltatlas.ch\/swaweb\/wp-content\/uploads\/Densite-300x255.png\" alt=\"\" width=\"200\" height=\"170\" srcset=\"https:\/\/www.schweizerweltatlas.ch\/swaweb\/wp-content\/uploads\/Densite-300x255.png 300w, https:\/\/www.schweizerweltatlas.ch\/swaweb\/wp-content\/uploads\/Densite-450x382.png 450w, https:\/\/www.schweizerweltatlas.ch\/swaweb\/wp-content\/uploads\/Densite.png 546w\" sizes=\"auto, (max-width: 200px) 100vw, 200px\" \/><\/span><\/p>\n<p><strong>\u00c9valuation:<\/strong> Remise en question critique des cartes qui ne se limite pas \u00e0 la lecture et l\u2019interpr\u00e9tation de celles-ci et qui permet de les \u00e9valuer de mani\u00e8re subjective. L\u2019\u00e9valuation est repr\u00e9sent\u00e9e par des \u00e9toiles de 1 (tr\u00e8s mauvaise) \u00e0 5 (tr\u00e8s bonne).<br \/>\n<span class=\"aligncenter\"><img loading=\"lazy\" decoding=\"async\" class=\"aligncenter wp-image-23704\" src=\"https:\/\/www.schweizerweltatlas.ch\/swaweb\/wp-content\/uploads\/Evaluation-300x68.png\" alt=\"\" width=\"200\" height=\"45\" srcset=\"https:\/\/www.schweizerweltatlas.ch\/swaweb\/wp-content\/uploads\/Evaluation-300x68.png 300w, https:\/\/www.schweizerweltatlas.ch\/swaweb\/wp-content\/uploads\/Evaluation-450x102.png 450w, https:\/\/www.schweizerweltatlas.ch\/swaweb\/wp-content\/uploads\/Evaluation.png 548w\" sizes=\"auto, (max-width: 200px) 100vw, 200px\" \/><\/span><\/p>\n<p><strong>Mat\u00e9riel:<\/strong>\u00a0Le \u00abmonde virtuel\u00bb rec\u00e8le un grand nombre <a href=\"https:\/\/www.schweizerweltatlas.ch\/fr\/informations-sur-les-documents\/\">d\u2019outils p\u00e9dagogiques et didactiques<\/a> comme cartes muettes, commentaires sur les cartes, explications didactiques, outils interactifs et hyperliens. Il aide l\u2019enseignant(e) \u00e0 organiser un cours captivant en faisant appel \u00e0 des m\u00e9dias tr\u00e8s divers. Chaque carte peut \u00eatre trouv\u00e9e \u00e0 l\u2019aide d\u2019une recherche par filtres parmi le mat\u00e9riel propos\u00e9.[\/vc_column_text][\/vc_column][\/vc_row]<\/p>\n<\/div>","protected":false},"excerpt":{"rendered":"<p>[vc_row][vc_column width=\u00a0\u00bb2\/3&Prime;][vc_empty_space height=\u00a0\u00bb60px\u00a0\u00bb][vc_column_text]Aide concernant la fonction de recherche[\/vc_column_text][\/vc_column][vc_column width=\u00a0\u00bb1\/3&Prime;][\/vc_column][\/vc_row][vc_row][vc_column][vc_column_text] Notre \u00abmonde virtuel\u00bb se compose principalement de deux parties, d\u2019une part les pages statistiques qui contiennent des informations sur l\u2019Atlas Mondial Suisse, d\u2019autre part les donn\u00e9es cartographiques, qui constituent l\u2019\u00e9l\u00e9ment central de l\u2019atlas. Parmi ces derni\u00e8res, des recherches peuvent \u00eatre effectu\u00e9es selon divers crit\u00e8res et \u00e0 [&hellip;]<\/p>\n","protected":false},"author":7,"featured_media":0,"parent":0,"menu_order":0,"comment_status":"closed","ping_status":"closed","template":"page-templates\/full_width_no_title.php","meta":{"_acf_changed":false,"footnotes":""},"class_list":["post-23504","page","type-page","status-publish","hentry"],"acf":[],"_links":{"self":[{"href":"https:\/\/www.schweizerweltatlas.ch\/fr\/wp-json\/wp\/v2\/pages\/23504","targetHints":{"allow":["GET"]}}],"collection":[{"href":"https:\/\/www.schweizerweltatlas.ch\/fr\/wp-json\/wp\/v2\/pages"}],"about":[{"href":"https:\/\/www.schweizerweltatlas.ch\/fr\/wp-json\/wp\/v2\/types\/page"}],"author":[{"embeddable":true,"href":"https:\/\/www.schweizerweltatlas.ch\/fr\/wp-json\/wp\/v2\/users\/7"}],"replies":[{"embeddable":true,"href":"https:\/\/www.schweizerweltatlas.ch\/fr\/wp-json\/wp\/v2\/comments?post=23504"}],"version-history":[{"count":20,"href":"https:\/\/www.schweizerweltatlas.ch\/fr\/wp-json\/wp\/v2\/pages\/23504\/revisions"}],"predecessor-version":[{"id":23748,"href":"https:\/\/www.schweizerweltatlas.ch\/fr\/wp-json\/wp\/v2\/pages\/23504\/revisions\/23748"}],"wp:attachment":[{"href":"https:\/\/www.schweizerweltatlas.ch\/fr\/wp-json\/wp\/v2\/media?parent=23504"}],"curies":[{"name":"wp","href":"https:\/\/api.w.org\/{rel}","templated":true}]}}