{"id":19763,"date":"2017-07-20T10:51:38","date_gmt":"2017-07-20T08:51:38","guid":{"rendered":"https:\/\/www.schweizerweltatlas.ch\/neue-materialien\/"},"modified":"2017-08-14T10:16:38","modified_gmt":"2017-08-14T08:16:38","slug":"materiels_nouveaux","status":"publish","type":"page","link":"https:\/\/www.schweizerweltatlas.ch\/fr\/materiels_nouveaux\/","title":{"rendered":"Mat\u00e9riels nouveaux"},"content":{"rendered":"<div class=\"wpb-content-wrapper\"><p>[vc_row][vc_column css_animation=\u00a0\u00bbnone\u00a0\u00bb][vc_empty_space height=\u00a0\u00bb60px\u00a0\u00bb][vc_column_text]<\/p>\n<h5>Mat\u00e9riels nouveaux<\/h5>\n<p>[\/vc_column_text][vc_column_text]<\/p>\n<h3>Des mat\u00e9riels suppl\u00e9mentaires sont ajout\u00e9s de mani\u00e8re graduelle aux diff\u00e9rentes cartes de l\u2019atlas mondial suisse et ils sont publi\u00e9s sur cette page.<\/h3>\n<p>[\/vc_column_text][\/vc_column][\/vc_row][vc_row][vc_column css_animation=\u00a0\u00bbbottom-to-top\u00a0\u00bb width=\u00a0\u00bb1\/3&Prime;][vc_single_image image=\u00a0\u00bb18223&Prime; img_size=\u00a0\u00bbmedium\u00a0\u00bb][\/vc_column][vc_column css_animation=\u00a0\u00bbbottom-to-top\u00a0\u00bb width=\u00a0\u00bb2\/3&Prime;][vc_column_text]<div class=\"facetwp-template\" data-name=\"neue_materialien\"><p><a href=\"https:\/\/www.schweizerweltatlas.ch\/fr\/listings\/0010\/\">G\u00e9oinformation<\/a> Page 10<\/p>\n<p>Liens externes<\/p><br>\n<p><a href=\"https:\/\/www.schweizerweltatlas.ch\/fr\/listings\/0482\/\">Lausanne en 2012<\/a> Page 48<\/p>\n<p>Mat\u00e9riels p\u00e9dagogiques suppl\u00e9mentaires I Liens externes<\/p><br>\n<p><a href=\"https:\/\/www.schweizerweltatlas.ch\/fr\/listings\/0481\/\">Lausanne en 1954<\/a> Page 48<\/p>\n<p>Mat\u00e9riels p\u00e9dagogiques suppl\u00e9mentaires I <\/p><br>\n<p><a href=\"https:\/\/www.schweizerweltatlas.ch\/fr\/listings\/0474\/\">Verbier en 2012<\/a> Page 47<\/p>\n<p>Mat\u00e9riels p\u00e9dagogiques suppl\u00e9mentaires I Liens externes<\/p><br>\n<p><a href=\"https:\/\/www.schweizerweltatlas.ch\/fr\/listings\/0473\/\">Verbier en 1947<\/a> Page 47<\/p>\n<p>Mat\u00e9riels p\u00e9dagogiques suppl\u00e9mentaires I <\/p><br>\n<p><a href=\"https:\/\/www.schweizerweltatlas.ch\/fr\/listings\/0472\/\">R\u00e9gion de Sargans en 2012<\/a> Page 47<\/p>\n<p>Mat\u00e9riels p\u00e9dagogiques suppl\u00e9mentaires I <\/p><br>\n<p><a href=\"https:\/\/www.schweizerweltatlas.ch\/fr\/listings\/0471\/\">R\u00e9gion de Sargans en 1845<\/a> Page 47<\/p>\n<p>Mat\u00e9riels p\u00e9dagogiques suppl\u00e9mentaires I <\/p><br>\n<p><a href=\"https:\/\/www.schweizerweltatlas.ch\/fr\/listings\/0453\/\">Zurich en 2015<\/a> Page 45<\/p>\n<p>Mat\u00e9riels p\u00e9dagogiques suppl\u00e9mentaires I Liens externes<\/p><br>\n<p><a href=\"https:\/\/www.schweizerweltatlas.ch\/fr\/listings\/0452\/\">Zurich vers 1850<\/a> Page 45<\/p>\n<p>Mat\u00e9riels p\u00e9dagogiques suppl\u00e9mentaires I <\/p><br>\n<p><a href=\"https:\/\/www.schweizerweltatlas.ch\/fr\/listings\/0451\/\">Zurich vers 1650<\/a> Page 45<\/p>\n<p>Mat\u00e9riels p\u00e9dagogiques suppl\u00e9mentaires I <\/p><br>\n<p><a href=\"https:\/\/www.schweizerweltatlas.ch\/fr\/listings\/0241\/\">Carte g\u00e9n\u00e9rale<\/a> Page 24<\/p>\n<p>Carte vierge I Commentaire I Mat\u00e9riels p\u00e9dagogiques suppl\u00e9mentaires I <\/p><br>\n<p><a href=\"https:\/\/www.schweizerweltatlas.ch\/fr\/listings\/1701\/\">Carte g\u00e9n\u00e9rale<\/a> Page 170<\/p>\n<p>Carte vierge I Commentaire I <\/p><br>\n<p><a href=\"https:\/\/www.schweizerweltatlas.ch\/fr\/listings\/1321\/\">Duba\u00ef<\/a> Page 132<\/p>\n<p>Liens externes<\/p><br>\n<p><a href=\"https:\/\/www.schweizerweltatlas.ch\/fr\/listings\/1253\/\">Delta du Gange \u2013 Image satellite<\/a> Page 125<\/p>\n<p><\/p><br>\n<p><a href=\"https:\/\/www.schweizerweltatlas.ch\/fr\/listings\/2541\/\">Sources<\/a> Page 254<\/p>\n<p>Mat\u00e9riels p\u00e9dagogiques suppl\u00e9mentaires I <\/p><br>\n<p><a href=\"https:\/\/www.schweizerweltatlas.ch\/fr\/listings\/2131\/\">Face cach\u00e9e<\/a> Page 213<\/p>\n<p><\/p><br>\n<p><a href=\"https:\/\/www.schweizerweltatlas.ch\/fr\/listings\/2072\/\">Fuseaux horaires<\/a> Page 207<\/p>\n<p>Carte vierge I <\/p><br>\n<p><a href=\"https:\/\/www.schweizerweltatlas.ch\/fr\/listings\/1831\/\">Carte g\u00e9n\u00e9rale<\/a> Page 183<\/p>\n<p>Commentaire I Liens externes<\/p><br>\n<p><a href=\"https:\/\/www.schweizerweltatlas.ch\/fr\/listings\/1821\/\">Carte g\u00e9n\u00e9rale<\/a> Page 182<\/p>\n<p>Commentaire I Liens externes<\/p><br>\n<p><a href=\"https:\/\/www.schweizerweltatlas.ch\/fr\/listings\/1801\/\">Oc\u00e9an Atlantique et Oc\u00e9an Indien, tectonique<\/a> Page 180<\/p>\n<p><\/p><br>\n<p><a href=\"https:\/\/www.schweizerweltatlas.ch\/fr\/listings\/1781\/\">Oc\u00e9an Pacifique, tectonique<\/a> Page 178<\/p>\n<p><\/p><br>\n<p><a href=\"https:\/\/www.schweizerweltatlas.ch\/fr\/listings\/1763\/\">Rond\u00f4nia, Br\u00e9sil \u2013 D\u00e9forestation<\/a> Page 176<\/p>\n<p><\/p><br>\n<p><a href=\"https:\/\/www.schweizerweltatlas.ch\/fr\/listings\/1691\/\">Relief<\/a> Page 169<\/p>\n<p>Carte vierge I Commentaire I <\/p><br>\n<p><a href=\"https:\/\/www.schweizerweltatlas.ch\/fr\/listings\/1671\/\">Carte g\u00e9n\u00e9rale<\/a> Page 167<\/p>\n<p>Carte vierge I Commentaire I <\/p><br>\n<\/div>[\/vc_column_text][\/vc_column][\/vc_row]<\/p>\n<\/div>","protected":false},"excerpt":{"rendered":"<p>[vc_row][vc_column css_animation=\u00a0\u00bbnone\u00a0\u00bb][vc_empty_space height=\u00a0\u00bb60px\u00a0\u00bb][vc_column_text] Mat\u00e9riels nouveaux [\/vc_column_text][vc_column_text] Des mat\u00e9riels suppl\u00e9mentaires sont ajout\u00e9s de mani\u00e8re graduelle aux diff\u00e9rentes cartes de l\u2019atlas mondial suisse et ils sont publi\u00e9s sur cette page. [\/vc_column_text][\/vc_column][\/vc_row][vc_row][vc_column css_animation=\u00a0\u00bbbottom-to-top\u00a0\u00bb width=\u00a0\u00bb1\/3&Prime;][vc_single_image image=\u00a0\u00bb18223&Prime; img_size=\u00a0\u00bbmedium\u00a0\u00bb][\/vc_column][vc_column css_animation=\u00a0\u00bbbottom-to-top\u00a0\u00bb width=\u00a0\u00bb2\/3&Prime;][vc_column_text][\/vc_column_text][\/vc_column][\/vc_row]<\/p>\n","protected":false},"author":7,"featured_media":0,"parent":0,"menu_order":0,"comment_status":"closed","ping_status":"closed","template":"page-templates\/full_width_no_title.php","meta":{"_acf_changed":false,"footnotes":""},"class_list":["post-19763","page","type-page","status-publish","hentry"],"acf":[],"_links":{"self":[{"href":"https:\/\/www.schweizerweltatlas.ch\/fr\/wp-json\/wp\/v2\/pages\/19763","targetHints":{"allow":["GET"]}}],"collection":[{"href":"https:\/\/www.schweizerweltatlas.ch\/fr\/wp-json\/wp\/v2\/pages"}],"about":[{"href":"https:\/\/www.schweizerweltatlas.ch\/fr\/wp-json\/wp\/v2\/types\/page"}],"author":[{"embeddable":true,"href":"https:\/\/www.schweizerweltatlas.ch\/fr\/wp-json\/wp\/v2\/users\/7"}],"replies":[{"embeddable":true,"href":"https:\/\/www.schweizerweltatlas.ch\/fr\/wp-json\/wp\/v2\/comments?post=19763"}],"version-history":[{"count":0,"href":"https:\/\/www.schweizerweltatlas.ch\/fr\/wp-json\/wp\/v2\/pages\/19763\/revisions"}],"wp:attachment":[{"href":"https:\/\/www.schweizerweltatlas.ch\/fr\/wp-json\/wp\/v2\/media?parent=19763"}],"curies":[{"name":"wp","href":"https:\/\/api.w.org\/{rel}","templated":true}]}}