{"id":19523,"date":"2017-05-12T14:27:22","date_gmt":"2017-05-12T12:27:22","guid":{"rendered":"https:\/\/www.schweizerweltatlas.ch\/?page_id=19523\/"},"modified":"2023-09-08T11:01:14","modified_gmt":"2023-09-08T09:01:14","slug":"actualites","status":"publish","type":"page","link":"https:\/\/www.schweizerweltatlas.ch\/fr\/actualites\/","title":{"rendered":"Actualit\u00e9s"},"content":{"rendered":"<div class=\"wpb-content-wrapper\"><p>[vc_row][vc_column width=\u00a0\u00bb2\/3&Prime;][vc_empty_space][vc_column_text]<strong>Nouveaut\u00e9s et \u00e9venements<\/strong>[\/vc_column_text][vc_empty_space height=\u00a0\u00bb2px\u00a0\u00bb][vc_basic_grid post_type=\u00a0\u00bbpost\u00a0\u00bb max_items=\u00a0\u00bb-1&Prime; style=\u00a0\u00bbpagination\u00a0\u00bb items_per_page=\u00a0\u00bb2&Prime; element_width=\u00a0\u00bb6&Prime; paging_color=\u00a0\u00bbjuicy_pink\u00a0\u00bb item=\u00a0\u00bb19593&Prime; grid_id=\u00a0\u00bbvc_gid:1694163668051-a94a55c8-46b3-9&Prime; taxonomies=\u00a0\u00bb60499, 60500&Prime;][\/vc_column][vc_column width=\u00a0\u00bb1\/3&Prime;][vc_empty_space][\/vc_column][\/vc_row][vc_row][vc_column width=\u00a0\u00bb1\/3&Prime;][vc_empty_space height=\u00a0\u00bb50px\u00a0\u00bb][vc_column_text]<strong>Abonnez-vous \u00e0 notre newsletter<\/strong>[\/vc_column_text][vc_single_image image=\u00a0\u00bb19530&Prime; img_size=\u00a0\u00bbmedium\u00a0\u00bb][\/vc_column][vc_column width=\u00a0\u00bb2\/3&Prime;][vc_empty_space height=\u00a0\u00bb107px\u00a0\u00bb][vc_column_text]Abonnez-vous <a href=\"https:\/\/www.lmvz.ch\/uber-uns\/unternehmen\/newsletter\"><strong>ici<\/strong> <\/a>\u00e0 la newsletter de Lehrmittelverlag Z\u00fcrich pour \u00eatre les premiers inform\u00e9s des nouveaut\u00e9s concernant l\u2019atlas.[\/vc_column_text][\/vc_column][\/vc_row]<\/p>\n<\/div>","protected":false},"excerpt":{"rendered":"<p>[vc_row][vc_column width=\u00a0\u00bb2\/3&Prime;][vc_empty_space][vc_column_text]Nouveaut\u00e9s et \u00e9venements[\/vc_column_text][vc_empty_space height=\u00a0\u00bb2px\u00a0\u00bb][vc_basic_grid post_type=\u00a0\u00bbpost\u00a0\u00bb max_items=\u00a0\u00bb-1&Prime; style=\u00a0\u00bbpagination\u00a0\u00bb items_per_page=\u00a0\u00bb2&Prime; element_width=\u00a0\u00bb6&Prime; paging_color=\u00a0\u00bbjuicy_pink\u00a0\u00bb item=\u00a0\u00bb19593&Prime; grid_id=\u00a0\u00bbvc_gid:1694163668051-a94a55c8-46b3-9&Prime; taxonomies=\u00a0\u00bb60499, 60500&Prime;][\/vc_column][vc_column width=\u00a0\u00bb1\/3&Prime;][vc_empty_space][\/vc_column][\/vc_row][vc_row][vc_column width=\u00a0\u00bb1\/3&Prime;][vc_empty_space height=\u00a0\u00bb50px\u00a0\u00bb][vc_column_text]Abonnez-vous \u00e0 notre newsletter[\/vc_column_text][vc_single_image image=\u00a0\u00bb19530&Prime; img_size=\u00a0\u00bbmedium\u00a0\u00bb][\/vc_column][vc_column width=\u00a0\u00bb2\/3&Prime;][vc_empty_space height=\u00a0\u00bb107px\u00a0\u00bb][vc_column_text]Abonnez-vous ici \u00e0 la newsletter de Lehrmittelverlag Z\u00fcrich pour \u00eatre les premiers inform\u00e9s des nouveaut\u00e9s concernant l\u2019atlas.[\/vc_column_text][\/vc_column][\/vc_row]<\/p>\n","protected":false},"author":7,"featured_media":18406,"parent":0,"menu_order":0,"comment_status":"closed","ping_status":"closed","template":"page-templates\/full_width_no_title.php","meta":{"_acf_changed":false,"footnotes":""},"class_list":["post-19523","page","type-page","status-publish","has-post-thumbnail","hentry"],"acf":[],"_links":{"self":[{"href":"https:\/\/www.schweizerweltatlas.ch\/fr\/wp-json\/wp\/v2\/pages\/19523","targetHints":{"allow":["GET"]}}],"collection":[{"href":"https:\/\/www.schweizerweltatlas.ch\/fr\/wp-json\/wp\/v2\/pages"}],"about":[{"href":"https:\/\/www.schweizerweltatlas.ch\/fr\/wp-json\/wp\/v2\/types\/page"}],"author":[{"embeddable":true,"href":"https:\/\/www.schweizerweltatlas.ch\/fr\/wp-json\/wp\/v2\/users\/7"}],"replies":[{"embeddable":true,"href":"https:\/\/www.schweizerweltatlas.ch\/fr\/wp-json\/wp\/v2\/comments?post=19523"}],"version-history":[{"count":2,"href":"https:\/\/www.schweizerweltatlas.ch\/fr\/wp-json\/wp\/v2\/pages\/19523\/revisions"}],"predecessor-version":[{"id":24115,"href":"https:\/\/www.schweizerweltatlas.ch\/fr\/wp-json\/wp\/v2\/pages\/19523\/revisions\/24115"}],"wp:featuredmedia":[{"embeddable":true,"href":"https:\/\/www.schweizerweltatlas.ch\/fr\/wp-json\/wp\/v2\/media\/18406"}],"wp:attachment":[{"href":"https:\/\/www.schweizerweltatlas.ch\/fr\/wp-json\/wp\/v2\/media?parent=19523"}],"curies":[{"name":"wp","href":"https:\/\/api.w.org\/{rel}","templated":true}]}}