{"id":18440,"date":"2017-06-16T10:18:19","date_gmt":"2017-06-16T08:18:19","guid":{"rendered":"https:\/\/www.schweizerweltatlas.ch\/?page_id=18440\/"},"modified":"2019-06-13T14:42:30","modified_gmt":"2019-06-13T12:42:30","slug":"contenu-de-latlas","status":"publish","type":"page","link":"https:\/\/www.schweizerweltatlas.ch\/fr\/contenu-de-latlas\/","title":{"rendered":"Contenu de l&rsquo;atlas"},"content":{"rendered":"<div class=\"wpb-content-wrapper\"><p>[vc_row][vc_column width=\u00a0\u00bb2\/3&Prime;][vc_empty_space height=\u00a0\u00bb60px\u00a0\u00bb][vc_column_text]<strong>Contenu de l&rsquo;Atlas<\/strong>[\/vc_column_text][\/vc_column][vc_column width=\u00a0\u00bb1\/3&Prime;][\/vc_column][\/vc_row][vc_row][vc_column width=\u00a0\u00bb1\/2&Prime;][vc_column_text]<\/p>\n<h1>R\u00e9gions<\/h1>\n<p>[\/vc_column_text][vc_separator][vc_column_text css_animation=\u00a0\u00bbbottom-to-top\u00a0\u00bb]<\/p>\n<h3><a href=\"\/?page_id=21299&#038;fwp_regionen=introduction-taxfr\">Introduction<\/a><\/h3>\n<p><a href=\"\/?page_id=21299&#038;fwp_regionen=geoinformation-taxfr\">G\u00e9oinformation<\/a><br \/>\n<a href=\"\/?page_id=21299&#038;fwp_regionen=projections-cartographiques-taxfr\">Projections cartographiques<\/a><br \/>\n<a href=\"\/?page_id=21299&#038;fwp_regionen=realite-et-carte-taxfr\">R\u00e9alit\u00e9 et carte<\/a><br \/>\n<a href=\"\/?page_id=21299&#038;fwp_regionen=legende-et-organisation-taxfr\">L\u00e9gende et organisation<\/a><br \/>\n<a href=\"\/?page_id=21299&#038;fwp_regionen=echelle-et-generalisation-taxfr\">\u00c9chelle et g\u00e9n\u00e9ralisation<\/a><br \/>\n<a href=\"\/?page_id=21299&#038;fwp_regionen=composition-et-structure-des-cartes-taxfr\">Composition et structure des cartes<\/a><br \/>\n<a href=\"\/?page_id=21299&#038;fwp_regionen=types-de-carte-et-formes-de-visualisation-taxfr\">Types de carte et formes de visualisation<\/a><br \/>\n<a href=\"\/?page_id=21299&#038;fwp_regionen=cartes-nationales-taxfr\">Cartes nationales<\/a><br \/>\n<a href=\"\/?page_id=21299&#038;fwp_regionen=8ebc4e9badafcd5bbbdc27a06f36181f\">Comp\u00e9tences cartographiques et maniement des cartes<\/a>[\/vc_column_text][vc_separator][vc_column_text css_animation=\u00a0\u00bbbottom-to-top\u00a0\u00bb]<\/p>\n<h3><a href=\"\/?page_id=21299&#038;fwp_regionen=suisse-taxfr\">Suisse<\/a><\/h3>\n<p><a href=\"\/?page_id=21299&#038;fwp_regionen=vue-densemble-taxfr\">Suisse \u2013 Vue d&rsquo;ensemble<\/a><br \/>\n<a href=\"\/?page_id=21299&#038;fwp_regionen=suisse-regions-taxfr\">Suisse \u2013 R\u00e9gions<\/a>[\/vc_column_text][vc_separator][vc_column_text css_animation=\u00a0\u00bbbottom-to-top\u00a0\u00bb]<\/p>\n<h3><a href=\"\/?page_id=21299&#038;fwp_regionen=europe-taxfr\">Europe<\/a><\/h3>\n<p><a href=\"\/?page_id=21299&#038;fwp_regionen=pays-alpins-taxfr\">Pays alpins<\/a><br \/>\n<a href=\"\/?page_id=21299&#038;fwp_regionen=europe-vue-densemble-taxfr\">Europe \u2013 Vue d&rsquo;ensemble<\/a><br \/>\n<a href=\"\/?page_id=21299&#038;fwp_regionen=france-taxfr\">France<\/a><br \/>\n<a href=\"\/?page_id=21299&#038;fwp_regionen=plaine-du-rhin-superieur-taxfr\">Plaine du Rhin sup\u00e9rieur<\/a><br \/>\n<a href=\"\/?page_id=21299&#038;fwp_regionen=pays-bas-taxfr\">Pays-Bas<\/a><br \/>\n<a href=\"\/?page_id=21299&#038;fwp_regionen=iles-britanniques-taxfr\">\u00celes britanniques<\/a><br \/>\n<a href=\"\/?page_id=21299&#038;fwp_regionen=mer-du-nord-taxfr\">Mer du Nord<\/a><br \/>\n<a href=\"\/?page_id=21299&#038;fwp_regionen=europe-centrale-taxfr\">Europe centrale<\/a><br \/>\n<a href=\"\/?page_id=21299&#038;fwp_regionen=europe-du-nord-taxfr\">Europe du Nord<\/a><br \/>\n<a href=\"\/?page_id=21299&#038;fwp_regionen=peninsule-iberique-taxfr\">P\u00e9ninsule ib\u00e9rique<\/a><br \/>\n<a href=\"\/?page_id=21299&#038;fwp_regionen=italie-taxfr\">Italie<\/a><br \/>\n<a href=\"\/?page_id=21299&#038;fwp_regionen=europe-de-lest-taxfr\">Europe de l&rsquo;Est<\/a><br \/>\n<a href=\"\/?page_id=21299&#038;fwp_regionen=europe-du-sud-est-taxfr\">Europe du Sud-Est<\/a><br \/>\n<a href=\"\/?page_id=21299&#038;fwp_regionen=europe-du-sud-est-et-russie-taxfr\">Europe du Sud-Est et Russie<\/a><br \/>\n<a href=\"\/?page_id=21299&#038;fwp_regionen=russie-taxfr\">Russie<\/a>[\/vc_column_text][vc_separator][vc_column_text css_animation=\u00a0\u00bbbottom-to-top\u00a0\u00bb]<\/p>\n<h3><a href=\"\/?page_id=21299&#038;fwp_regionen=afrique-taxfr\">Afrique<\/a><\/h3>\n<p><a href=\"\/?page_id=21299&#038;fwp_regionen=afrique-vue-densemble-taxfr\">Afrique \u2013 Vue d&rsquo;ensemble<\/a><br \/>\n<a href=\"\/?page_id=21299&#038;fwp_regionen=afrique-regions-taxfr\">Afrique \u2013 R\u00e9gions<\/a><br \/>\n<a href=\"\/?page_id=21299&#038;fwp_regionen=proche-orient-taxfr\">Proche-Orient<\/a>[\/vc_column_text][vc_separator][vc_column_text css_animation=\u00a0\u00bbbottom-to-top\u00a0\u00bb]<\/p>\n<h3><a href=\"\/?page_id=21299&#038;fwp_regionen=asie-taxfr\">Asie<\/a><\/h3>\n<p><a href=\"\/?page_id=21299&#038;fwp_regionen=asie-vue-densemble-taxfr\">Asie \u2013 Vue d&rsquo;ensemble<\/a><br \/>\n<a href=\"\/?page_id=21299&#038;fwp_regionen=asie-de-louest-taxfr\">Asie de l&rsquo;Ouest<\/a><br \/>\n<a href=\"\/?page_id=21299&#038;fwp_regionen=asie-du-sud-taxfr\">Asie du Sud<\/a><br \/>\n<a href=\"\/?page_id=21299&#038;fwp_regionen=asie-du-sud-est-taxfr\">Asie du Sud-Est<\/a><br \/>\n<a href=\"\/?page_id=21299&#038;fwp_regionen=asie-centrale-et-de-lest-taxfr\">Asie centrale et de l&rsquo;Est<\/a><br \/>\n<a href=\"\/?page_id=21299&#038;fwp_regionen=japon-taxfr\">Japon<\/a>[\/vc_column_text][vc_separator][vc_column_text css_animation=\u00a0\u00bbbottom-to-top\u00a0\u00bb]<\/p>\n<h3><a href=\"\/?page_id=21299&#038;fwp_regionen=australie-et-oceanie-taxfr\">Australie et Oc\u00e9anie<\/a><\/h3>\n<p><a href=\"\/?page_id=21299&#038;fwp_regionen=australie-vue-densemble-taxfr\">Australie \u2013 Vue d&rsquo;ensemble<\/a><br \/>\n<a href=\"\/?page_id=21299&#038;fwp_regionen=nouvelle-zelande-et-oceanie-taxfr\">Nouvelle-Z\u00e9lande et Oc\u00e9anie<\/a>[\/vc_column_text][vc_separator][vc_column_text css_animation=\u00a0\u00bbbottom-to-top\u00a0\u00bb]<\/p>\n<h3><a href=\"\/?page_id=21299&#038;fwp_regionen=amerique-taxfr\">Am\u00e9rique<\/a><\/h3>\n<p><a href=\"\/?page_id=21299&#038;fwp_regionen=amerique-du-nord-taxfr\">Am\u00e9rique du Nord<\/a><br \/>\n<a href=\"\/?page_id=21299&#038;fwp_regionen=hawaii-taxfr\">Hawaii<\/a><br \/>\n<a href=\"\/?page_id=21299&#038;fwp_regionen=cuba-e-amerique-centrale-taxfr\">Cuba et Am\u00e9rique centrale<\/a><br \/>\n<a href=\"\/?page_id=21299&#038;fwp_regionen=amerique-du-sud-taxfr\">Am\u00e9rique du Sud<\/a>[\/vc_column_text][vc_separator][vc_column_text css_animation=\u00a0\u00bbbottom-to-top\u00a0\u00bb]<\/p>\n<h3><a href=\"\/?page_id=21299&#038;fwp_regionen=terre-taxfr\">Terre<\/a><\/h3>\n<p><a href=\"\/?page_id=21299&#038;fwp_regionen=oceans-taxfr\">Oc\u00e9ans<\/a><br \/>\n<a href=\"\/?page_id=21299&#038;fwp_regionen=arctique-taxfr\">Arctique<\/a><br \/>\n<a href=\"\/?page_id=21299&#038;fwp_regionen=antarctique-taxfr\">Antarctique<\/a><br \/>\n<a href=\"\/?page_id=21299&#038;fwp_regionen=terre-vue-densemble-taxfr\">Terre \u2013 Vue d&rsquo;ensemble<\/a>[\/vc_column_text][vc_separator][vc_column_text css_animation=\u00a0\u00bbbottom-to-top\u00a0\u00bb]<\/p>\n<h3><a href=\"\/?page_id=21299&#038;fwp_regionen=astronomie-taxfr\">Astronomie<\/a><\/h3>\n<p><a href=\"\/?page_id=21299&#038;fwp_regionen=terre-dans-le-systeme-solaire-taxfr\">Terre dans le syst\u00e8me solaire<\/a><br \/>\n<a href=\"\/?page_id=21299&#038;fwp_regionen=lune-taxfr\">Lune<\/a><br \/>\n<a href=\"\/?page_id=21299&#038;fwp_regionen=univers-taxfr\">Univers<\/a>[\/vc_column_text][vc_separator][vc_column_text css_animation=\u00a0\u00bbbottom-to-top\u00a0\u00bb]<\/p>\n<h3><a href=\"\/?page_id=21299&#038;fwp_regionen=repertoires-taxfr\">R\u00e9pertoires<\/a><\/h3>\n<p><a href=\"\/?page_id=21299&#038;fwp_regionen=sources-taxfr\">Sources<\/a>[\/vc_column_text][\/vc_column][vc_column width=\u00a0\u00bb1\/2&Prime;][vc_column_text]<\/p>\n<h1>Th\u00e8mes<\/h1>\n<p>[\/vc_column_text][vc_separator][vc_column_text css_animation=\u00a0\u00bbbottom-to-top\u00a0\u00bb]<\/p>\n<h3><a href=\"\/?page_id=21299&#038;fwp_themen=bases-cartographiques-et-methodes-taxfr\">Bases cartographiques et M\u00e9thodes<\/a><\/h3>\n<p><a href=\"\/?page_id=21299&#038;fwp_themen=geomatique-taxfr\">G\u00e9omatique<\/a><br \/>\n<a href=\"\/?page_id=21299&#038;fwp_themen=geodonnees-taxfr\">G\u00e9odonn\u00e9es<\/a><br \/>\n<a href=\"\/?page_id=21299&#038;fwp_themen=techniques-cartographiques-et-projections-taxfr\">Techniques cartographiques et projections <\/a><br \/>\n<a href=\"\/?page_id=21299&#038;fwp_themen=produits-cartographiques-et-geoproduits-taxfr\">Produits cartographiques et g\u00e9oproduits<\/a><br \/>\n<a href=\"\/?page_id=21299&#038;fwp_themen=1c75018c24ea86a4b36a0d5fc85e3478-taxfr\">Comp\u00e9tences cartographiques et maniement de cartes<\/a>[\/vc_column_text][vc_separator][vc_column_text css_animation=\u00a0\u00bbbottom-to-top\u00a0\u00bb]<\/p>\n<h3><a href=\"\/?page_id=21299&#038;fwp_themen=planete-terre-et-systeme-solaire-taxfr\">Plan\u00e8te terre et Syst\u00e8me solaire<\/a><\/h3>\n<p><a href=\"\/?page_id=21299&#038;fwp_themen=forme-et-structure-de-la-terre-taxfr\">Forme et structure de la Terre<\/a><br \/>\n<a href=\"\/?page_id=21299&#038;fwp_themen=mouvement-de-la-terre-taxfr\">Mouvement de la Terre<\/a><br \/>\n<a href=\"\/?page_id=21299&#038;fwp_themen=soleil-taxfr\">Soleil<\/a><br \/>\n<a href=\"\/?page_id=21299&#038;fwp_themen=corps-celeste-taxfr\">Corps c\u00e9leste<\/a>[\/vc_column_text][vc_separator][vc_column_text css_animation=\u00a0\u00bbbottom-to-top\u00a0\u00bb]<\/p>\n<h3><a href=\"\/?page_id=21299&#038;fwp_themen=geologie-et-geomorphologie-taxfr\">G\u00e9ologie et G\u00e9omorphologie<\/a><\/h3>\n<p><a href=\"\/?page_id=21299&#038;fwp_themen=ere-geologique-taxfr\">\u00c9re g\u00e9ologique<\/a><br \/>\n<a href=\"\/?page_id=21299&#038;fwp_themen=roches-taxfr\">Roches<\/a><br \/>\n<a href=\"\/?page_id=21299&#038;fwp_themen=tectonique-taxfr\">Tectonique<\/a><br \/>\n<a href=\"\/?page_id=21299&#038;fwp_themen=seisme-taxfr\">S\u00e9isme<\/a><br \/>\n<a href=\"\/?page_id=21299&#038;fwp_themen=volcanisme-taxfr\">Volcanisme<\/a><br \/>\n<a href=\"\/?page_id=21299&#038;fwp_themen=orogenese-taxfr\">Orogen\u00e8se<\/a><br \/>\n<a href=\"\/?page_id=21299&#038;fwp_themen=erosion-taxfr\">\u00c9rosion<\/a><br \/>\n<a href=\"\/?page_id=21299&#038;fwp_themen=ablation-et-sedimentation-taxfr\">Ablation et s\u00e9dimentation<\/a><br \/>\n<a href=\"\/?page_id=21299&#038;fwp_themen=roches-en-tant-que-ressource-taxfr\">Roches en tant que ressource<\/a>[\/vc_column_text][vc_separator][vc_column_text css_animation=\u00a0\u00bbbottom-to-top\u00a0\u00bb]<\/p>\n<h3><a href=\"\/?page_id=21299&#038;fwp_themen=sol-vegetation-et-monde-animal-taxfr\">Sol, V\u00e9getation et Monde animal<\/a><\/h3>\n<p><a href=\"\/?page_id=21299&#038;fwp_themen=types-de-sols-taxfr\">Types de sols<\/a><br \/>\n<a href=\"\/?page_id=21299&#038;fwp_themen=sol-en-tant-que-ressource-taxfr\">Sol en tant que ressource<\/a><br \/>\n<a href=\"\/?page_id=21299&#038;fwp_themen=types-de-vegetation-taxfr\">Types de v\u00e9g\u00e9tation<\/a><br \/>\n<a href=\"\/?page_id=21299&#038;fwp_themen=plants-et-phenologie-taxfr\">Plants et Ph\u00e9nologie<\/a><br \/>\n<a href=\"\/?page_id=21299&#038;fwp_themen=animaux-taxfr\">Animaux<\/a>[\/vc_column_text][vc_separator][vc_column_text css_animation=\u00a0\u00bbbottom-to-top\u00a0\u00bb]<\/p>\n<h3><a href=\"\/?page_id=21299&#038;fwp_themen=hydrologie-et-glaciologie-taxfr\">Hydrologie et Glaciologie<\/a><\/h3>\n<p><a href=\"\/?page_id=21299&#038;fwp_themen=eau-douce-taxfr\">Eau douce<\/a><br \/>\n<a href=\"\/?page_id=21299&#038;fwp_themen=mers-et-oceans-du-monde-taxfr\">Mers et oc\u00e9ans du monde<\/a><br \/>\n<a href=\"\/?page_id=21299&#038;fwp_themen=processus-dynamiques-de-leau-taxfr\">Processus dynamiques de l&rsquo;eau<\/a><br \/>\n<a href=\"\/?page_id=21299&#038;fwp_themen=formation-du-paysage-taxfr\">Formation du paysage<\/a><br \/>\n<a href=\"\/?page_id=21299&#038;fwp_themen=zones-englacees-et-glaciers-taxfr\">Zones englac\u00e9es et glaciers<\/a><br \/>\n<a href=\"\/?page_id=21299&#038;fwp_themen=eau-en-tant-que-ressource-taxfr\">Eau en tant que ressource<\/a>[\/vc_column_text][vc_separator][vc_column_text css_animation=\u00a0\u00bbbottom-to-top\u00a0\u00bb]<\/p>\n<h3><a href=\"\/?page_id=21299&#038;fwp_themen=meteorologie-et-climatologie-taxfr\">M\u00e9t\u00e9orologie et Climatologie<\/a><\/h3>\n<p><a href=\"\/?page_id=21299&#038;fwp_themen=structure-et-circulation-atmospheriques-taxfr\">Structure et circulation atmosph\u00e9riques<\/a><br \/>\n<a href=\"\/?page_id=21299&#038;fwp_themen=temperature-taxfr\">Temp\u00e9rature<\/a><br \/>\n<a href=\"\/?page_id=21299&#038;fwp_themen=pression-atmospherique-taxfr\">Pression atmosph\u00e9rique<\/a><br \/>\n<a href=\"\/?page_id=21299&#038;fwp_themen=precipitations-taxfr\">Pr\u00e9cipitations <\/a><br \/>\n<a href=\"\/?page_id=21299&#038;fwp_themen=situations-meteorologiques-generales-taxfr\">Situations m\u00e9t\u00e9orologiques g\u00e9n\u00e9rales<\/a><br \/>\n<a href=\"\/?page_id=21299&#038;fwp_themen=facteurs-climatiques-taxfr\">Facteurs climatiques<\/a><br \/>\n<a href=\"\/?page_id=21299&#038;fwp_themen=classification-climatique-taxfr\">Classification climatique <\/a>[\/vc_column_text][vc_separator][vc_column_text css_animation=\u00a0\u00bbbottom-to-top\u00a0\u00bb]<\/p>\n<h3><a href=\"\/?page_id=21299&#038;fwp_themen=risques-climatiques-et-dangers-naturels-taxfr\">Risques climatiques et dangers naturels<\/a><\/h3>\n<p><a href=\"\/?page_id=21299&#038;fwp_themen=emissions-de-gaz-a-effet-de-serre-taxfr\">\u00c9missions de gaz \u00e0 effet de serre<\/a><br \/>\n<a href=\"\/?page_id=21299&#038;fwp_themen=fonte-des-glaciers-taxfr\">Fonte des glaciers<\/a><br \/>\n<a href=\"\/?page_id=21299&#038;fwp_themen=hausse-du-niveau-des-mers-et-des-oceans-taxfr\">Hausse du niveau des mers et des oc\u00e9ans<\/a><br \/>\n<a href=\"\/?page_id=21299&#038;fwp_themen=secheresse-et-desertification-taxfr\">S\u00e9cheresse et d\u00e9sertification<\/a><br \/>\n<a href=\"\/?page_id=21299&#038;fwp_themen=anomalies-climatiques-taxfr\">Anomalies climatiques<\/a><br \/>\n<a href=\"\/?page_id=21299&#038;fwp_themen=seisme-taxfr\">S\u00e9isme<\/a><br \/>\n<a href=\"\/?page_id=21299&#038;fwp_themen=tsunami-taxfr\">Tsunami<\/a><br \/>\n<a href=\"\/?page_id=21299&#038;fwp_themen=inondations-taxfr\">Inondations<\/a><br \/>\n<a href=\"\/?page_id=21299&#038;fwp_themen=cyclones-taxfr\">Cyclones<\/a>[\/vc_column_text][vc_separator][vc_column_text css_animation=\u00a0\u00bbbottom-to-top\u00a0\u00bb]<\/p>\n<h3><a href=\"\/?page_id=21299&#038;fwp_themen=atteintes-a-lenvironnement-taxfr\">Atteintes \u00e0 l&rsquo;environnement<\/a><\/h3>\n<p><a href=\"\/?page_id=21299&#038;fwp_themen=pollution-du-sol-taxfr\">Pollution du sol<\/a><br \/>\n<a href=\"\/?page_id=21299&#038;fwp_themen=utilisation-de-leau-taxfr\">Utilisation de l&rsquo;eau<\/a><br \/>\n<a href=\"\/?page_id=21299&#038;fwp_themen=deforestation-taxfr\">D\u00e9forestation<\/a><br \/>\n<a href=\"\/?page_id=21299&#038;fwp_themen=conflits-dutilisation-taxfr\">Conflits d&rsquo;utilisation<\/a><br \/>\n<a href=\"\/?page_id=21299&#038;fwp_themen=pertes-dhabitat-taxfr\">Pertes d&rsquo;habitat<\/a><br \/>\n<a href=\"\/?page_id=21299&#038;fwp_themen=radioactivite-taxfr\">Radioactivit\u00e9<\/a>[\/vc_column_text][vc_separator][vc_column_text css_animation=\u00a0\u00bbbottom-to-top\u00a0\u00bb]<\/p>\n<h3><a href=\"\/?page_id=21299&#038;fwp_themen=population-et-societe-taxfr\">Population et Soci\u00e9t\u00e9<\/a><\/h3>\n<p><a href=\"\/?page_id=21299&#038;fwp_themen=demographie-taxfr\">D\u00e9mographie<\/a><br \/>\n<a href=\"\/?page_id=21299&#038;fwp_themen=ethnies-taxfr\">Ethnies<\/a><br \/>\n<a href=\"\/?page_id=21299&#038;fwp_themen=langues-taxfr\">Langues<\/a><br \/>\n<a href=\"\/?page_id=21299&#038;fwp_themen=religions-taxfr\">Religions<\/a><br \/>\n<a href=\"\/?page_id=21299&#038;fwp_themen=politique-taxfr\">Politique<\/a><br \/>\n<a href=\"\/?page_id=21299&#038;fwp_themen=formation-taxfr\">Formation<\/a><br \/>\n<a href=\"\/?page_id=21299&#038;fwp_themen=migration-et-mobilite-taxfr\">Migration et mobilit\u00e9<\/a><br \/>\n<a href=\"\/?page_id=21299&#038;fwp_themen=sante-et-alimentation-taxfr\">Sant\u00e9 et alimentation<\/a><br \/>\n<a href=\"\/?page_id=21299&#038;fwp_themen=inegalites-taxfr\">In\u00e9galit\u00e9s<\/a><br \/>\n<a href=\"\/?page_id=21299&#038;fwp_themen=conflits-taxfr\">Conflits<\/a>[\/vc_column_text][vc_separator][vc_column_text css_animation=\u00a0\u00bbbottom-to-top\u00a0\u00bb]<\/p>\n<h3><a href=\"\/?page_id=21299&#038;fwp_themen=0435ed8de1b82d3da6605f3ea4e1a334\">Am\u00e9nagement du territoire et d\u00e9veloppement du paysage<\/a><\/h3>\n<p><a href=\"\/?page_id=21299&#038;fwp_themen=structure-politique-taxfr\">Structure politique<\/a><br \/>\n<a href=\"\/?page_id=21299&#038;fwp_themen=evolution-historique-taxfr\">\u00c9volution historique<\/a><br \/>\n<a href=\"\/?page_id=21299&#038;fwp_themen=organisations-internationales-taxfr\">Organisations internationales<\/a><br \/>\n<a href=\"\/?page_id=21299&#038;fwp_themen=types-despace-et-structures-du-paysage-taxfr\">Types d\u2019espace et structures du paysage<\/a><br \/>\n<a href=\"\/?page_id=21299&#038;fwp_themen=mitage-taxfr\">Mitage<\/a><br \/>\n<a href=\"\/?page_id=21299&#038;fwp_themen=gain-de-terres-taxfr\">Gain de terres<\/a>[\/vc_column_text][vc_separator][vc_column_text css_animation=\u00a0\u00bbbottom-to-top\u00a0\u00bb]<\/p>\n<h3><a href=\"\/?page_id=21299&#038;fwp_themen=zones-dhabitation-taxfr\">Zones d&rsquo;habitation<\/a><\/h3>\n<p><a href=\"\/?page_id=21299&#038;fwp_themen=structure-urbaine-taxfr\">Structure urbaine<\/a><br \/>\n<a href=\"\/?page_id=21299&#038;fwp_themen=developpement-urbain-taxfr\">D\u00e9veloppement urbain<\/a><br \/>\n<a href=\"\/?page_id=21299&#038;fwp_themen=amenagement-urbain-taxfr\">Am\u00e9nagement urbain<\/a><br \/>\n<a href=\"\/?page_id=21299&#038;fwp_themen=segregation-taxfr\">S\u00e9gr\u00e9gation<\/a><br \/>\n<a href=\"\/?page_id=21299&#038;fwp_themen=decoupage-fonctionnel-taxfr\">D\u00e9coupage fonctionnel<\/a><br \/>\n<a href=\"\/?page_id=21299&#038;fwp_themen=urbanisation-taxfr\">Urbanisation<\/a><br \/>\n<a href=\"\/?page_id=21299&#038;fwp_themen=megapoles-et-villes-monde-taxfr\">M\u00e9gapoles et villes-monde<\/a><br \/>\n<a href=\"\/?page_id=21299&#038;fwp_themen=agglomerations-taxfr\">Agglom\u00e9rations<\/a>[\/vc_column_text][vc_separator][vc_column_text css_animation=\u00a0\u00bbbottom-to-top\u00a0\u00bb]<\/p>\n<h3><a href=\"\/?page_id=21299&#038;fwp_themen=economie-taxfr\">\u00c9conomie<\/a><\/h3>\n<p><a href=\"\/?page_id=21299&#038;fwp_themen=structure-economique-taxfr\">Structure \u00e9conomique<\/a><br \/>\n<a href=\"\/?page_id=21299&#038;fwp_themen=situation-economique-taxfr\">Situation \u00e9conomique<\/a><br \/>\n<a href=\"\/?page_id=21299&#038;fwp_themen=travail-taxfr\">Travail<\/a><br \/>\n<a href=\"\/?page_id=21299&#038;fwp_themen=agriculture-sylviculture-et-peche-taxfr\">Agriculture, sylviculture et p\u00eache<\/a><br \/>\n<a href=\"\/?page_id=21299&#038;fwp_themen=mines-industrie-et-artisanat-taxfr\">Mines, industrie et artisanat<\/a><br \/>\n<a href=\"\/?page_id=21299&#038;fwp_themen=prestations-de-services-taxfr\">Prestations de services<\/a><br \/>\n<a href=\"\/?page_id=21299&#038;fwp_themen=tourisme-et-loisir-taxfr\">Tourisme et loisir<\/a><br \/>\n<a href=\"\/?page_id=21299&#038;fwp_themen=consommation-taxfr\">Consommation<\/a><br \/>\n<a href=\"\/?page_id=21299&#038;fwp_themen=energie-taxfr\">\u00c9nergie<\/a><br \/>\n<a href=\"\/?page_id=21299&#038;fwp_themen=commerce-taxfr\">Commerce<\/a><br \/>\n<a href=\"\/?page_id=21299&#038;fwp_themen=transports-taxfr\">Transports<\/a><br \/>\n<a href=\"\/?page_id=21299&#038;fwp_themen=mondialisation-taxfr\">Mondialisation<\/a>[\/vc_column_text][vc_separator][vc_column_text]<\/p>\n<h3><a href=\"\/?page_id=21299&#038;fwp_themen=relations-entre-lhomme-et-lenvironnement-taxfr\">Relations entre l\u2019homme et l\u2019environnement<\/a><\/h3>\n<p><a href=\"\/?page_id=21299&#038;fwp_themen=enjeux-sociaux-taxfr\">Enjeux sociaux<\/a><br \/>\n<a href=\"\/?page_id=21299&#038;fwp_themen=enjeux-economiques-taxfr\">Enjeux \u00e9conomiques<\/a><br \/>\n<a href=\"\/?page_id=21299&#038;fwp_themen=enjeux-ecologiques-taxfr\">Enjeux \u00e9cologiques<\/a><br \/>\n<a href=\"\/?page_id=21299&#038;fwp_themen=approches-et-solutions-potentielles-taxfr\">Approches et solutions potentielles<\/a>[\/vc_column_text][\/vc_column][\/vc_row]<\/p>\n<\/div>","protected":false},"excerpt":{"rendered":"<p>[vc_row][vc_column width=\u00a0\u00bb2\/3&Prime;][vc_empty_space height=\u00a0\u00bb60px\u00a0\u00bb][vc_column_text]Contenu de l&rsquo;Atlas[\/vc_column_text][\/vc_column][vc_column width=\u00a0\u00bb1\/3&Prime;][\/vc_column][\/vc_row][vc_row][vc_column width=\u00a0\u00bb1\/2&Prime;][vc_column_text] R\u00e9gions [\/vc_column_text][vc_separator][vc_column_text css_animation=\u00a0\u00bbbottom-to-top\u00a0\u00bb] Introduction G\u00e9oinformation Projections cartographiques R\u00e9alit\u00e9 et carte L\u00e9gende et organisation \u00c9chelle et g\u00e9n\u00e9ralisation Composition et structure des cartes Types de carte et formes de visualisation Cartes nationales Comp\u00e9tences cartographiques et maniement des cartes[\/vc_column_text][vc_separator][vc_column_text css_animation=\u00a0\u00bbbottom-to-top\u00a0\u00bb] Suisse Suisse \u2013 Vue d&rsquo;ensemble Suisse \u2013 R\u00e9gions[\/vc_column_text][vc_separator][vc_column_text css_animation=\u00a0\u00bbbottom-to-top\u00a0\u00bb] Europe Pays [&hellip;]<\/p>\n","protected":false},"author":7,"featured_media":0,"parent":0,"menu_order":0,"comment_status":"closed","ping_status":"closed","template":"page-templates\/full_width_no_title.php","meta":{"_acf_changed":false,"footnotes":""},"class_list":["post-18440","page","type-page","status-publish","hentry"],"acf":[],"_links":{"self":[{"href":"https:\/\/www.schweizerweltatlas.ch\/fr\/wp-json\/wp\/v2\/pages\/18440","targetHints":{"allow":["GET"]}}],"collection":[{"href":"https:\/\/www.schweizerweltatlas.ch\/fr\/wp-json\/wp\/v2\/pages"}],"about":[{"href":"https:\/\/www.schweizerweltatlas.ch\/fr\/wp-json\/wp\/v2\/types\/page"}],"author":[{"embeddable":true,"href":"https:\/\/www.schweizerweltatlas.ch\/fr\/wp-json\/wp\/v2\/users\/7"}],"replies":[{"embeddable":true,"href":"https:\/\/www.schweizerweltatlas.ch\/fr\/wp-json\/wp\/v2\/comments?post=18440"}],"version-history":[{"count":3,"href":"https:\/\/www.schweizerweltatlas.ch\/fr\/wp-json\/wp\/v2\/pages\/18440\/revisions"}],"predecessor-version":[{"id":22770,"href":"https:\/\/www.schweizerweltatlas.ch\/fr\/wp-json\/wp\/v2\/pages\/18440\/revisions\/22770"}],"wp:attachment":[{"href":"https:\/\/www.schweizerweltatlas.ch\/fr\/wp-json\/wp\/v2\/media?parent=18440"}],"curies":[{"name":"wp","href":"https:\/\/api.w.org\/{rel}","templated":true}]}}