{"id":17807,"date":"2017-06-14T19:47:18","date_gmt":"2017-06-14T17:47:18","guid":{"rendered":"https:\/\/www.schweizerweltatlas.ch\/swaweb\/references\/"},"modified":"2018-07-19T11:48:40","modified_gmt":"2018-07-19T09:48:40","slug":"references","status":"publish","type":"page","link":"https:\/\/www.schweizerweltatlas.ch\/fr\/references\/","title":{"rendered":"R\u00e9f\u00e9rences"},"content":{"rendered":"<div class=\"wpb-content-wrapper\"><p>[vc_row css_animation=\u00a0\u00bbbottom-to-top\u00a0\u00bb][vc_column width=\u00a0\u00bb2\/3&Prime;][vc_empty_space height=\u00a0\u00bb60px\u00a0\u00bb][vc_column_text]<strong>R\u00e9f\u00e9rences<\/strong>[\/vc_column_text][vc_column_text]<\/p>\n<h1>Ce que les autres disent du nouvel Atlas Mondial Suisse<\/h1>\n<p>[\/vc_column_text][\/vc_column][vc_column width=\u00a0\u00bb1\/3&Prime;][\/vc_column][\/vc_row][vc_row gap=\u00a0\u00bb5&Prime; equal_height=\u00a0\u00bbyes\u00a0\u00bb content_placement=\u00a0\u00bbtop\u00a0\u00bb][vc_column css_animation=\u00a0\u00bbbottom-to-top\u00a0\u00bb width=\u00a0\u00bb1\/3&Prime; css=\u00a0\u00bb.vc_custom_1495121371398{background-color: #f7f7f7 !important;}\u00a0\u00bb][vc_column_text]<\/p>\n<h2><em>\u00abL\u2018Atlas Mondial Suisse permet de mieux comprendre la terre.\u00bb<\/em><\/h2>\n<p><strong><br \/>\nC.T.<\/strong>, \u00e9l\u00e8ve de 3<sup>e\u00a0<\/sup>secondaire \u00e0 la Schulhaus Gelbhausgarten, Schaffhouse[\/vc_column_text][vc_toggle title=\u00a0\u00bb\u00a0\u00bb style=\u00a0\u00bbround\u00a0\u00bb color=\u00a0\u00bbjuicy_pink\u00a0\u00bb]<em>\u00abJ\u2019appr\u00e9cie l\u2018Atlas Mondial Suisse car il nous aide \u00e0 bien travailler et \u00e0 trouver ce que l\u2019on cherche. Il permet aussi de mieux comprendre la terre et son aspect visuel est attrayant.\u00bb<\/em>[\/vc_toggle][vc_empty_space][\/vc_column][vc_column css_animation=\u00a0\u00bbtop-to-bottom\u00a0\u00bb width=\u00a0\u00bb2\/3&Prime; css=\u00a0\u00bb.vc_custom_1495121379869{background-color: #f7f7f7 !important;}\u00a0\u00bb][vc_column_text]<\/p>\n<h2><em>\u00abLe nouvel Atlas Mondial Suisse est un \u00e9l\u00e9ment important du cours de g\u00e9ographie.\u00bb<\/em><\/h2>\n<p>[\/vc_column_text][vc_single_image image=\u00a0\u00bb16241&Prime; style=\u00a0\u00bbvc_box_circle_2&Prime; css_animation=\u00a0\u00bbfadeIn\u00a0\u00bb][vc_column_text]<strong>Prof. Dr. Monika Reuschenbach<\/strong>, Enseignante \u00e0 la P\u00e4dagogische Hochschule Zurich, responsable du projet \u00ab<a href=\"https:\/\/www.lmvz.ch\/schule\/weltsicht\">Weltsicht<\/a>\u00bb, membre de la commission consultative Atlas Mondial Suisse[\/vc_column_text][vc_toggle title=\u00a0\u00bb\u00a0\u00bb style=\u00a0\u00bbround\u00a0\u00bb color=\u00a0\u00bbjuicy_pink\u00a0\u00bb]<em>\u00abLa nouvelle \u00e9dition de l\u2018Atlas Mondial Suisse sera \u00e0 l\u2019avenir un \u00e9l\u00e9ment important du cours de g\u00e9ographie. L\u2019atlas sert de base au nouveau manuel \u00ab<a href=\"http:\/\/www.lmvz.ch\/zukunft\/weltsicht\">Weltsicht<\/a>\u00bb qui sera commercialis\u00e9 au printemps 2018 dans toute la Suisse al\u00e9manique et destin\u00e9 aux enseignants du degr\u00e9 secondaire I. <\/em><\/p>\n<p><em>On est impressionn\u00e9 par de nouvelles cartes, de nombreuses r\u00e9f\u00e9rences th\u00e9matiques pour le cours de g\u00e9ographie contemporaine, une pr\u00e9sentation simple et structur\u00e9e ainsi que des informations utiles \u00e0 l\u2019acquisition de la comp\u00e9tence du rep\u00e9rage. Pour le d\u00e9veloppement de \u00abWeltsicht\u00bb, il \u00e9tait important de disposer de cartes suffisamment d\u00e9taill\u00e9es pour que le manuel puisse s\u2019y r\u00e9f\u00e9rer et pour que les cartes puissent servir d\u2019outils p\u00e9dagogiques. Les enseignants se r\u00e9jouissent d\u2019ores et d\u00e9j\u00e0 de la prochaine parution de ces deux ouvrages et de leurs r\u00e9f\u00e9rences, et peuvent d\u00e8s cette ann\u00e9e, utiliser l\u2019Atlas Mondial comme un outil de travail et de r\u00e9flexion.\u00bb<\/em>[\/vc_toggle][vc_empty_space][\/vc_column][\/vc_row][vc_row gap=\u00a0\u00bb5&Prime; equal_height=\u00a0\u00bbyes\u00a0\u00bb content_placement=\u00a0\u00bbtop\u00a0\u00bb][vc_column css_animation=\u00a0\u00bbbottom-to-top\u00a0\u00bb width=\u00a0\u00bb1\/3&Prime; css=\u00a0\u00bb.vc_custom_1495121371398{background-color: #f7f7f7 !important;}\u00a0\u00bb][vc_column_text]<\/p>\n<h2><em>\u00abAtlas Mondial Suisse: un outil p\u00e9dagogique incontournable pour l\u2018enseignement de la g\u00e9ographie.\u00bb<\/em><\/h2>\n<p>[\/vc_column_text][vc_single_image image=\u00a0\u00bb16240&Prime; style=\u00a0\u00bbvc_box_circle_2&Prime; css_animation=\u00a0\u00bbfadeIn\u00a0\u00bb][vc_column_text]<strong>Alberto Martinelli<\/strong>, Esperto per l\u2019insegnamento nel settore medio in Ticino, membre de la commission consultative Atlas Mondial Suisse[\/vc_column_text][vc_toggle title=\u00a0\u00bb\u00a0\u00bb style=\u00a0\u00bbround\u00a0\u00bb color=\u00a0\u00bbjuicy_pink\u00a0\u00bb]<em>\u00abLe progr\u00e8s technique a transform\u00e9 nos biblioth\u00e8ques: les \u00e9tag\u00e8res se vident au fur et \u00e0 mesure que se remplissent les archives num\u00e9riques. Les nouvelles publications et \u00e9ditions sont de moins en moins imprim\u00e9es, sauf certains produits comme l\u2019Atlas Mondial Suisse. Avec ses contenus informatifs nouveaux et actualis\u00e9s ainsi que sa conception moderne, l\u2019\u00e9dition 2017 en est la preuve<strong>.<\/strong> <\/em><\/p>\n<p><em>L\u2019Atlas Mondial Suisse est un instrument incontournable pour conna\u00eetre son propre pays et le monde. ll n\u2019est pas seulement utile en classe, mais \u00e9galement \u00e0 la maison. ll permet de faire des d\u00e9couvertes et de trouver des informations plus fiables et plus compactes que sur Internet.\u00bb <\/em>[\/vc_toggle][vc_empty_space][\/vc_column][vc_column css_animation=\u00a0\u00bbtop-to-bottom\u00a0\u00bb width=\u00a0\u00bb1\/3&Prime; css=\u00a0\u00bb.vc_custom_1496158602558{background-color: #f7f7f7 !important;}\u00a0\u00bb][vc_column_text]<\/p>\n<h2><em>\u00abL\u2018Atlas Mondial Suisse est tr\u00e8s bien con\u00e7u.\u00bb<\/em><\/h2>\n<p><strong><br \/>\n<\/strong><strong>T. L.,\u00a0<\/strong>Sch\u00fclerin 3. Sek. Schulhaus Gelbhausgarten, Schaffhausen[\/vc_column_text][vc_toggle title=\u00a0\u00bb\u00a0\u00bb style=\u00a0\u00bbround\u00a0\u00bb color=\u00a0\u00bbjuicy_pink\u00a0\u00bb]<span style=\"color: #333333;\"><em>\u00abCe qui me pla\u00eet dans le nouvel Atlas Mondial Suisse est la configuration. Beaucoup de nouveaux graphiques sont introduits dans l\u2019Atlas. Je trouve aussi qu\u2019on ne peut pas se plaindre sur le design \u2013 il est magnifique!\u00bb<\/em><\/span>[\/vc_toggle][vc_empty_space][\/vc_column][vc_column css_animation=\u00a0\u00bbbottom-to-top\u00a0\u00bb width=\u00a0\u00bb1\/3&Prime; css=\u00a0\u00bb.vc_custom_1495121391064{background-color: #f7f7f7 !important;}\u00a0\u00bb][vc_column_text]<\/p>\n<h2><em>\u00abIl fournit une multitude d\u2019informations fascinantes et originales.\u00bb<\/em><\/h2>\n<p><strong>\u00a0<\/strong><\/p>\n<p><strong>Michael H\u00fcrlimann<\/strong>, enseignant \u00e0 la P\u00e4dagogische Hochschule Zurich[\/vc_column_text][vc_toggle title=\u00a0\u00bb\u00a0\u00bb style=\u00a0\u00bbround\u00a0\u00bb color=\u00a0\u00bbjuicy_pink\u00a0\u00bb]<em>\u00abChaque fois que je pr\u00e9pare mon cours de g\u00e9ographie avec l\u2018Atlas Mondial Suisse, je suis surpris par ses informations int\u00e9ressantes et distrayantes. Par exemple, je ne savais pas que la piste atterrissage de l\u2019a\u00e9roport de Bora Bora ne mesurait que 1,8\u00a0km et qu\u2019au cours des 70\u00a0derni\u00e8res ann\u00e9es, des haies brise-vent et des centres commerciaux extr\u00eamement nombreux ont fait leur apparition dans le Pays de Sargans<strong>.<\/strong> <\/em><\/p>\n<p><em>Il fournit une multitude d\u2019informations fascinantes et originales de sorte que l\u2019on est vite absorb\u00e9 par cet ouvrage. L\u2019Atlas Mondial Suisse propose aux \u00e9l\u00e8ves diff\u00e9rentes m\u00e9thodes pour analyser les cartes et r\u00e9pondre aux probl\u00e9matiques g\u00e9ographiques. Je me r\u00e9jouis donc de pouvoir transmettre le savoir-faire n\u00e9cessaire aux futurs enseignants, \u00e0 travers les applications int\u00e9ressantes et les diverses techniques qu\u2019offre l\u2019Atlas Mondial Suisse. J\u2019esp\u00e8re bien \u00e9videmment qu\u2019ils utiliseront r\u00e9guli\u00e8rement l\u2019Atlas Mondial Suisse lorsqu\u2019ils donneront un cours de g\u00e9ographie.\u00bb<\/em>[\/vc_toggle][vc_empty_space][\/vc_column][\/vc_row][vc_row gap=\u00a0\u00bb5&Prime; equal_height=\u00a0\u00bbyes\u00a0\u00bb content_placement=\u00a0\u00bbtop\u00a0\u00bb][vc_column css_animation=\u00a0\u00bbtop-to-bottom\u00a0\u00bb width=\u00a0\u00bb1\/3&Prime; css=\u00a0\u00bb.vc_custom_1496158602558{background-color: #f7f7f7 !important;}\u00a0\u00bb][vc_column_text]<\/p>\n<h2><em>\u00abL\u2018Atlas Mondial Suisse offre une pr\u00e9cision imbattable.\u00bb<\/em><\/h2>\n<p>[\/vc_column_text][vc_single_image image=\u00a0\u00bb16242&Prime; style=\u00a0\u00bbvc_box_circle_2&Prime; css_animation=\u00a0\u00bbfadeIn\u00a0\u00bb][vc_column_text]<\/p>\n<h2><\/h2>\n<p><strong>Dr. Konrad Weber<\/strong>, professeur de g\u00e9ographie dans un gymnase[\/vc_column_text][vc_toggle title=\u00a0\u00bb\u00a0\u00bb style=\u00a0\u00bbround\u00a0\u00bb color=\u00a0\u00bbjuicy_pink\u00a0\u00bb]<em>\u00abMalgr\u00e9 la densit\u00e9 \u00e9lev\u00e9e des informations, son utilisation est optimale. En effet, on peut extraire des cartes de nombreux d\u00e9tails et points communs. En classe, l\u2019Atlas Mondial Suisse permet \u00e9galement d\u2019approfondir la r\u00e9flexion<strong>.<\/strong> <\/em><\/p>\n<p><em>On y trouve par exemple la carte synoptique de la France, sur laquelle est reproduite la Corse toute enti\u00e8re et sans aucun d\u00e9calage. M\u00eame la Suisse y est repr\u00e9sent\u00e9e dans sa globalit\u00e9. Contrairement aux cartes de la France d\u2019autres \u00e9diteurs, cette carte permet de mieux percevoir l\u2019int\u00e9gration de ce pays dans son environnement, dans la topographie de l\u2019Europe et dans le r\u00e9seau de transports continental, incluant le Royaume-Uni. On y reconna\u00eet tout aussi bien le caract\u00e8re central de Paris. J\u2019appr\u00e9cie aussi beaucoup le fait que ce ne soit pas seulement les noms des grandes villes qui y soient indiqu\u00e9s, mais \u00e9galement ceux des r\u00e9gions, des zones et des territoires.\u00bb<\/em>[\/vc_toggle][vc_empty_space][\/vc_column][vc_column css_animation=\u00a0\u00bbbottom-to-top\u00a0\u00bb width=\u00a0\u00bb1\/3&Prime; css=\u00a0\u00bb.vc_custom_1495121371398{background-color: #f7f7f7 !important;}\u00a0\u00bb][vc_column_text]<\/p>\n<h2><em>\u00abMat\u00e9riaux additifs disponible en ligne \u00e9tendre l&rsquo;offre.\u00bb<\/em><\/h2>\n<p>[\/vc_column_text][vc_single_image image=\u00a0\u00bb16303&Prime; style=\u00a0\u00bbvc_box_circle_2&Prime; css_animation=\u00a0\u00bbfadeIn\u00a0\u00bb][vc_column_text]<\/p>\n<h2><\/h2>\n<p><strong>Mario Hartmann<\/strong>, professeur \u00e0 la Schulhaus Gelbhausgarten, Schaffhouse[\/vc_column_text][vc_toggle title=\u00a0\u00bb\u00a0\u00bb style=\u00a0\u00bbround\u00a0\u00bb color=\u00a0\u00bbjuicy_pink\u00a0\u00bb]<span style=\"color: #333333;\"><em>\u00abToujours plus de donn\u00e9es peuvent \u00eatre aujourd\u2019hui repr\u00e9sent\u00e9es sur les cartes. De nos jours, celles-ci repr\u00e9sentent une importante source d\u2019informations. Elles demandent par contre certaines comp\u00e9tences de lecture de cartes. L\u2019Atlas Mondial Suisse est donc un bon outil d\u2019apprentissage. L\u2019Atlas met \u00e0 disposition des moyens d\u2019apprentissage g\u00e9ographique bien s\u00e9l\u00e9ctionn\u00e9s et dans un format papier o\u00f9 les connaissances classiques peuvent \u00eatre approfondies . La l\u00e9gende suppl\u00e9mentaire est utile et repr\u00e9sente une autre am\u00e9lioration. Le mat\u00e9riel suppl\u00e9mentaire en ligne aggrandi l\u2019offre d\u2019une fa\u00e7on diff\u00e9rente et utilise les possibilit\u00e9s digitales de notre temps. L\u2019Atlas Mondial Suisse met \u00e0 disposition un outil complet qui n\u2019est plus tr\u00e8s loin des le\u00e7ons donn\u00e9es actuellement.\u00bb<\/em><\/span>[\/vc_toggle][vc_empty_space][\/vc_column][vc_column width=\u00a0\u00bb1\/3&Prime;][vc_empty_space][vc_icon type=\u00a0\u00bbmaterial\u00a0\u00bb icon_material=\u00a0\u00bbvc-material vc-material-mail_outline\u00a0\u00bb color=\u00a0\u00bbwhite\u00a0\u00bb background_style=\u00a0\u00bbrounded\u00a0\u00bb size=\u00a0\u00bblg\u00a0\u00bb css_animation=\u00a0\u00bbfadeIn\u00a0\u00bb link=\u00a0\u00bb|||\u00a0\u00bb][vc_column_text]D\u00e9sirez-vous poser une question ou \u00e9mettre une remarque? Veuillez vous mettre en relation avec nous!<br \/>\n\n<div class=\"wpcf7 no-js\" id=\"wpcf7-f17074-o1\" lang=\"de-DE\" dir=\"ltr\" data-wpcf7-id=\"17074\">\n<div class=\"screen-reader-response\"><p role=\"status\" aria-live=\"polite\" aria-atomic=\"true\"><\/p> <ul><\/ul><\/div>\n<form action=\"\/fr\/wp-json\/wp\/v2\/pages\/17807#wpcf7-f17074-o1\" method=\"post\" class=\"wpcf7-form init\" aria-label=\"Kontaktformular\" novalidate=\"novalidate\" data-status=\"init\">\n<div style=\"display: none;\">\n<input type=\"hidden\" name=\"_wpcf7\" value=\"17074\" \/>\n<input type=\"hidden\" name=\"_wpcf7_version\" value=\"6.0.4\" \/>\n<input type=\"hidden\" name=\"_wpcf7_locale\" value=\"de_DE\" \/>\n<input type=\"hidden\" name=\"_wpcf7_unit_tag\" value=\"wpcf7-f17074-o1\" \/>\n<input type=\"hidden\" name=\"_wpcf7_container_post\" value=\"0\" \/>\n<input type=\"hidden\" name=\"_wpcf7_posted_data_hash\" value=\"\" \/>\n<input type=\"hidden\" name=\"_wpcf7dtx_version\" value=\"5.0.3\" \/>\n<input type=\"hidden\" name=\"_wpcf7_recaptcha_response\" value=\"\" \/>\n<\/div>\n<p><label> Nom*<br \/>\n<span class=\"wpcf7-form-control-wrap\" data-name=\"your-name\"><input size=\"40\" maxlength=\"400\" class=\"wpcf7-form-control wpcf7-text wpcf7-validates-as-required\" aria-required=\"true\" aria-invalid=\"false\" value=\"\" type=\"text\" name=\"your-name\" \/><\/span> <\/label>\n<\/p>\n<p><label> E-Mail*<br \/>\n<span class=\"wpcf7-form-control-wrap\" data-name=\"your-email\"><input size=\"40\" maxlength=\"400\" class=\"wpcf7-form-control wpcf7-email wpcf7-validates-as-required wpcf7-text wpcf7-validates-as-email\" aria-required=\"true\" aria-invalid=\"false\" value=\"\" type=\"email\" name=\"your-email\" \/><\/span> <\/label>\n<\/p>\n<p><label> Sujet*<br \/>\n<span class=\"wpcf7-form-control-wrap\" data-name=\"your-subject\"><input size=\"40\" maxlength=\"400\" class=\"wpcf7-form-control wpcf7-text wpcf7-validates-as-required\" aria-required=\"true\" aria-invalid=\"false\" value=\"\" type=\"text\" name=\"your-subject\" \/><\/span> <\/label>\n<\/p>\n<p><label> Message*<br \/>\n<span class=\"wpcf7-form-control-wrap\" data-name=\"your-message\"><textarea cols=\"40\" rows=\"10\" maxlength=\"2000\" class=\"wpcf7-form-control wpcf7-textarea\" aria-invalid=\"false\" name=\"your-message\"><\/textarea><\/span> <\/label><br \/>\n<br \/>\n<input class=\"wpcf7-form-control wpcf7-submit has-spinner\" type=\"submit\" value=\"Envoyer\" \/>\n<\/p><div class=\"wpcf7-response-output\" aria-hidden=\"true\"><\/div>\n<\/form>\n<\/div>\n[\/vc_column_text][\/vc_column][\/vc_row][vc_row css_animation=\u00a0\u00bbbottom-to-top\u00a0\u00bb][vc_column width=\u00a0\u00bb2\/3&Prime;][vc_empty_space height=\u00a0\u00bb62px\u00a0\u00bb][vc_column_text]<strong>Distinctions<\/strong>[\/vc_column_text][\/vc_column][\/vc_row][vc_row][vc_column width=\u00a0\u00bb1\/3&Prime;][vc_column_text]<\/p>\n<h2>Prix du public ICA 2017<\/h2>\n<p>La nouvelle \u00e9dition de l\u2019atlas mondial Suisse a gagn\u00e9 le prix du public dans la cat\u00e9gorie \u00abAtlas\u00bb \u00e0 l\u2019occasion de l\u2019exposition cartographique internationale \u00e0 Washington, DC (\u00c9tats-Unis).[\/vc_column_text][\/vc_column][vc_column width=\u00a0\u00bb1\/3&Prime;][vc_column_text]<\/p>\n<h2>Prix Carto 2011<\/h2>\n<p>Prix de l\u2019innovation d\u00e9cern\u00e9 par la Soci\u00e9t\u00e9 suisse de cartographie pour l\u2018Atlas Mondial Suisse interactif.[\/vc_column_text][\/vc_column][vc_column width=\u00a0\u00bb1\/3&Prime;][vc_column_text]<\/p>\n<h2>Prix Moebius \u2013 Multim\u00e9dia 2011<\/h2>\n<p>Prix exceptionnel du meilleur d\u00e9veloppement num\u00e9rique pour le site Internet \u00abAtlas Mondial Suisse interactif\u00bb, d\u00e9cern\u00e9 par la Fondazione M\u00f6bius Lugano.[\/vc_column_text][\/vc_column][\/vc_row][vc_row][vc_column width=\u00a0\u00bb1\/3&Prime;][vc_column_text]<\/p>\n<h2>International Map Exhibition Award 1997<\/h2>\n<p>Prix pour l\u2019Atlas Mondial Suisse d\u00e9cern\u00e9 par International Cartographic Association (ICA) dans la cat\u00e9gorie \u00abAtlas\u00bb.[\/vc_column_text][\/vc_column][vc_column width=\u00a0\u00bb1\/3&Prime;][vc_column_text]<\/p>\n<h2>Goldene Schiefertafel 1994<\/h2>\n<p>Prix du outil p\u00e9dagogique pour l\u2018Atlas Mondial Suisse, d\u00e9cern\u00e9 par Jeunesse et Economie.[\/vc_column_text][\/vc_column][\/vc_row]<\/p>\n<\/div>","protected":false},"excerpt":{"rendered":"<p>[vc_row css_animation=\u00a0\u00bbbottom-to-top\u00a0\u00bb][vc_column width=\u00a0\u00bb2\/3&Prime;][vc_empty_space height=\u00a0\u00bb60px\u00a0\u00bb][vc_column_text]R\u00e9f\u00e9rences[\/vc_column_text][vc_column_text] Ce que les autres disent du nouvel Atlas Mondial Suisse [\/vc_column_text][\/vc_column][vc_column width=\u00a0\u00bb1\/3&Prime;][\/vc_column][\/vc_row][vc_row gap=\u00a0\u00bb5&Prime; equal_height=\u00a0\u00bbyes\u00a0\u00bb content_placement=\u00a0\u00bbtop\u00a0\u00bb][vc_column css_animation=\u00a0\u00bbbottom-to-top\u00a0\u00bb width=\u00a0\u00bb1\/3&Prime; css=\u00a0\u00bb.vc_custom_1495121371398{background-color: #f7f7f7 !important;}\u00a0\u00bb][vc_column_text] \u00abL\u2018Atlas Mondial Suisse permet de mieux comprendre la terre.\u00bb C.T., \u00e9l\u00e8ve de 3e\u00a0secondaire \u00e0 la Schulhaus Gelbhausgarten, Schaffhouse[\/vc_column_text][vc_toggle title=\u00a0\u00bb\u00a0\u00bb style=\u00a0\u00bbround\u00a0\u00bb color=\u00a0\u00bbjuicy_pink\u00a0\u00bb]\u00abJ\u2019appr\u00e9cie l\u2018Atlas Mondial Suisse car il nous aide \u00e0 bien travailler [&hellip;]<\/p>\n","protected":false},"author":7,"featured_media":0,"parent":0,"menu_order":0,"comment_status":"closed","ping_status":"closed","template":"page-templates\/full_width_no_title.php","meta":{"_acf_changed":false,"footnotes":""},"class_list":["post-17807","page","type-page","status-publish","hentry"],"acf":[],"_links":{"self":[{"href":"https:\/\/www.schweizerweltatlas.ch\/fr\/wp-json\/wp\/v2\/pages\/17807","targetHints":{"allow":["GET"]}}],"collection":[{"href":"https:\/\/www.schweizerweltatlas.ch\/fr\/wp-json\/wp\/v2\/pages"}],"about":[{"href":"https:\/\/www.schweizerweltatlas.ch\/fr\/wp-json\/wp\/v2\/types\/page"}],"author":[{"embeddable":true,"href":"https:\/\/www.schweizerweltatlas.ch\/fr\/wp-json\/wp\/v2\/users\/7"}],"replies":[{"embeddable":true,"href":"https:\/\/www.schweizerweltatlas.ch\/fr\/wp-json\/wp\/v2\/comments?post=17807"}],"version-history":[{"count":1,"href":"https:\/\/www.schweizerweltatlas.ch\/fr\/wp-json\/wp\/v2\/pages\/17807\/revisions"}],"predecessor-version":[{"id":22175,"href":"https:\/\/www.schweizerweltatlas.ch\/fr\/wp-json\/wp\/v2\/pages\/17807\/revisions\/22175"}],"wp:attachment":[{"href":"https:\/\/www.schweizerweltatlas.ch\/fr\/wp-json\/wp\/v2\/media?parent=17807"}],"curies":[{"name":"wp","href":"https:\/\/api.w.org\/{rel}","templated":true}]}}