{"id":17532,"date":"2017-06-14T16:48:09","date_gmt":"2017-06-14T14:48:09","guid":{"rendered":"https:\/\/www.schweizerweltatlas.ch\/swaweb\/edition-2017\/"},"modified":"2019-05-10T14:22:22","modified_gmt":"2019-05-10T12:22:22","slug":"edition_imprimee","status":"publish","type":"page","link":"https:\/\/www.schweizerweltatlas.ch\/fr\/edition_imprimee\/","title":{"rendered":"\u00c9dition imprim\u00e9e"},"content":{"rendered":"<div class=\"wpb-content-wrapper\"><p>[vc_row][vc_column css_animation=\u00a0\u00bbbottom-to-top\u00a0\u00bb width=\u00a0\u00bb2\/3&Prime;][vc_empty_space height=\u00a0\u00bb60px\u00a0\u00bb][vc_column_text]<strong>\u00c9dition imprim\u00e9e<\/strong>[\/vc_column_text][vc_column_text]<\/p>\n<h1 class=\"p1\">L&rsquo;\u00e9dition imprim\u00e9e est structur\u00e9e comme suit et son contenu est structur\u00e9.<\/h1>\n<p>[\/vc_column_text][\/vc_column][vc_column width=\u00a0\u00bb1\/3&Prime;][\/vc_column][\/vc_row][vc_row][vc_column css_animation=\u00a0\u00bbbottom-to-top\u00a0\u00bb width=\u00a0\u00bb1\/3&Prime;][vc_column_text]<\/p>\n<h2><a href=\"https:\/\/www.schweizerweltatlas.ch\/fr\/commander-latlas\/\">Commander l\u2019atlas<\/a><\/h2>\n<p>[\/vc_column_text][vc_icon type=\u00a0\u00bbmaterial\u00a0\u00bb icon_material=\u00a0\u00bbvc-material vc-material-arrow_forward\u00a0\u00bb color=\u00a0\u00bbcustom\u00a0\u00bb background_style=\u00a0\u00bbrounded\u00a0\u00bb size=\u00a0\u00bbsm\u00a0\u00bb custom_color=\u00a0\u00bb#ff0000&Prime; link=\u00a0\u00bburl:\/fr\/commander-latlas\/\u00a0\u00bb][\/vc_column][vc_column width=\u00a0\u00bb2\/3&Prime;][vc_single_image image=\u00a0\u00bb18785&Prime; img_size=\u00a0\u00bblarge\u00a0\u00bb][\/vc_column][\/vc_row][vc_row][vc_column css_animation=\u00a0\u00bbbottom-to-top\u00a0\u00bb width=\u00a0\u00bb1\/3&Prime;][\/vc_column][vc_column width=\u00a0\u00bb2\/3&Prime;][vc_column_text]<\/p>\n<div class=\"page\" title=\"Page 5\">\n<h2>Les points importants en vue d\u2019ensemble:<\/h2>\n<\/div>\n<p>[\/vc_column_text][\/vc_column][\/vc_row][vc_row gap=\u00a0\u00bb5&Prime; equal_height=\u00a0\u00bbyes\u00a0\u00bb content_placement=\u00a0\u00bbtop\u00a0\u00bb][vc_column css_animation=\u00a0\u00bbbottom-to-top\u00a0\u00bb width=\u00a0\u00bb1\/3&Prime; css=\u00a0\u00bb.vc_custom_1495121371398{background-color: #f7f7f7 !important;}\u00a0\u00bb][vc_column_text]<\/p>\n<div class=\"page\" title=\"Page 5\">\n<div class=\"layoutArea\">\n<h2><span style=\"color: #da291c;\">1. <\/span><\/h2>\n<h2>Conformit\u00e9 aux plans d\u2019\u00e9tudes<\/h2>\n<\/div>\n<\/div>\n<p>[\/vc_column_text][\/vc_column][vc_column css_animation=\u00a0\u00bbtop-to-bottom\u00a0\u00bb width=\u00a0\u00bb2\/3&Prime; css=\u00a0\u00bb.vc_custom_1495121379869{background-color: #f7f7f7 !important;}\u00a0\u00bb][vc_column_text css_animation=\u00a0\u00bbbottom-to-top\u00a0\u00bb]<span style=\"color: inherit; font-family: inherit; font-size: inherit;\">L&rsquo; Atlas Mondial Suisse a \u00e9t\u00e9 con\u00e7u sur la base du <a href=\"\/swaweb\/wp-content\/uploads\/delightful-downloads\/SWA_PER.pdf\">Plan d\u2019\u00e9tudes romand<\/a> applicable dans l\u2019enseignement secondaire et du plan d\u2019\u00e9tudes cadre de la Conf\u00e9rence suisse des directeurs cantonaux de l\u2019instruction publique (CDIP) pour les \u00e9coles de maturit\u00e9. Sa perspective p\u00e9dagogique d\u2019acquisition de comp\u00e9tences, telles que le rep\u00e9rage dans l\u2019espace, se manifeste d\u00e8s la partie introductive (pages 22\u201323). L\u2019atlas favorise une r\u00e9flexion interdisciplinaire et holistique. Dans le cadre du cours, il aide \u00e0 r\u00e9pondre \u00e0 une probl\u00e9matique et il promeut l\u2019\u00e9ducation au d\u00e9veloppement durable.<\/span>[\/vc_column_text][\/vc_column][\/vc_row][vc_row gap=\u00a0\u00bb5&Prime; equal_height=\u00a0\u00bbyes\u00a0\u00bb content_placement=\u00a0\u00bbtop\u00a0\u00bb][vc_column css_animation=\u00a0\u00bbbottom-to-top\u00a0\u00bb width=\u00a0\u00bb1\/3&Prime; css=\u00a0\u00bb.vc_custom_1495121371398{background-color: #f7f7f7 !important;}\u00a0\u00bb][vc_column_text]<\/p>\n<div class=\"page\" title=\"Page 5\">\n<div class=\"layoutArea\">\n<h2><span style=\"color: #da291c;\">2. <\/span><\/h2>\n<h2>Partie introductive<\/h2>\n<\/div>\n<\/div>\n<p>[\/vc_column_text][\/vc_column][vc_column css_animation=\u00a0\u00bbtop-to-bottom\u00a0\u00bb width=\u00a0\u00bb2\/3&Prime; css=\u00a0\u00bb.vc_custom_1495121379869{background-color: #f7f7f7 !important;}\u00a0\u00bb][vc_column_text css_animation=\u00a0\u00bbbottom-to-top\u00a0\u00bb]La partie introductive de l\u2018Atlas Mondial Suisse pr\u00e9sente les bases fondamentales de la topologie et de la cartographie. Elle explique les diff\u00e9rences entre les types de cartes et pr\u00e9sente les diverses mani\u00e8res d\u2019analyser les cartes en vue d\u2019acqu\u00e9rir des comp\u00e9tences.[\/vc_column_text][vc_icon type=\u00a0\u00bbmaterial\u00a0\u00bb icon_material=\u00a0\u00bbvc-material vc-material-arrow_forward\u00a0\u00bb color=\u00a0\u00bbcustom\u00a0\u00bb background_style=\u00a0\u00bbrounded\u00a0\u00bb size=\u00a0\u00bbsm\u00a0\u00bb custom_color=\u00a0\u00bb#ff0000&Prime; link=\u00a0\u00bburl:\/fr\/materiels\/?fwp_regionen=introduction-taxfr\u00a0\u00bb][\/vc_column][\/vc_row][vc_row gap=\u00a0\u00bb5&Prime; equal_height=\u00a0\u00bbyes\u00a0\u00bb content_placement=\u00a0\u00bbtop\u00a0\u00bb][vc_column css_animation=\u00a0\u00bbbottom-to-top\u00a0\u00bb width=\u00a0\u00bb1\/3&Prime; css=\u00a0\u00bb.vc_custom_1495121371398{background-color: #f7f7f7 !important;}\u00a0\u00bb][vc_column_text]<\/p>\n<div class=\"page\" title=\"Page 5\">\n<div class=\"layoutArea\">\n<h2><span style=\"color: #da291c;\">3. <\/span><\/h2>\n<h2>Cartes \u00e9conomiques<\/h2>\n<\/div>\n<\/div>\n<p>[\/vc_column_text][\/vc_column][vc_column css_animation=\u00a0\u00bbtop-to-bottom\u00a0\u00bb width=\u00a0\u00bb2\/3&Prime; css=\u00a0\u00bb.vc_custom_1495121379869{background-color: #f7f7f7 !important;}\u00a0\u00bb][vc_column_text css_animation=\u00a0\u00bbbottom-to-top\u00a0\u00bb]Pour les cartes \u00e9conomiques, la puissance \u00e9conomique de tous les centres urbains du monde a \u00e9t\u00e9 calcul\u00e9e et repr\u00e9sent\u00e9e au moyen de cercles proportionnels. En outre, elles affichent les principales zones d\u2019extraction de mati\u00e8res premi\u00e8res et l\u2019intensit\u00e9 de l\u2019exploitation agricole (champs, p\u00e2turages). La nouvelle carte \u00e9conomique de la Suisse contient \u00e9galement une r\u00e9partition d\u00e9taill\u00e9e par branche.[\/vc_column_text][vc_icon type=\u00a0\u00bbmaterial\u00a0\u00bb icon_material=\u00a0\u00bbvc-material vc-material-arrow_forward\u00a0\u00bb color=\u00a0\u00bbcustom\u00a0\u00bb background_style=\u00a0\u00bbrounded\u00a0\u00bb size=\u00a0\u00bbsm\u00a0\u00bb custom_color=\u00a0\u00bb#ff0000&Prime; link=\u00a0\u00bburl:\/fr\/materiels\/?fwp_themen=situation-economique-taxfr\u00a0\u00bb][\/vc_column][\/vc_row][vc_row gap=\u00a0\u00bb5&Prime; equal_height=\u00a0\u00bbyes\u00a0\u00bb content_placement=\u00a0\u00bbtop\u00a0\u00bb][vc_column css_animation=\u00a0\u00bbbottom-to-top\u00a0\u00bb width=\u00a0\u00bb1\/3&Prime; css=\u00a0\u00bb.vc_custom_1495121371398{background-color: #f7f7f7 !important;}\u00a0\u00bb][vc_column_text]<\/p>\n<div class=\"page\" title=\"Page 5\">\n<div class=\"layoutArea\">\n<h2><span style=\"color: #ff0000;\"><span style=\"color: #da291c;\">4.<\/span> <\/span><\/h2>\n<h2>Pr\u00e9sentation et aides \u00e0 la navigation<\/h2>\n<\/div>\n<\/div>\n<p>[\/vc_column_text][\/vc_column][vc_column css_animation=\u00a0\u00bbtop-to-bottom\u00a0\u00bb width=\u00a0\u00bb2\/3&Prime; css=\u00a0\u00bb.vc_custom_1495121379869{background-color: #f7f7f7 !important;}\u00a0\u00bb][vc_column_text css_animation=\u00a0\u00bbbottom-to-top\u00a0\u00bb]L\u2018Atlas Mondial Suisse a une pr\u00e9sentation qui est plus actuelle. Le formatage des cartes a \u00e9t\u00e9 uniformis\u00e9 et la mise en page a\u00e9r\u00e9e<strong>.<\/strong> L&rsquo;Atlas contient \u00e9galement une table des mati\u00e8res et un registre synoptiques ainsi qu\u2019un index th\u00e9matique et un index des toponymes complets. Un aper\u00e7u de tous les pays avec leur drapeau compl\u00e8te ce livre de 256\u00a0pages. L&rsquo;Atlas Mondial Suisse a en outre \u00e9t\u00e9 enrichi avec de nouvelles aides utiles \u00e0 la navigation, telles qu&rsquo;un r\u00e9pertoire ou une l\u00e9gende g\u00e9n\u00e9rale d\u00e9pliable, pour donner un aper\u00e7u de tout le contenu et faciliter son utilisation.[\/vc_column_text][\/vc_column][\/vc_row][vc_row gap=\u00a0\u00bb5&Prime; equal_height=\u00a0\u00bbyes\u00a0\u00bb content_placement=\u00a0\u00bbtop\u00a0\u00bb][vc_column css_animation=\u00a0\u00bbbottom-to-top\u00a0\u00bb width=\u00a0\u00bb1\/3&Prime; css=\u00a0\u00bb.vc_custom_1495121371398{background-color: #f7f7f7 !important;}\u00a0\u00bb][vc_column_text]<\/p>\n<div class=\"page\" title=\"Page 5\">\n<div class=\"layoutArea\">\n<h2><span style=\"color: #da291c;\">5. <\/span><\/h2>\n<h2>Th\u00e8mes actuels<\/h2>\n<\/div>\n<\/div>\n<p>[\/vc_column_text][\/vc_column][vc_column css_animation=\u00a0\u00bbtop-to-bottom\u00a0\u00bb width=\u00a0\u00bb2\/3&Prime; css=\u00a0\u00bb.vc_custom_1495121379869{background-color: #f7f7f7 !important;}\u00a0\u00bb][vc_column_text css_animation=\u00a0\u00bbbottom-to-top\u00a0\u00bb]De nombreuses cartes traitent des th\u00e8mes actuels de l\u2019environnement, de l\u2019\u00e9nergie, des dangers naturels, des conflits, etc. Les cartes classiques en relief sont compl\u00e9t\u00e9es par des images satellites haute r\u00e9solution repr\u00e9sentant des paysages caract\u00e9ristiques. Les faits g\u00e9ographiques sp\u00e9cifiques et complexes sont repr\u00e9sent\u00e9s par des graphiques nouveaux et d\u00e9monstratifs, tels que des profils ou des perspectives.[\/vc_column_text][vc_icon type=\u00a0\u00bbmaterial\u00a0\u00bb icon_material=\u00a0\u00bbvc-material vc-material-arrow_forward\u00a0\u00bb color=\u00a0\u00bbcustom\u00a0\u00bb background_style=\u00a0\u00bbrounded\u00a0\u00bb size=\u00a0\u00bbsm\u00a0\u00bb custom_color=\u00a0\u00bb#ff0000&Prime; link=\u00a0\u00bburl:\/fr\/materiels\/?fwp_themen=relations-entre-lhomme-et-lenvironnement-taxfr\u00a0\u00bb][\/vc_column][\/vc_row][vc_row gap=\u00a0\u00bb5&Prime; equal_height=\u00a0\u00bbyes\u00a0\u00bb content_placement=\u00a0\u00bbtop\u00a0\u00bb][vc_column css_animation=\u00a0\u00bbbottom-to-top\u00a0\u00bb width=\u00a0\u00bb1\/3&Prime; css=\u00a0\u00bb.vc_custom_1495121371398{background-color: #f7f7f7 !important;}\u00a0\u00bb][vc_column_text]<\/p>\n<div class=\"page\" title=\"Page 5\">\n<div class=\"layoutArea\">\n<h2><span style=\"color: #ff0000;\"><span style=\"color: #da291c;\">6.<\/span> <\/span><\/h2>\n<h2>Contenu complet<\/h2>\n<\/div>\n<\/div>\n<p>[\/vc_column_text][\/vc_column][vc_column css_animation=\u00a0\u00bbtop-to-bottom\u00a0\u00bb width=\u00a0\u00bb2\/3&Prime; css=\u00a0\u00bb.vc_custom_1495121379869{background-color: #f7f7f7 !important;}\u00a0\u00bb][vc_column_text css_animation=\u00a0\u00bbbottom-to-top\u00a0\u00bb]Avec plus de 430 cartes et projections, l\u2018Atlas Mondial Suisse donne une vue compl\u00e8te de notre terre. Qu\u2019elles soient topographiques, politiques ou \u00e9conomiques, ses cartes synoptiques au format uniformis\u00e9 permettent de comparer ais\u00e9ment les divers espaces g\u00e9ographiques des pays, des grandes r\u00e9gions et des continents. De plus, il permet de traiter certains th\u00e8mes de mani\u00e8re transversale en mettant en relation leurs diff\u00e9rents aspects selon des crit\u00e8res pertinents. Les cartes th\u00e9matiques sur le climat, la g\u00e9ologie ou la densit\u00e9 de population fournissent des informations plus d\u00e9taill\u00e9es qui renforcent le caract\u00e8re complet de ce nouvel atlas.[\/vc_column_text][\/vc_column][\/vc_row][vc_row gap=\u00a0\u00bb5&Prime; equal_height=\u00a0\u00bbyes\u00a0\u00bb content_placement=\u00a0\u00bbtop\u00a0\u00bb][vc_column css_animation=\u00a0\u00bbbottom-to-top\u00a0\u00bb width=\u00a0\u00bb1\/3&Prime; css=\u00a0\u00bb.vc_custom_1495121371398{background-color: #f7f7f7 !important;}\u00a0\u00bb][vc_column_text]<\/p>\n<div class=\"page\" title=\"Page 5\">\n<div class=\"layoutArea\">\n<h2><span style=\"color: #da291c;\">7. <\/span><\/h2>\n<h2>Approche repr\u00e9sentative<\/h2>\n<\/div>\n<\/div>\n<p>[\/vc_column_text][\/vc_column][vc_column css_animation=\u00a0\u00bbtop-to-bottom\u00a0\u00bb width=\u00a0\u00bb2\/3&Prime; css=\u00a0\u00bb.vc_custom_1495121379869{background-color: #f7f7f7 !important;}\u00a0\u00bb][vc_column_text css_animation=\u00a0\u00bbbottom-to-top\u00a0\u00bb]Les cartes d\u00e9taill\u00e9es et \u00e0 grande \u00e9chelle des r\u00e9gions ou des villes d\u00e9montrent que l\u2019atlas suit une approche repr\u00e9sentative pour montrer \u00e9galement des situations, ph\u00e9nom\u00e8nes ou processus g\u00e9ographiques sp\u00e9cifiques.[\/vc_column_text][\/vc_column][\/vc_row][vc_row gap=\u00a0\u00bb5&Prime; equal_height=\u00a0\u00bbyes\u00a0\u00bb content_placement=\u00a0\u00bbtop\u00a0\u00bb][vc_column css_animation=\u00a0\u00bbbottom-to-top\u00a0\u00bb width=\u00a0\u00bb1\/3&Prime; css=\u00a0\u00bb.vc_custom_1495121371398{background-color: #f7f7f7 !important;}\u00a0\u00bb][vc_column_text]<\/p>\n<div class=\"page\" title=\"Page 5\">\n<div class=\"layoutArea\">\n<h2><span style=\"color: #da291c;\">8. <\/span><\/h2>\n<h2>Uniformisation<\/h2>\n<\/div>\n<\/div>\n<p>[\/vc_column_text][\/vc_column][vc_column css_animation=\u00a0\u00bbtop-to-bottom\u00a0\u00bb width=\u00a0\u00bb2\/3&Prime; css=\u00a0\u00bb.vc_custom_1495121379869{background-color: #f7f7f7 !important;}\u00a0\u00bb][vc_column_text css_animation=\u00a0\u00bbbottom-to-top\u00a0\u00bb]Les cartes, et en particulier les plans de ville et diverses cartes th\u00e9matiques, ont \u00e9t\u00e9 uniformis\u00e9s au niveau de la forme et du contenu, ce qui facilite les comparaisons.[\/vc_column_text][\/vc_column][\/vc_row][vc_row gap=\u00a0\u00bb5&Prime; equal_height=\u00a0\u00bbyes\u00a0\u00bb content_placement=\u00a0\u00bbtop\u00a0\u00bb][vc_column css_animation=\u00a0\u00bbbottom-to-top\u00a0\u00bb width=\u00a0\u00bb1\/3&Prime; css=\u00a0\u00bb.vc_custom_1495121371398{background-color: #f7f7f7 !important;}\u00a0\u00bb][vc_column_text]<\/p>\n<div class=\"page\" title=\"Page 5\">\n<div class=\"layoutArea\">\n<h2><span style=\"color: #ff0000;\"><span style=\"color: #da291c;\">9.<\/span> <\/span><\/h2>\n<h2>Outils interactifs et documents suppl\u00e9mentaires<\/h2>\n<\/div>\n<\/div>\n<p>[\/vc_column_text][\/vc_column][vc_column css_animation=\u00a0\u00bbtop-to-bottom\u00a0\u00bb width=\u00a0\u00bb2\/3&Prime; css=\u00a0\u00bb.vc_custom_1495121379869{background-color: #f7f7f7 !important;}\u00a0\u00bb][vc_column_text css_animation=\u00a0\u00bbbottom-to-top\u00a0\u00bb]Le site Internet est compos\u00e9 pour l\u2019essentiel de toutes les cartes de l\u2018Atlas Mondial Suisse. Il reprend \u00e9galement ses documents suppl\u00e9mentaires, tels que les commentaires sur les cartes ou les explications didactiques. Il contient de nouveaux outils qui permettent de traiter certains th\u00e8mes de mani\u00e8re interactive, p. ex. la rotondit\u00e9 de la terre.[\/vc_column_text][vc_icon type=\u00a0\u00bbmaterial\u00a0\u00bb icon_material=\u00a0\u00bbvc-material vc-material-arrow_forward\u00a0\u00bb color=\u00a0\u00bbcustom\u00a0\u00bb background_style=\u00a0\u00bbrounded\u00a0\u00bb size=\u00a0\u00bbsm\u00a0\u00bb custom_color=\u00a0\u00bb#ff0000&Prime; link=\u00a0\u00bburl:\/fr\/materiels\/?fwp_material=outil-interactif\u00a0\u00bb][\/vc_column][\/vc_row][vc_row][vc_column css_animation=\u00a0\u00bbbottom-to-top\u00a0\u00bb width=\u00a0\u00bb1\/3&Prime;][vc_empty_space height=\u00a0\u00bb80px\u00a0\u00bb][vc_single_image image=\u00a0\u00bb17538&Prime; img_size=\u00a0\u00bbfull\u00a0\u00bb][\/vc_column][vc_column width=\u00a0\u00bb2\/3&Prime;][vc_empty_space height=\u00a0\u00bb80px\u00a0\u00bb][vc_column_text]<\/p>\n<h1><span style=\"color: #ff0000;\"><span style=\"color: #da291c;\">Chiffres et faits<\/span><br \/>\n<\/span><\/h1>\n<p>[\/vc_column_text][\/vc_column][\/vc_row][vc_row gap=\u00a0\u00bb5&Prime; equal_height=\u00a0\u00bbyes\u00a0\u00bb content_placement=\u00a0\u00bbtop\u00a0\u00bb][vc_column css_animation=\u00a0\u00bbbottom-to-top\u00a0\u00bb width=\u00a0\u00bb1\/3&Prime; css=\u00a0\u00bb.vc_custom_1495121371398{background-color: #f7f7f7 !important;}\u00a0\u00bb][\/vc_column][vc_column css_animation=\u00a0\u00bbtop-to-bottom\u00a0\u00bb width=\u00a0\u00bb1\/3&Prime; css=\u00a0\u00bb.vc_custom_1496158602558{background-color: #f7f7f7 !important;}\u00a0\u00bb][vc_column_text]<\/p>\n<h2>Formats<\/h2>\n<p>[\/vc_column_text][vc_toggle title=\u00a0\u00bb\u00a0\u00bb style=\u00a0\u00bbround\u00a0\u00bb color=\u00a0\u00bbjuicy_pink\u00a0\u00bb]Il y a six formats de cartes uniformes, celles-ci sont utilis\u00e9es jusqu&rsquo;\u00e0 90% dans l&rsquo;Atlas. Le reste correspond \u00e0 diff\u00e9rents formats sp\u00e9ciaux. Le format le plus utilis\u00e9 avec 114 cartes est celui de la demi-page.[\/vc_toggle][vc_empty_space][\/vc_column][vc_column css_animation=\u00a0\u00bbbottom-to-top\u00a0\u00bb width=\u00a0\u00bb1\/3&Prime; css=\u00a0\u00bb.vc_custom_1495121391064{background-color: #f7f7f7 !important;}\u00a0\u00bb][vc_column_text]<\/p>\n<h2>Dimensions<\/h2>\n<p>[\/vc_column_text][vc_toggle title=\u00a0\u00bb\u00a0\u00bb style=\u00a0\u00bbround\u00a0\u00bb color=\u00a0\u00bbjuicy_pink\u00a0\u00bb]Surface: si on d\u00e9coupait chaque page de l&rsquo;Atlas Mondial Suisse et si on les disposait les unes \u00e0 c\u00f4t\u00e9 des autres, on recouvrirait la surface d&rsquo;un parking de v\u00e9hicules de tourisme (env. 10 m\u00b2).[\/vc_toggle][vc_empty_space][\/vc_column][\/vc_row][vc_row gap=\u00a0\u00bb5&Prime; equal_height=\u00a0\u00bbyes\u00a0\u00bb content_placement=\u00a0\u00bbtop\u00a0\u00bb][vc_column css_animation=\u00a0\u00bbtop-to-bottom\u00a0\u00bb width=\u00a0\u00bb1\/3&Prime; css=\u00a0\u00bb.vc_custom_1496158602558{background-color: #f7f7f7 !important;}\u00a0\u00bb][vc_column_text]<\/p>\n<h2>Collection<\/h2>\n<p>[\/vc_column_text][vc_toggle title=\u00a0\u00bb\u00a0\u00bb style=\u00a0\u00bbround\u00a0\u00bb color=\u00a0\u00bbjuicy_pink\u00a0\u00bb]Le lexique en allemand contient un total de 19&rsquo;166\u00a0entr\u00e9es. Dans ceux en fran\u00e7ais et en italien, ils sont respectivement au nombre de 19&rsquo;200 et 19&rsquo;213\u00a0entr\u00e9es. 15&rsquo;600\u00a0entr\u00e9es sont identiques dans les trois langues.[\/vc_toggle][vc_empty_space][\/vc_column][vc_column css_animation=\u00a0\u00bbbottom-to-top\u00a0\u00bb width=\u00a0\u00bb1\/3&Prime; css=\u00a0\u00bb.vc_custom_1495121371398{background-color: #f7f7f7 !important;}\u00a0\u00bb][vc_column_text]<\/p>\n<h2>Superlatif<\/h2>\n<p>[\/vc_column_text][vc_toggle title=\u00a0\u00bb\u00a0\u00bb style=\u00a0\u00bbround\u00a0\u00bb color=\u00a0\u00bbjuicy_pink\u00a0\u00bb]Le mot le plus long de l\u2019atlas a 58 caract\u00e8res et d\u00e9signe un lieu au Pays de Galles: \u00ab<a href=\"https:\/\/fr.wikipedia.org\/wiki\/Llanfair%C2%ADpwll%C2%ADgwyn%C2%ADgyll%C2%ADgo%C2%ADgery%C2%ADchwyrn%C2%ADdrobwll%C2%ADllan%C2%ADtysilio%C2%ADgogo%C2%ADgoch\">Llanfairpwllgwyngyllgogerychwyrndrobwllllantysiliogogogoch<\/a>\u00bb.<\/p>\n<p>Les mots les plus courts ne comportent que deux caract\u00e8res: \u00abAa\u00bb, \u00abBo\u00bb, \u00abK2\u00bb, \u00abKa\u00bb, \u00abOb\u00bb, \u00abPo\u00bb et \u00abRe\u00bb.[\/vc_toggle][vc_empty_space][\/vc_column][vc_column css_animation=\u00a0\u00bbbottom-to-top\u00a0\u00bb width=\u00a0\u00bb1\/3&Prime; css=\u00a0\u00bb.vc_custom_1495121391064{background-color: #f7f7f7 !important;}\u00a0\u00bb][vc_column_text]<\/p>\n<h2>Finitions<\/h2>\n<p>[\/vc_column_text][vc_toggle title=\u00a0\u00bb\u00a0\u00bb style=\u00a0\u00bbround\u00a0\u00bb color=\u00a0\u00bbjuicy_pink\u00a0\u00bb]La derni\u00e8re carte produite imprim\u00e9e est la \u2039\u2039Besondere Sternenkonstellationen\u203a\u203a.[\/vc_toggle][vc_empty_space][\/vc_column][\/vc_row][vc_row gap=\u00a0\u00bb5&Prime; equal_height=\u00a0\u00bbyes\u00a0\u00bb content_placement=\u00a0\u00bbtop\u00a0\u00bb][vc_column css_animation=\u00a0\u00bbbottom-to-top\u00a0\u00bb width=\u00a0\u00bb1\/3&Prime; css=\u00a0\u00bb.vc_custom_1495121371398{background-color: #f7f7f7 !important;}\u00a0\u00bb][vc_column_text]<\/p>\n<h2>Favoris<\/h2>\n<p>[\/vc_column_text][vc_toggle title=\u00a0\u00bb\u00a0\u00bb style=\u00a0\u00bbround\u00a0\u00bb color=\u00a0\u00bbjuicy_pink\u00a0\u00bb]La carte dans l&rsquo;Atlas Mondial Suisse interactif\u00a0la plus souvent ouverte est \u00abTerre, vue d&rsquo;ensemble\u00bb avec 6423 cliques depuis 2013. Suivi par \u00abTerre, Relief\u00bb.[\/vc_toggle][vc_empty_space][\/vc_column][vc_column css_animation=\u00a0\u00bbtop-to-bottom\u00a0\u00bb width=\u00a0\u00bb1\/3&Prime; css=\u00a0\u00bb.vc_custom_1496158602558{background-color: #f7f7f7 !important;}\u00a0\u00bb][vc_column_text]<\/p>\n<h2>Le nom propre<\/h2>\n<p>[\/vc_column_text][vc_toggle title=\u00a0\u00bb\u00a0\u00bb style=\u00a0\u00bbround\u00a0\u00bb color=\u00a0\u00bbjuicy_pink\u00a0\u00bb]Le mot \u2039\u2039Atlas\u203a\u203a revient dans le livre 15 fois (sept fois dans la partie des cartes, huit fois dans la partie introductive.)[\/vc_toggle][vc_empty_space][\/vc_column][vc_column css_animation=\u00a0\u00bbbottom-to-top\u00a0\u00bb width=\u00a0\u00bb1\/3&Prime; css=\u00a0\u00bb.vc_custom_1495121391064{background-color: #f7f7f7 !important;}\u00a0\u00bb][\/vc_column][\/vc_row]<\/p>\n<\/div>","protected":false},"excerpt":{"rendered":"<p>[vc_row][vc_column css_animation=\u00a0\u00bbbottom-to-top\u00a0\u00bb width=\u00a0\u00bb2\/3&Prime;][vc_empty_space height=\u00a0\u00bb60px\u00a0\u00bb][vc_column_text]\u00c9dition imprim\u00e9e[\/vc_column_text][vc_column_text] L&rsquo;\u00e9dition imprim\u00e9e est structur\u00e9e comme suit et son contenu est structur\u00e9. [\/vc_column_text][\/vc_column][vc_column width=\u00a0\u00bb1\/3&Prime;][\/vc_column][\/vc_row][vc_row][vc_column css_animation=\u00a0\u00bbbottom-to-top\u00a0\u00bb width=\u00a0\u00bb1\/3&Prime;][vc_column_text] Commander l\u2019atlas [\/vc_column_text][vc_icon type=\u00a0\u00bbmaterial\u00a0\u00bb icon_material=\u00a0\u00bbvc-material vc-material-arrow_forward\u00a0\u00bb color=\u00a0\u00bbcustom\u00a0\u00bb background_style=\u00a0\u00bbrounded\u00a0\u00bb size=\u00a0\u00bbsm\u00a0\u00bb custom_color=\u00a0\u00bb#ff0000&Prime; link=\u00a0\u00bburl:\/fr\/commander-latlas\/\u00a0\u00bb][\/vc_column][vc_column width=\u00a0\u00bb2\/3&Prime;][vc_single_image image=\u00a0\u00bb18785&Prime; img_size=\u00a0\u00bblarge\u00a0\u00bb][\/vc_column][\/vc_row][vc_row][vc_column css_animation=\u00a0\u00bbbottom-to-top\u00a0\u00bb width=\u00a0\u00bb1\/3&Prime;][\/vc_column][vc_column width=\u00a0\u00bb2\/3&Prime;][vc_column_text] Les points importants en vue d\u2019ensemble: [\/vc_column_text][\/vc_column][\/vc_row][vc_row gap=\u00a0\u00bb5&Prime; equal_height=\u00a0\u00bbyes\u00a0\u00bb content_placement=\u00a0\u00bbtop\u00a0\u00bb][vc_column css_animation=\u00a0\u00bbbottom-to-top\u00a0\u00bb width=\u00a0\u00bb1\/3&Prime; css=\u00a0\u00bb.vc_custom_1495121371398{background-color: #f7f7f7 !important;}\u00a0\u00bb][vc_column_text] 1. Conformit\u00e9 aux [&hellip;]<\/p>\n","protected":false},"author":7,"featured_media":0,"parent":0,"menu_order":0,"comment_status":"closed","ping_status":"closed","template":"page-templates\/full_width_no_title.php","meta":{"_acf_changed":false,"footnotes":""},"class_list":["post-17532","page","type-page","status-publish","hentry"],"acf":[],"_links":{"self":[{"href":"https:\/\/www.schweizerweltatlas.ch\/fr\/wp-json\/wp\/v2\/pages\/17532","targetHints":{"allow":["GET"]}}],"collection":[{"href":"https:\/\/www.schweizerweltatlas.ch\/fr\/wp-json\/wp\/v2\/pages"}],"about":[{"href":"https:\/\/www.schweizerweltatlas.ch\/fr\/wp-json\/wp\/v2\/types\/page"}],"author":[{"embeddable":true,"href":"https:\/\/www.schweizerweltatlas.ch\/fr\/wp-json\/wp\/v2\/users\/7"}],"replies":[{"embeddable":true,"href":"https:\/\/www.schweizerweltatlas.ch\/fr\/wp-json\/wp\/v2\/comments?post=17532"}],"version-history":[{"count":4,"href":"https:\/\/www.schweizerweltatlas.ch\/fr\/wp-json\/wp\/v2\/pages\/17532\/revisions"}],"predecessor-version":[{"id":22718,"href":"https:\/\/www.schweizerweltatlas.ch\/fr\/wp-json\/wp\/v2\/pages\/17532\/revisions\/22718"}],"wp:attachment":[{"href":"https:\/\/www.schweizerweltatlas.ch\/fr\/wp-json\/wp\/v2\/media?parent=17532"}],"curies":[{"name":"wp","href":"https:\/\/api.w.org\/{rel}","templated":true}]}}