{"id":17377,"date":"2017-06-14T15:59:18","date_gmt":"2017-06-14T13:59:18","guid":{"rendered":"https:\/\/www.schweizerweltatlas.ch\/swaweb\/mon-nouvel-atlas-du-monde\/"},"modified":"2020-06-23T13:46:12","modified_gmt":"2020-06-23T11:46:12","slug":"mon-nouvel-atlas-du-monde","status":"publish","type":"page","link":"https:\/\/www.schweizerweltatlas.ch\/fr\/","title":{"rendered":"ATLAS MONDIAL SUISSE"},"content":{"rendered":"<div class=\"wpb-content-wrapper\"><p>[vc_row][vc_column][vc_column_text]<\/p>\n<h3><span lang=\"FR-CH\">L\u2019Atlas Mondial Suisse offre, sur la base de la version imprim\u00e9e, une vaste palette de mat\u00e9riels suppl\u00e9mentaires pour le maniement des cartes. Un acc\u00e8s tr\u00e8s intuitif \u00e0 ces contenus est possible via le \u00abmonde virtuel\u00bb.<\/span><\/h3>\n<p>[\/vc_column_text][\/vc_column][\/vc_row][vc_row][vc_column width=\u00a0\u00bb1\/3&Prime;][vc_single_image image=\u00a0\u00bb22555&Prime; img_size=\u00a0\u00bbmedium\u00a0\u00bb onclick=\u00a0\u00bbcustom_link\u00a0\u00bb css_animation=\u00a0\u00bbfadeIn\u00a0\u00bb link=\u00a0\u00bb\/fr\/edition_imprimee\/\u00a0\u00bb][vc_column_text]<\/p>\n<h2><a href=\"https:\/\/www.schweizerweltatlas.ch\/fr\/edition_imprimee\/\">\u00c9dition imprim\u00e9e<\/a><\/h2>\n<div class=\"page\" title=\"Page 2\">\n<div class=\"layoutArea\">\n<div class=\"column\">\n<p>L\u2019\u00e9dition imprim\u00e9e de l\u2019Atlas Mondial Suisse est un ouvrage de r\u00e9f\u00e9rence cartographique regroupant plus de 430 cartes, images satellite et autres illustrations sur les th\u00e8mes g\u00e9ographiques les plus divers du monde entier. Par ailleurs, cet outil p\u00e9dagogique favorise l\u2019orientation spatiale gr\u00e2ce au travail pratique sur carte en g\u00e9ographie. Il est disponible en fran\u00e7ais, en allemand et en italien.<\/p>\n<\/div>\n<\/div>\n<\/div>\n<p>[\/vc_column_text][vc_icon type=\u00a0\u00bbmaterial\u00a0\u00bb icon_material=\u00a0\u00bbvc-material vc-material-arrow_forward\u00a0\u00bb color=\u00a0\u00bbcustom\u00a0\u00bb background_style=\u00a0\u00bbrounded\u00a0\u00bb size=\u00a0\u00bbsm\u00a0\u00bb custom_color=\u00a0\u00bb#ff0000&Prime; link=\u00a0\u00bburl:%2Ffr%2Fedition_imprimee%2F|||\u00a0\u00bb][\/vc_column][vc_column width=\u00a0\u00bb1\/3&Prime;][vc_single_image image=\u00a0\u00bb22464&Prime; img_size=\u00a0\u00bbmedium\u00a0\u00bb onclick=\u00a0\u00bbcustom_link\u00a0\u00bb css_animation=\u00a0\u00bbfadeIn\u00a0\u00bb link=\u00a0\u00bb\/fr\/informations-sur-les-documents\/\u00a0\u00bb][vc_column_text]<\/p>\n<h2><a href=\"https:\/\/www.schweizerweltatlas.ch\/fr\/informations-sur-les-documents\/\">Mat\u00e9riels<\/a><\/h2>\n<div class=\"page\" title=\"Page 6\">\n<div class=\"layoutArea\">\n<div class=\"column\">\n<p>Le \u00abmonde virtuel\u00bb rec\u00e8le un grand nombre d\u2019outils p\u00e9dagogiques et didactiques comme cartes muettes, commentaires sur les cartes, explications didactiques, outils interactifs et hyperliens. Il aide l\u2019enseignant(e) \u00e0 organiser un cours captivant en faisant appel \u00e0 des m\u00e9dias tr\u00e8s divers. La r\u00e9daction se r\u00e9jouit de toute suggestion visant \u00e0 am\u00e9liorer encore son offre.<\/p>\n<\/div>\n<\/div>\n<\/div>\n<p>[\/vc_column_text][vc_empty_space height=\u00a0\u00bb24px\u00a0\u00bb][vc_icon type=\u00a0\u00bbmaterial\u00a0\u00bb icon_material=\u00a0\u00bbvc-material vc-material-arrow_forward\u00a0\u00bb color=\u00a0\u00bbcustom\u00a0\u00bb background_style=\u00a0\u00bbrounded\u00a0\u00bb size=\u00a0\u00bbsm\u00a0\u00bb custom_color=\u00a0\u00bb#ff0000&Prime; link=\u00a0\u00bburl:%2Ffr%2Finformations-sur-les-documents%2F|||\u00a0\u00bb][\/vc_column][vc_column width=\u00a0\u00bb1\/3&Prime;][vc_single_image image=\u00a0\u00bb22477&Prime; img_size=\u00a0\u00bbmedium\u00a0\u00bb onclick=\u00a0\u00bbcustom_link\u00a0\u00bb css_animation=\u00a0\u00bbfadeIn\u00a0\u00bb link=\u00a0\u00bb\/fr\/materiels\/\u00a0\u00bb][vc_column_text]<\/p>\n<h2><a href=\"\/?page_id=21299\">Acc\u00e8s intuitif<\/a><\/h2>\n<p>Le \u00abmonde virtuel\u00bb est bas\u00e9 sur les cartes et illustrations imprim\u00e9es, permettant ainsi un acc\u00e8s intuitif aux documents suppl\u00e9mentaires. L\u2019acc\u00e8s se fait \u00e0 l\u2019aide d\u2019un moteur de recherche et de filtres. Il est possible de proc\u00e9der \u00e0 une recherche libre \u00e0 l\u2019aide de mots-cl\u00e9s ou \u00e0 la recherche concr\u00e8te de titres de carte, de r\u00e9gions ou encore de th\u00e8mes. Gr\u00e2ce aux filtres, les documents suppl\u00e9mentaires peuvent \u00eatre affich\u00e9s par rubriques.[\/vc_column_text][vc_icon type=\u00a0\u00bbmaterial\u00a0\u00bb icon_material=\u00a0\u00bbvc-material vc-material-arrow_forward\u00a0\u00bb color=\u00a0\u00bbcustom\u00a0\u00bb background_style=\u00a0\u00bbrounded\u00a0\u00bb size=\u00a0\u00bbsm\u00a0\u00bb custom_color=\u00a0\u00bb#ff0000&Prime; link=\u00a0\u00bburl:%2Ffr%2Fmateriels%2F|||\u00a0\u00bb][\/vc_column][\/vc_row]<\/p>\n<\/div>","protected":false},"excerpt":{"rendered":"<p>Ouvrage de r\u00e9f\u00e9rence cartographique et outil p\u00e9dagogique pour l\u2019enseignement de la g\u00e9ographie<\/p>\n","protected":false},"author":7,"featured_media":0,"parent":0,"menu_order":0,"comment_status":"closed","ping_status":"closed","template":"page-templates\/front_page.php","meta":{"_acf_changed":false,"footnotes":""},"class_list":["post-17377","page","type-page","status-publish","hentry"],"acf":[],"_links":{"self":[{"href":"https:\/\/www.schweizerweltatlas.ch\/fr\/wp-json\/wp\/v2\/pages\/17377","targetHints":{"allow":["GET"]}}],"collection":[{"href":"https:\/\/www.schweizerweltatlas.ch\/fr\/wp-json\/wp\/v2\/pages"}],"about":[{"href":"https:\/\/www.schweizerweltatlas.ch\/fr\/wp-json\/wp\/v2\/types\/page"}],"author":[{"embeddable":true,"href":"https:\/\/www.schweizerweltatlas.ch\/fr\/wp-json\/wp\/v2\/users\/7"}],"replies":[{"embeddable":true,"href":"https:\/\/www.schweizerweltatlas.ch\/fr\/wp-json\/wp\/v2\/comments?post=17377"}],"version-history":[{"count":8,"href":"https:\/\/www.schweizerweltatlas.ch\/fr\/wp-json\/wp\/v2\/pages\/17377\/revisions"}],"predecessor-version":[{"id":23404,"href":"https:\/\/www.schweizerweltatlas.ch\/fr\/wp-json\/wp\/v2\/pages\/17377\/revisions\/23404"}],"wp:attachment":[{"href":"https:\/\/www.schweizerweltatlas.ch\/fr\/wp-json\/wp\/v2\/media?parent=17377"}],"curies":[{"name":"wp","href":"https:\/\/api.w.org\/{rel}","templated":true}]}}