{"id":17277,"date":"2017-06-14T15:39:31","date_gmt":"2017-06-14T13:39:31","guid":{"rendered":"https:\/\/www.schweizerweltatlas.ch\/swaweb\/informations-sur-les-documents\/"},"modified":"2024-09-30T12:45:24","modified_gmt":"2024-09-30T10:45:24","slug":"informations-sur-les-documents","status":"publish","type":"page","link":"https:\/\/www.schweizerweltatlas.ch\/fr\/informations-sur-les-documents\/","title":{"rendered":"Infos sur les documents"},"content":{"rendered":"<div class=\"wpb-content-wrapper\"><p>[vc_row][vc_column width=\u00a0\u00bb2\/3&Prime;][vc_empty_space height=\u00a0\u00bb60px\u00a0\u00bb][vc_column_text]<strong>Informations sur les documents<\/strong>[\/vc_column_text][vc_column_text]<\/p>\n<h1>Toute une s\u00e9rie de documents suppl\u00e9mentaires est propos\u00e9e avec l\u2019Atlas Mondial Suisse.<\/h1>\n<p>[\/vc_column_text][\/vc_column][vc_column width=\u00a0\u00bb1\/3&Prime;][\/vc_column][\/vc_row][vc_row][vc_column][vc_column_text]<\/p>\n<h3>Vous trouverez ci-dessous des explications sur les types de documents et leur finalit\u00e9, et d\u00e9couvrirez en quoi ils pr\u00e9sentent une r\u00e9elle valeur ajout\u00e9e. Les cartes compl\u00e8tes de l\u2019Atlas Mondial Suisse ne sont pas disponible en ligne.<\/h3>\n<p>[\/vc_column_text][\/vc_column][\/vc_row][vc_row][vc_column width=\u00a0\u00bb1\/12&Prime;][vc_single_image image=\u00a0\u00bb21129&Prime; img_size=\u00a0\u00bb60 x 60&Prime; alignment=\u00a0\u00bbcenter\u00a0\u00bb onclick=\u00a0\u00bbcustom_link\u00a0\u00bb css=\u00a0\u00bb\u00a0\u00bb link=\u00a0\u00bb\/materiels\/\u00a0\u00bb][\/vc_column][vc_column width=\u00a0\u00bb3\/12&Prime;][vc_empty_space height=\u00a0\u00bb12px\u00a0\u00bb][vc_toggle title=\u00a0\u00bbAper\u00e7u mosa\u00efque\u00a0\u00bb style=\u00a0\u00bbarrow\u00a0\u00bb size=\u00a0\u00bbsm\u00a0\u00bb]Les r\u00e9sultats de recherche sont affich\u00e9s sous forme de mosa\u00efque. De plus grandes images illustrent la vari\u00e9t\u00e9 des cartes et invitent \u00e0 la navigation.[\/vc_toggle][\/vc_column][vc_column width=\u00a0\u00bb1\/12&Prime;][vc_single_image image=\u00a0\u00bb21130&Prime; img_size=\u00a0\u00bb60&#215;60&Prime; alignment=\u00a0\u00bbcenter\u00a0\u00bb onclick=\u00a0\u00bbcustom_link\u00a0\u00bb css=\u00a0\u00bb\u00a0\u00bb link=\u00a0\u00bb\/vueenliste\/\u00a0\u00bb][\/vc_column][vc_column width=\u00a0\u00bb3\/12&Prime;][vc_empty_space height=\u00a0\u00bb12px\u00a0\u00bb][vc_toggle title=\u00a0\u00bbAper\u00e7u liste\u00a0\u00bb style=\u00a0\u00bbarrow\u00a0\u00bb size=\u00a0\u00bbsm\u00a0\u00bb]Les r\u00e9sultats de recherche sont affich\u00e9 en tant que liste compacte. Ceci fournit aussi un bon aper\u00e7u des informations suppl\u00e9mentaires pr\u00e9sentes par carte.[\/vc_toggle][\/vc_column][vc_column width=\u00a0\u00bb1\/12&Prime;][vc_single_image image=\u00a0\u00bb21690&Prime; img_size=\u00a0\u00bb60&#215;60&Prime; alignment=\u00a0\u00bbcenter\u00a0\u00bb onclick=\u00a0\u00bbcustom_link\u00a0\u00bb link=\u00a0\u00bb..\/globe-virtuel\/\u00a0\u00bb][\/vc_column][vc_column width=\u00a0\u00bb3\/12&Prime;][vc_empty_space height=\u00a0\u00bb12px\u00a0\u00bb][vc_toggle title=\u00a0\u00bbGlobe virtuel\u00a0\u00bb style=\u00a0\u00bbarrow\u00a0\u00bb size=\u00a0\u00bbsm\u00a0\u00bb]Extraits de r\u00e9gions cartographi\u00e9s projet\u00e9s sur un globe 3D. D\u00e9couverte interactive de pays, de r\u00e9gions, de villes et d&rsquo;images satellites par zoom, rotation et clic.[\/vc_toggle][\/vc_column][\/vc_row][vc_row gap=\u00a0\u00bb5&Prime; equal_height=\u00a0\u00bbyes\u00a0\u00bb content_placement=\u00a0\u00bbtop\u00a0\u00bb][vc_column css_animation=\u00a0\u00bbbottom-to-top\u00a0\u00bb width=\u00a0\u00bb1\/3&Prime; css=\u00a0\u00bb.vc_custom_1495121371398{background-color: #f7f7f7 !important;}\u00a0\u00bb][vc_column_text]<\/p>\n<h2><span style=\"color: #da291c;\">Carte vierge<\/span><\/h2>\n<p>[\/vc_column_text][vc_single_image image=\u00a0\u00bb11804&Prime; img_size=\u00a0\u00bblarge\u00a0\u00bb style=\u00a0\u00bbvc_box_shadow\u00a0\u00bb onclick=\u00a0\u00bblink_image\u00a0\u00bb][\/vc_column][vc_column css_animation=\u00a0\u00bbtop-to-bottom\u00a0\u00bb width=\u00a0\u00bb2\/3&Prime; css=\u00a0\u00bb.vc_custom_1496158602558{background-color: #f7f7f7 !important;}\u00a0\u00bb][vc_column_text]Une carte vierge est une carte sans inscriptions. Elle peut par exemple servir de support pour consigner les faits g\u00e9ographiques inf\u00e9r\u00e9s.<\/p>\n<p>&nbsp;<\/p>\n<p>Les cartes muettes ont \u00e9t\u00e9 con\u00e7ues pour \u00eatre utilis\u00e9es en cours et avec l\u2019Atlas Mondial Suisse. Elles pr\u00e9sentent les caract\u00e9ristiques de diff\u00e9rents domaines cartographiques, tels que les fronti\u00e8res, les cours d\u2019eau et les lacs, le relief, etc., qui peuvent \u00eatre activ\u00e9es et d\u00e9sactiv\u00e9es directement dans le document au format PDF. En outre, la structure politique, la topographie et le relief des <b class=\"b2\"><\/b>zones g\u00e9ographiques s\u00e9lectionn\u00e9es sont propos\u00e9s au t\u00e9l\u00e9chargement sous forme d&rsquo;images JPEG.<\/p>\n<p>&nbsp;<\/p>\n<p><strong>Remarque:<\/strong> Pour afficher et masquer les couches dans les cartes vierges, nous recommandons Adobe Acrobat Reader. Le Javascript requis n&rsquo;est pas support\u00e9 dans le browser et l&rsquo;aper\u00e7u Mac.[\/vc_column_text][vc_icon type=\u00a0\u00bbmaterial\u00a0\u00bb icon_material=\u00a0\u00bbvc-material vc-material-arrow_forward\u00a0\u00bb color=\u00a0\u00bbcustom\u00a0\u00bb background_style=\u00a0\u00bbrounded\u00a0\u00bb size=\u00a0\u00bbsm\u00a0\u00bb custom_color=\u00a0\u00bb#ff0000&Prime; link=\u00a0\u00bburl:\/fr\/materiels\/?fwp_material=carte-vierge\u00a0\u00bb][vc_column_text]<a href=\"https:\/\/www.schweizerweltatlas.ch\/fr\/materiels\/?fwp_material=carte-vierge\">Toutes les cartes avec des cartes vierges<\/a>[\/vc_column_text][\/vc_column][\/vc_row][vc_row gap=\u00a0\u00bb5&Prime; equal_height=\u00a0\u00bbyes\u00a0\u00bb content_placement=\u00a0\u00bbtop\u00a0\u00bb][vc_column css_animation=\u00a0\u00bbbottom-to-top\u00a0\u00bb width=\u00a0\u00bb1\/3&Prime; css=\u00a0\u00bb.vc_custom_1495121371398{background-color: #f7f7f7 !important;}\u00a0\u00bb][vc_column_text]<\/p>\n<h2><span style=\"color: #da291c;\">Commentaires sur les cartes<\/span><\/h2>\n<p>[\/vc_column_text][vc_single_image image=\u00a0\u00bb18215&Prime; img_size=\u00a0\u00bblarge\u00a0\u00bb style=\u00a0\u00bbvc_box_shadow\u00a0\u00bb onclick=\u00a0\u00bblink_image\u00a0\u00bb][vc_empty_space][\/vc_column][vc_column css_animation=\u00a0\u00bbtop-to-bottom\u00a0\u00bb width=\u00a0\u00bb2\/3&Prime; css=\u00a0\u00bb.vc_custom_1496158602558{background-color: #f7f7f7 !important;}\u00a0\u00bb][vc_column_text]Les commentaires sur les cartes sont destin\u00e9s aux \u00e9l\u00e8ves, aux professeurs et \u00e0 toutes les personnes int\u00e9ress\u00e9es par les cartes. L\u2019objectif de ces commentaires est de faciliter l\u2019acc\u00e8s aux cartes ainsi que de transmettre des connaissances de base sur la zone cartographi\u00e9e et le th\u00e8me repr\u00e9sent\u00e9.<\/p>\n<p>Ils permettent en outre d\u2019infirmer ou de confirmer des conclusions ou des hypoth\u00e8ses. L\u2019int\u00e9gration de la carte dans un contexte global incite \u00e0 r\u00e9fl\u00e9chir de mani\u00e8re holistique. Les renvois aux autres cartes de l\u2019Atlas Mondial Suisse mettent en \u00e9vidence d\u2019autres liens. Tous les commentaires pr\u00e9sentent la m\u00eame structure que le chapitre \u00abComp\u00e9tence cartographique et analyse de cartes\u00bb (pages 22-23) de l\u2019Atlas Mondial Suisse:<\/p>\n<ol>\n<li>Pr\u00e9ambule avec introduction au th\u00e8me<\/li>\n<li>Situation (O\u00f9?) et caract\u00e9ristiques (Comment?)<\/li>\n<li>Causes et conditions (Pourquoi?)<\/li>\n<li>Influence et effet (Quelle influence?)<\/li>\n<li>Solutions (Comment r\u00e9soudre la probl\u00e9matique?)<\/li>\n<li>Divers<\/li>\n<li>Sources<\/li>\n<\/ol>\n<p>[\/vc_column_text][vc_icon type=\u00a0\u00bbmaterial\u00a0\u00bb icon_material=\u00a0\u00bbvc-material vc-material-arrow_forward\u00a0\u00bb color=\u00a0\u00bbcustom\u00a0\u00bb background_style=\u00a0\u00bbrounded\u00a0\u00bb size=\u00a0\u00bbsm\u00a0\u00bb custom_color=\u00a0\u00bb#ff0000&Prime; link=\u00a0\u00bburl:\/fr\/materiels\/?fwp_material=commentaire\u00a0\u00bb][vc_column_text]<a href=\"https:\/\/www.schweizerweltatlas.ch\/fr\/materiels\/?fwp_material=commentaire\">Toutes les cartes avec commentaires disponibles<\/a>[\/vc_column_text][\/vc_column][\/vc_row][vc_row gap=\u00a0\u00bb5&Prime; equal_height=\u00a0\u00bbyes\u00a0\u00bb content_placement=\u00a0\u00bbtop\u00a0\u00bb][vc_column css_animation=\u00a0\u00bbbottom-to-top\u00a0\u00bb width=\u00a0\u00bb1\/3&Prime; css=\u00a0\u00bb.vc_custom_1495121371398{background-color: #f7f7f7 !important;}\u00a0\u00bb][vc_column_text]<\/p>\n<h2><span style=\"color: #da291c;\">Explications didactiques<\/span><\/h2>\n<p>[\/vc_column_text][vc_single_image image=\u00a0\u00bb18244&Prime; img_size=\u00a0\u00bblarge\u00a0\u00bb style=\u00a0\u00bbvc_box_shadow\u00a0\u00bb onclick=\u00a0\u00bblink_image\u00a0\u00bb][vc_empty_space][\/vc_column][vc_column css_animation=\u00a0\u00bbtop-to-bottom\u00a0\u00bb width=\u00a0\u00bb2\/3&Prime; css=\u00a0\u00bb.vc_custom_1496158602558{background-color: #f7f7f7 !important;}\u00a0\u00bb][vc_column_text]L\u2019Atlas Mondial Suisse est un outil p\u00e9dagogique particulier. Contrairement aux autres outils p\u00e9dagogiques, il peut \u00eatre utilis\u00e9 \u00e0 diff\u00e9rents niveaux de scolarit\u00e9 et dans diff\u00e9rents types d\u2019\u00e9coles. Son contenu n\u2019est pas structur\u00e9 selon des niveaux croissants d\u2019exigences, mais selon des faits espaces g\u00e9ographiques.<\/p>\n<p>Comme la densit\u00e9 et le volume des informations de l\u2019Atlas Mondial Suisse sont importants, les diff\u00e9rentes cartes doivent \u00eatre int\u00e9gr\u00e9es \u00e0 un syst\u00e8me didactique. Les explications didactiques s\u2019adressent principalement aux professeurs de g\u00e9ographie qui y trouveront un soutien p\u00e9dagogique pour aborder les th\u00e8ses et paradigmes actuels sous l\u2019angle de l\u2019analyse objective, de la r\u00e9duction didactique, des objectifs p\u00e9dagogiques, de l\u2019acquisition de comp\u00e9tences et de l\u2019interdisciplinarit\u00e9. Cet outil a \u00e9t\u00e9 con\u00e7u de mani\u00e8re \u00e0 ce que son utilisation en cours puisse \u00eatre conforme aux exigences \u00e9ducatives susmentionn\u00e9es et satisfaire la curiosit\u00e9 des \u00e9l\u00e8ves. Ainsi, les explications s\u2019adressent \u00e9galement aux personnes int\u00e9ress\u00e9es qui souhaitent am\u00e9liorer leur compr\u00e9hension des espaces et assouvir leur soif de connaissances g\u00e9ographiques tout au long de la vie.[\/vc_column_text][vc_icon type=\u00a0\u00bbmaterial\u00a0\u00bb icon_material=\u00a0\u00bbvc-material vc-material-arrow_forward\u00a0\u00bb color=\u00a0\u00bbcustom\u00a0\u00bb background_style=\u00a0\u00bbrounded\u00a0\u00bb size=\u00a0\u00bbsm\u00a0\u00bb custom_color=\u00a0\u00bb#ff0000&Prime; link=\u00a0\u00bburl:\/fr\/materiels\/?fwp_material=explication-didactique\u00a0\u00bb][vc_column_text]<a href=\"https:\/\/www.schweizerweltatlas.ch\/fr\/materiels\/?fwp_material=explication-didactique\">Toutes les cartes avec des explications didactiques<\/a>[\/vc_column_text][\/vc_column][\/vc_row][vc_row gap=\u00a0\u00bb5&Prime; equal_height=\u00a0\u00bbyes\u00a0\u00bb content_placement=\u00a0\u00bbtop\u00a0\u00bb][vc_column css_animation=\u00a0\u00bbbottom-to-top\u00a0\u00bb width=\u00a0\u00bb1\/3&Prime; css=\u00a0\u00bb.vc_custom_1495121371398{background-color: #f7f7f7 !important;}\u00a0\u00bb][vc_column_text]<\/p>\n<h2><span style=\"color: #da291c;\">Outils interactifs<\/span><\/h2>\n<p>[\/vc_column_text][vc_single_image image=\u00a0\u00bb18218&Prime; img_size=\u00a0\u00bblarge\u00a0\u00bb style=\u00a0\u00bbvc_box_shadow\u00a0\u00bb onclick=\u00a0\u00bblink_image\u00a0\u00bb][\/vc_column][vc_column css_animation=\u00a0\u00bbtop-to-bottom\u00a0\u00bb width=\u00a0\u00bb2\/3&Prime; css=\u00a0\u00bb.vc_custom_1496158602558{background-color: #f7f7f7 !important;}\u00a0\u00bb][vc_column_text]L\u2019Atlas Mondial Suisse propose des outils interactifs qui sont compl\u00e9mentaires des cartes ou des illustrations et facilitent leur compr\u00e9hension.<\/p>\n<p><strong>Indication<\/strong>: Les outils interactifs sont soutenus par de nombreux \u201emodernes\u201c Browers, qui ne sont pas support\u00e9s par Internet Explorer 8 et autres anciennes versions. Les outils test\u00e9s dans les Browsers sont Firefox, Chrome, Safari, Opera et Internet Explorer 9+. Les Browser mobile dans les syst\u00e8mes comme Android et iOS sont aussi support\u00e9s. Les technologies, comme JavaScript, SVG et CSS doivent \u00eatre activ\u00e9es.[\/vc_column_text][vc_icon type=\u00a0\u00bbmaterial\u00a0\u00bb icon_material=\u00a0\u00bbvc-material vc-material-arrow_forward\u00a0\u00bb color=\u00a0\u00bbcustom\u00a0\u00bb background_style=\u00a0\u00bbrounded\u00a0\u00bb size=\u00a0\u00bbsm\u00a0\u00bb custom_color=\u00a0\u00bb#ff0000&Prime; link=\u00a0\u00bburl:\/fr\/materiels\/?fwp_material=outil-interactif\u00a0\u00bb][vc_column_text]<a href=\"https:\/\/www.schweizerweltatlas.ch\/fr\/materiels\/?fwp_material=outil-interactif\">Toutes les cartes avec outils interactifs additionnels<\/a>[\/vc_column_text][\/vc_column][\/vc_row][vc_row gap=\u00a0\u00bb5&Prime; equal_height=\u00a0\u00bbyes\u00a0\u00bb content_placement=\u00a0\u00bbtop\u00a0\u00bb][vc_column css_animation=\u00a0\u00bbbottom-to-top\u00a0\u00bb width=\u00a0\u00bb1\/3&Prime; css=\u00a0\u00bb.vc_custom_1495121371398{background-color: #f7f7f7 !important;}\u00a0\u00bb][vc_column_text]<\/p>\n<h2><span style=\"color: #da291c;\">Mat\u00e9riels p\u00e9dagogiques suppl\u00e9mentaires<\/span><\/h2>\n<p>[\/vc_column_text][vc_single_image image=\u00a0\u00bb18217&Prime; img_size=\u00a0\u00bblarge\u00a0\u00bb style=\u00a0\u00bbvc_box_shadow\u00a0\u00bb onclick=\u00a0\u00bblink_image\u00a0\u00bb][\/vc_column][vc_column css_animation=\u00a0\u00bbtop-to-bottom\u00a0\u00bb width=\u00a0\u00bb2\/3&Prime; css=\u00a0\u00bb.vc_custom_1496158602558{background-color: #f7f7f7 !important;}\u00a0\u00bb][vc_column_text]Afin de faciliter l\u2019utilisation de l\u2019Atlas Mondial Suisse en cours, des contenus s\u00e9lectionn\u00e9s sont pr\u00e9sent\u00e9s de fa\u00e7on synoptique afin de pouvoir les comparer plus ais\u00e9ment. Exemples:<\/p>\n<ul>\n<li>diagrammes d\u2019import et d\u2019export<\/li>\n<li>diagrammes climatiques<\/li>\n<li>aper\u00e7u des pays<\/li>\n<li>diagrammes sur la densit\u00e9 de population<\/li>\n<\/ul>\n<p>[\/vc_column_text][vc_icon type=\u00a0\u00bbmaterial\u00a0\u00bb icon_material=\u00a0\u00bbvc-material vc-material-arrow_forward\u00a0\u00bb color=\u00a0\u00bbcustom\u00a0\u00bb background_style=\u00a0\u00bbrounded\u00a0\u00bb size=\u00a0\u00bbsm\u00a0\u00bb custom_color=\u00a0\u00bb#ff0000&Prime; link=\u00a0\u00bburl:\/fr\/materiels\/?fwp_material=materiels-pedagogiques-supplementaires\u00a0\u00bb][vc_column_text]<a href=\"https:\/\/www.schweizerweltatlas.ch\/fr\/materiels\/?fwp_material=materiels-pedagogiques-supplementaires\">Toutes les cartes avec le mat\u00e9riel suppl\u00e9mentaire<\/a>[\/vc_column_text][\/vc_column][\/vc_row][vc_row gap=\u00a0\u00bb5&Prime; equal_height=\u00a0\u00bbyes\u00a0\u00bb content_placement=\u00a0\u00bbtop\u00a0\u00bb][vc_column css_animation=\u00a0\u00bbbottom-to-top\u00a0\u00bb width=\u00a0\u00bb1\/3&Prime; css=\u00a0\u00bb.vc_custom_1495121371398{background-color: #f7f7f7 !important;}\u00a0\u00bb][vc_column_text]<\/p>\n<h2><span style=\"color: #da291c;\">Liens externes<\/span><\/h2>\n<p>[\/vc_column_text][vc_empty_space][\/vc_column][vc_column css_animation=\u00a0\u00bbtop-to-bottom\u00a0\u00bb width=\u00a0\u00bb2\/3&Prime; css=\u00a0\u00bb.vc_custom_1496158602558{background-color: #f7f7f7 !important;}\u00a0\u00bb][vc_column_text]Cette rubrique contient des renvois vers d\u2019autres sources ad\u00e9quates. Il s\u2019agit par exemple de liens d\u2019acc\u00e8s \u00e0 des vid\u00e9os, \u00e0 d\u2019autres cartes ou \u00e0 des textes.[\/vc_column_text][vc_icon type=\u00a0\u00bbmaterial\u00a0\u00bb icon_material=\u00a0\u00bbvc-material vc-material-arrow_forward\u00a0\u00bb color=\u00a0\u00bbcustom\u00a0\u00bb background_style=\u00a0\u00bbrounded\u00a0\u00bb size=\u00a0\u00bbsm\u00a0\u00bb custom_color=\u00a0\u00bb#ff0000&Prime; link=\u00a0\u00bburl:\/fr\/materiels\/?fwp_material=lien-externe\u00a0\u00bb][vc_column_text]<a href=\"https:\/\/www.schweizerweltatlas.ch\/fr\/materiels\/?fwp_material=lien-externe\">Toutes les cartes avec les liens suivants<\/a>[\/vc_column_text][\/vc_column][\/vc_row][vc_row gap=\u00a0\u00bb5&Prime; equal_height=\u00a0\u00bbyes\u00a0\u00bb content_placement=\u00a0\u00bbtop\u00a0\u00bb][vc_column css_animation=\u00a0\u00bbbottom-to-top\u00a0\u00bb width=\u00a0\u00bb1\/3&Prime; css=\u00a0\u00bb.vc_custom_1495121371398{background-color: #f7f7f7 !important;}\u00a0\u00bb][vc_column_text]<\/p>\n<h2><span style=\"color: #da291c;\">L\u00e9gende g\u00e9n\u00e9rale<\/span><\/h2>\n<p>[\/vc_column_text][vc_single_image image=\u00a0\u00bb22886&Prime; img_size=\u00a0\u00bblarge\u00a0\u00bb style=\u00a0\u00bbvc_box_shadow\u00a0\u00bb onclick=\u00a0\u00bblink_image\u00a0\u00bb][vc_empty_space][\/vc_column][vc_column css_animation=\u00a0\u00bbtop-to-bottom\u00a0\u00bb width=\u00a0\u00bb2\/3&Prime; css=\u00a0\u00bb.vc_custom_1496158602558{background-color: #f7f7f7 !important;}\u00a0\u00bb][vc_column_text]La l\u00e9gende g\u00e9n\u00e9rale est un \u00e9l\u00e9ment central de l\u2019Atlas Mondial Suisse. Elle pr\u00e9sente tous les signes conventionnels de l\u2019atlas et facilite ainsi la lecture des cartes.[\/vc_column_text][vc_icon type=\u00a0\u00bbmaterial\u00a0\u00bb icon_material=\u00a0\u00bbvc-material vc-material-arrow_downward\u00a0\u00bb color=\u00a0\u00bbcustom\u00a0\u00bb background_style=\u00a0\u00bbrounded\u00a0\u00bb size=\u00a0\u00bbxs\u00a0\u00bb custom_color=\u00a0\u00bb#ff0000&Prime; link=\u00a0\u00bburl:\/fr\/?ddownload=15183&Prime;][vc_column_text]<a href=\"\/?ddownload=15183\">T\u00e9l\u00e9charger la l\u00e9gende g\u00e9n\u00e9rale<\/a>[\/vc_column_text][\/vc_column][\/vc_row][vc_row gap=\u00a0\u00bb5&Prime; equal_height=\u00a0\u00bbyes\u00a0\u00bb content_placement=\u00a0\u00bbtop\u00a0\u00bb][vc_column css_animation=\u00a0\u00bbbottom-to-top\u00a0\u00bb width=\u00a0\u00bb1\/3&Prime; css=\u00a0\u00bb.vc_custom_1495121371398{background-color: #f7f7f7 !important;}\u00a0\u00bb][vc_column_text]<\/p>\n<h2><span style=\"color: #da291c;\">Modifications et corrections<\/span><\/h2>\n<p>[\/vc_column_text][vc_empty_space][\/vc_column][vc_column css_animation=\u00a0\u00bbtop-to-bottom\u00a0\u00bb width=\u00a0\u00bb2\/3&Prime; css=\u00a0\u00bb.vc_custom_1496158602558{background-color: #f7f7f7 !important;}\u00a0\u00bb][vc_column_text]Si une carte n\u00e9cessite des modifications importantes ou pr\u00e9sente des inexactitudes, cela est indiqu\u00e9 dans cette zone.[\/vc_column_text][\/vc_column][\/vc_row][vc_row gap=\u00a0\u00bb5&Prime; equal_height=\u00a0\u00bbyes\u00a0\u00bb content_placement=\u00a0\u00bbtop\u00a0\u00bb][vc_column css_animation=\u00a0\u00bbbottom-to-top\u00a0\u00bb width=\u00a0\u00bb1\/3&Prime; css=\u00a0\u00bb.vc_custom_1495121371398{background-color: #f7f7f7 !important;}\u00a0\u00bb][vc_column_text]<\/p>\n<h2><span style=\"color: #da291c;\">Feedback<\/span><\/h2>\n<p>[\/vc_column_text][vc_empty_space][\/vc_column][vc_column css_animation=\u00a0\u00bbtop-to-bottom\u00a0\u00bb width=\u00a0\u00bb2\/3&Prime; css=\u00a0\u00bb.vc_custom_1496158602558{background-color: #f7f7f7 !important;}\u00a0\u00bb][vc_column_text]La r\u00e9daction est ouverte aux critiques, aux remarques et aux propositions d\u2019am\u00e9lioration. Elles peuvent porter sur une carte sp\u00e9cifique ou sur des <a href=\"https:\/\/www.schweizerweltatlas.ch\/fr\/contact\/\">choses plus g\u00e9n\u00e9rales<\/a>.[\/vc_column_text][\/vc_column][\/vc_row]<\/p>\n<\/div>","protected":false},"excerpt":{"rendered":"<p>[vc_row][vc_column width=\u00a0\u00bb2\/3&Prime;][vc_empty_space height=\u00a0\u00bb60px\u00a0\u00bb][vc_column_text]Informations sur les documents[\/vc_column_text][vc_column_text] Toute une s\u00e9rie de documents suppl\u00e9mentaires est propos\u00e9e avec l\u2019Atlas Mondial Suisse. [\/vc_column_text][\/vc_column][vc_column width=\u00a0\u00bb1\/3&Prime;][\/vc_column][\/vc_row][vc_row][vc_column][vc_column_text] Vous trouverez ci-dessous des explications sur les types de documents et leur finalit\u00e9, et d\u00e9couvrirez en quoi ils pr\u00e9sentent une r\u00e9elle valeur ajout\u00e9e. Les cartes compl\u00e8tes de l\u2019Atlas Mondial Suisse ne sont pas disponible en [&hellip;]<\/p>\n","protected":false},"author":7,"featured_media":0,"parent":0,"menu_order":0,"comment_status":"closed","ping_status":"closed","template":"page-templates\/full_width_no_title.php","meta":{"_acf_changed":false,"footnotes":""},"class_list":["post-17277","page","type-page","status-publish","hentry"],"acf":[],"_links":{"self":[{"href":"https:\/\/www.schweizerweltatlas.ch\/fr\/wp-json\/wp\/v2\/pages\/17277","targetHints":{"allow":["GET"]}}],"collection":[{"href":"https:\/\/www.schweizerweltatlas.ch\/fr\/wp-json\/wp\/v2\/pages"}],"about":[{"href":"https:\/\/www.schweizerweltatlas.ch\/fr\/wp-json\/wp\/v2\/types\/page"}],"author":[{"embeddable":true,"href":"https:\/\/www.schweizerweltatlas.ch\/fr\/wp-json\/wp\/v2\/users\/7"}],"replies":[{"embeddable":true,"href":"https:\/\/www.schweizerweltatlas.ch\/fr\/wp-json\/wp\/v2\/comments?post=17277"}],"version-history":[{"count":8,"href":"https:\/\/www.schweizerweltatlas.ch\/fr\/wp-json\/wp\/v2\/pages\/17277\/revisions"}],"predecessor-version":[{"id":24204,"href":"https:\/\/www.schweizerweltatlas.ch\/fr\/wp-json\/wp\/v2\/pages\/17277\/revisions\/24204"}],"wp:attachment":[{"href":"https:\/\/www.schweizerweltatlas.ch\/fr\/wp-json\/wp\/v2\/media?parent=17277"}],"curies":[{"name":"wp","href":"https:\/\/api.w.org\/{rel}","templated":true}]}}