{"id":17233,"date":"2017-06-14T15:26:19","date_gmt":"2017-06-14T13:26:19","guid":{"rendered":"https:\/\/www.schweizerweltatlas.ch\/swaweb\/atlas\/"},"modified":"2022-05-03T11:40:52","modified_gmt":"2022-05-03T09:40:52","slug":"atlas","status":"publish","type":"page","link":"https:\/\/www.schweizerweltatlas.ch\/fr\/atlas\/","title":{"rendered":"L&rsquo;Atlas"},"content":{"rendered":"<div class=\"wpb-content-wrapper\"><p>[vc_row][vc_column width=\u00a0\u00bb2\/3&Prime;][vc_column_text]<\/p>\n<div class=\"page\" title=\"Page 2\">\n<div class=\"layoutArea\">\n<div class=\"column\">\n<h1>Atlas scolaire le plus largement r\u00e9pandu dans le pays, l\u2019Atlas mondial suisse est utilis\u00e9 depuis plus d\u2019un si\u00e8cle pour enseigner la g\u00e9ographie.<\/h1>\n<\/div>\n<\/div>\n<\/div>\n<p>[\/vc_column_text][\/vc_column][\/vc_row][vc_row][vc_column css_animation=\u00a0\u00bbbottom-to-top\u00a0\u00bb width=\u00a0\u00bb2\/3&Prime;][vc_column_text]<\/p>\n<div class=\"page\" title=\"Page 2\">\n<div class=\"layoutArea\">\n<div class=\"column\">\n<div class=\"page\" title=\"Page 2\">\n<div class=\"layoutArea\">\n<div class=\"column\">\n<h3>L\u2019atlas r\u00e9pond parfaitement aux besoins sp\u00e9cifiques de la Suisse et est adapt\u00e9 aux objectifs du secondaire I tels que les formulent les plans d\u2019\u00e9tudes des diff\u00e9rentes r\u00e9gions linguistiques (<a href=\"\/swaweb\/wp-content\/uploads\/delightful-downloads\/SWA_PER.pdf\">Plan d\u2019\u00e9tudes romand<\/a>) ainsi qu\u2019aux objectifs des plans d\u2019\u00e9tudes cadre pour les \u00e9coles de maturit\u00e9 de la CDIP.<\/h3>\n<\/div>\n<\/div>\n<\/div>\n<\/div>\n<\/div>\n<\/div>\n<p>[\/vc_column_text][\/vc_column][vc_column width=\u00a0\u00bb1\/3&Prime;][\/vc_column][\/vc_row][vc_row][vc_column css_animation=\u00a0\u00bbbottom-to-top\u00a0\u00bb width=\u00a0\u00bb2\/3&Prime;][vc_single_image image=\u00a0\u00bb19640&Prime; img_size=\u00a0\u00bblarge\u00a0\u00bb][\/vc_column][vc_column css_animation=\u00a0\u00bbbottom-to-top\u00a0\u00bb width=\u00a0\u00bb1\/3&Prime;][vc_column_text]<\/p>\n<h2><a href=\"https:\/\/www.schweizerweltatlas.ch\/fr\/edition_imprimee\/\">Br\u00e8ve description de l&rsquo;Atlas mondial suisse:<\/a> Qu&rsquo;est-ce qui distingue l&rsquo;atlas?<\/h2>\n<p>[\/vc_column_text][vc_icon type=\u00a0\u00bbmaterial\u00a0\u00bb icon_material=\u00a0\u00bbvc-material vc-material-arrow_forward\u00a0\u00bb color=\u00a0\u00bbcustom\u00a0\u00bb background_style=\u00a0\u00bbrounded\u00a0\u00bb size=\u00a0\u00bbsm\u00a0\u00bb css_animation=\u00a0\u00bbfadeIn\u00a0\u00bb custom_color=\u00a0\u00bb#ff0000&Prime; link=\u00a0\u00bburl:%2Ffr%2Fedition_imprimee%2F|||\u00a0\u00bb][\/vc_column][\/vc_row][vc_row css_animation=\u00a0\u00bbbottom-to-top\u00a0\u00bb][vc_column width=\u00a0\u00bb2\/3&Prime;][vc_column_text]<\/p>\n<div class=\"page\" title=\"Page 2\">\n<div class=\"layoutArea\">\n<div class=\"column\">\n<div class=\"page\" title=\"Page 2\">\n<div class=\"layoutArea\">\n<div class=\"column\">\n<div class=\"wpb_text_column wpb_content_element \">\n<div class=\"wpb_wrapper\">\n<h1><a href=\"https:\/\/www.schweizerweltatlas.ch\/fr\/informations-sur-les-documents\/\">Toute une s\u00e9rie de documents suppl\u00e9mentaires est propos\u00e9e avec l\u2019Atlas Mondial Suisse.<\/a><\/h1>\n<\/div>\n<\/div>\n<\/div>\n<\/div>\n<\/div>\n<\/div>\n<\/div>\n<\/div>\n<p>[\/vc_column_text][vc_icon type=\u00a0\u00bbmaterial\u00a0\u00bb icon_material=\u00a0\u00bbvc-material vc-material-arrow_forward\u00a0\u00bb color=\u00a0\u00bbcustom\u00a0\u00bb background_style=\u00a0\u00bbrounded\u00a0\u00bb size=\u00a0\u00bbsm\u00a0\u00bb custom_color=\u00a0\u00bb#ff0000&Prime; link=\u00a0\u00bburl:\/fr\/informations-sur-les-documents\/\u00a0\u00bb][\/vc_column][\/vc_row][vc_row gap=\u00a0\u00bb5&Prime; equal_height=\u00a0\u00bbyes\u00a0\u00bb content_placement=\u00a0\u00bbtop\u00a0\u00bb][vc_column css_animation=\u00a0\u00bbbottom-to-top\u00a0\u00bb width=\u00a0\u00bb1\/3&Prime; css=\u00a0\u00bb.vc_custom_1495121371398{background-color: #f7f7f7 !important;}\u00a0\u00bb][vc_single_image image=\u00a0\u00bb17535&Prime; img_size=\u00a0\u00bblarge\u00a0\u00bb][vc_column_text]<\/p>\n<h2><a href=\"https:\/\/www.schweizerweltatlas.ch\/fr\/contenu-de-latlas\/\">Contenu de l&rsquo;atlas<\/a><\/h2>\n<p>&nbsp;<\/p>\n<div class=\"page\" title=\"Page 2\">\n<div class=\"layoutArea\">\n<div class=\"column\">\n<h3>Index\u00a0de tous\u00a0les cartes et aper\u00e7u des th\u00e8mes des cartes.<\/h3>\n<\/div>\n<\/div>\n<\/div>\n<p>[\/vc_column_text][vc_icon type=\u00a0\u00bbmaterial\u00a0\u00bb icon_material=\u00a0\u00bbvc-material vc-material-arrow_forward\u00a0\u00bb color=\u00a0\u00bbcustom\u00a0\u00bb background_style=\u00a0\u00bbrounded\u00a0\u00bb size=\u00a0\u00bbsm\u00a0\u00bb custom_color=\u00a0\u00bb#ff0000&Prime; link=\u00a0\u00bburl:\/fr\/contenu-de-latlas\/\u00a0\u00bb][\/vc_column][vc_column css_animation=\u00a0\u00bbtop-to-bottom\u00a0\u00bb width=\u00a0\u00bb1\/3&Prime; css=\u00a0\u00bb.vc_custom_1495121379869{background-color: #f7f7f7 !important;}\u00a0\u00bb][vc_single_image image=\u00a0\u00bb12508&Prime; img_size=\u00a0\u00bblarge\u00a0\u00bb][vc_column_text]<\/p>\n<h2><a href=\"https:\/\/www.schweizerweltatlas.ch\/fr\/fabrication\/\">Fabrication<\/a><\/h2>\n<p>&nbsp;<\/p>\n<h3>Comment l\u2019atlas et ses cartes sont-ils con\u00e7us?<\/h3>\n<p>[\/vc_column_text][vc_icon type=\u00a0\u00bbmaterial\u00a0\u00bb icon_material=\u00a0\u00bbvc-material vc-material-arrow_forward\u00a0\u00bb color=\u00a0\u00bbcustom\u00a0\u00bb background_style=\u00a0\u00bbrounded\u00a0\u00bb size=\u00a0\u00bbsm\u00a0\u00bb custom_color=\u00a0\u00bb#ff0000&Prime; link=\u00a0\u00bburl:\/fr\/fabrication\/\u00a0\u00bb][\/vc_column][vc_column css_animation=\u00a0\u00bbbottom-to-top\u00a0\u00bb width=\u00a0\u00bb1\/3&Prime; css=\u00a0\u00bb.vc_custom_1495121391064{background-color: #f7f7f7 !important;}\u00a0\u00bb][vc_single_image image=\u00a0\u00bb17236&Prime; img_size=\u00a0\u00bblarge\u00a0\u00bb][vc_column_text]<\/p>\n<h2><a href=\"https:\/\/www.schweizerweltatlas.ch\/fr\/chronique\/\">Chronique<\/a><\/h2>\n<p>&nbsp;<\/p>\n<div class=\"page\" title=\"Page 6\">\n<div class=\"layoutArea\">\n<div class=\"column\">\n<h3>Histoire de l&rsquo;Atlas Mondial Suisse de 1910 \u00e0 nos jours.<\/h3>\n<\/div>\n<\/div>\n<\/div>\n<p>[\/vc_column_text][vc_icon type=\u00a0\u00bbmaterial\u00a0\u00bb icon_material=\u00a0\u00bbvc-material vc-material-arrow_forward\u00a0\u00bb color=\u00a0\u00bbcustom\u00a0\u00bb background_style=\u00a0\u00bbrounded\u00a0\u00bb size=\u00a0\u00bbsm\u00a0\u00bb custom_color=\u00a0\u00bb#ff0000&Prime; link=\u00a0\u00bburl:\/fr\/chronique\/\u00a0\u00bb][\/vc_column][\/vc_row][vc_row][vc_column width=\u00a0\u00bb2\/3&Prime;][vc_empty_space][vc_column_text css_animation=\u00a0\u00bbbottom-to-top\u00a0\u00bb]<\/p>\n<h1><a href=\"https:\/\/www.schweizerweltatlas.ch\/fr\/references\/\">\u00abIl fournit une multitude d\u2019informations fascinantes et originales.\u00bb<\/a><\/h1>\n<p><strong><br \/>\n<\/strong><strong>Michael H\u00fcrlimann<br \/>\n<\/strong>enseignant \u00e0 la P\u00e4dagogische Hochschule Zurich[\/vc_column_text][vc_icon type=\u00a0\u00bbmaterial\u00a0\u00bb icon_material=\u00a0\u00bbvc-material vc-material-arrow_forward\u00a0\u00bb color=\u00a0\u00bbcustom\u00a0\u00bb background_style=\u00a0\u00bbrounded\u00a0\u00bb size=\u00a0\u00bbsm\u00a0\u00bb custom_color=\u00a0\u00bb#ff0000&Prime; link=\u00a0\u00bburl:\/fr\/references\/\u00a0\u00bb][\/vc_column][\/vc_row][vc_row gap=\u00a0\u00bb5&Prime; equal_height=\u00a0\u00bbyes\u00a0\u00bb content_placement=\u00a0\u00bbtop\u00a0\u00bb][vc_column css_animation=\u00a0\u00bbbottom-to-top\u00a0\u00bb width=\u00a0\u00bb1\/3&Prime; css=\u00a0\u00bb.vc_custom_1495121371398{background-color: #f7f7f7 !important;}\u00a0\u00bb][\/vc_column][vc_column css_animation=\u00a0\u00bbtop-to-bottom\u00a0\u00bb width=\u00a0\u00bb1\/3&Prime; css=\u00a0\u00bb.vc_custom_1495121379869{background-color: #f7f7f7 !important;}\u00a0\u00bb][vc_single_image image=\u00a0\u00bb17382&Prime; img_size=\u00a0\u00bblarge\u00a0\u00bb][vc_column_text]<\/p>\n<h2><a href=\"https:\/\/www.schweizerweltatlas.ch\/fr\/commander-latlas\/\">Commander l&rsquo;Atlas Mondiale Suisse<\/a><\/h2>\n<div class=\"page\" title=\"Page 6\">\n<div class=\"layoutArea\">\n<div class=\"column\">\n<div class=\"page\" title=\"Page 6\">\n<div class=\"layoutArea\">\n<div class=\"column\">\n<p>\u00c9dition fran\u00e7aise<br \/>\n256 pages, comportant 430 cartes et figures, Index des mati\u00e8res et des toponymes. Commander sur <a href=\"http:\/\/f.schulverlag.ch\/platform\/apps\/shop\/detail.asp?MenuID=1031&amp;Menu=2&amp;ID=1289&amp;Item=4.1.1&amp;artNr=83095\" target=\"_blank\" rel=\"noopener noreferrer\">boutique en ligne de Schulverlag Plus<\/a><\/p>\n<p>24 cm \u00d7 31.5 cm<br \/>\nISBN 978-3-906744-37-7<br \/>\nPrix CHF 49.00<\/p>\n<\/div>\n<\/div>\n<\/div>\n<\/div>\n<\/div>\n<\/div>\n<p>[\/vc_column_text][vc_icon type=\u00a0\u00bbmaterial\u00a0\u00bb icon_material=\u00a0\u00bbvc-material vc-material-call_made\u00a0\u00bb color=\u00a0\u00bbcustom\u00a0\u00bb background_style=\u00a0\u00bbrounded\u00a0\u00bb size=\u00a0\u00bbsm\u00a0\u00bb custom_color=\u00a0\u00bb#ff0000&Prime; link=\u00a0\u00bburl:\/\/f.schulverlag.ch\/platform\/apps\/shop\/detail.asp?MenuID=1031&amp;Menu=2&amp;ID=1289&amp;Item=4.1.1&amp;artNr=83095&Prime;][\/vc_column][vc_column css_animation=\u00a0\u00bbbottom-to-top\u00a0\u00bb width=\u00a0\u00bb1\/3&Prime; css=\u00a0\u00bb.vc_custom_1495121391064{background-color: #f7f7f7 !important;}\u00a0\u00bb][vc_column_text]<\/p>\n<h2><a href=\"https:\/\/www.schweizerweltatlas.ch\/fr\/contact\/\">Contact<\/a><\/h2>\n<p>&nbsp;<\/p>\n<div class=\"page\" title=\"Page 2\">\n<div class=\"layoutArea\">\n<div class=\"column\">\n<h3>D\u00e9sirez-vous poser une question ou \u00e9mettre une remarque? Veuillez vous mettre en relation avec nous!<\/h3>\n<\/div>\n<\/div>\n<\/div>\n<p>[\/vc_column_text][vc_icon type=\u00a0\u00bbmaterial\u00a0\u00bb icon_material=\u00a0\u00bbvc-material vc-material-arrow_forward\u00a0\u00bb color=\u00a0\u00bbcustom\u00a0\u00bb background_style=\u00a0\u00bbrounded\u00a0\u00bb size=\u00a0\u00bbsm\u00a0\u00bb custom_color=\u00a0\u00bb#ff0000&Prime; link=\u00a0\u00bburl:\/fr\/contact\/\u00a0\u00bb][\/vc_column][\/vc_row]<\/p>\n<\/div>","protected":false},"excerpt":{"rendered":"<p>[vc_row][vc_column width=\u00a0\u00bb2\/3&Prime;][vc_column_text] Atlas scolaire le plus largement r\u00e9pandu dans le pays, l\u2019Atlas mondial suisse est utilis\u00e9 depuis plus d\u2019un si\u00e8cle pour enseigner la g\u00e9ographie. [\/vc_column_text][\/vc_column][\/vc_row][vc_row][vc_column css_animation=\u00a0\u00bbbottom-to-top\u00a0\u00bb width=\u00a0\u00bb2\/3&Prime;][vc_column_text] L\u2019atlas r\u00e9pond parfaitement aux besoins sp\u00e9cifiques de la Suisse et est adapt\u00e9 aux objectifs du secondaire I tels que les formulent les plans d\u2019\u00e9tudes des diff\u00e9rentes r\u00e9gions linguistiques [&hellip;]<\/p>\n","protected":false},"author":7,"featured_media":17237,"parent":0,"menu_order":0,"comment_status":"closed","ping_status":"closed","template":"page-templates\/full_width.php","meta":{"_acf_changed":false,"footnotes":""},"class_list":["post-17233","page","type-page","status-publish","has-post-thumbnail","hentry"],"acf":[],"_links":{"self":[{"href":"https:\/\/www.schweizerweltatlas.ch\/fr\/wp-json\/wp\/v2\/pages\/17233","targetHints":{"allow":["GET"]}}],"collection":[{"href":"https:\/\/www.schweizerweltatlas.ch\/fr\/wp-json\/wp\/v2\/pages"}],"about":[{"href":"https:\/\/www.schweizerweltatlas.ch\/fr\/wp-json\/wp\/v2\/types\/page"}],"author":[{"embeddable":true,"href":"https:\/\/www.schweizerweltatlas.ch\/fr\/wp-json\/wp\/v2\/users\/7"}],"replies":[{"embeddable":true,"href":"https:\/\/www.schweizerweltatlas.ch\/fr\/wp-json\/wp\/v2\/comments?post=17233"}],"version-history":[{"count":5,"href":"https:\/\/www.schweizerweltatlas.ch\/fr\/wp-json\/wp\/v2\/pages\/17233\/revisions"}],"predecessor-version":[{"id":20792,"href":"https:\/\/www.schweizerweltatlas.ch\/fr\/wp-json\/wp\/v2\/pages\/17233\/revisions\/20792"}],"wp:featuredmedia":[{"embeddable":true,"href":"https:\/\/www.schweizerweltatlas.ch\/fr\/wp-json\/wp\/v2\/media\/17237"}],"wp:attachment":[{"href":"https:\/\/www.schweizerweltatlas.ch\/fr\/wp-json\/wp\/v2\/media?parent=17233"}],"curies":[{"name":"wp","href":"https:\/\/api.w.org\/{rel}","templated":true}]}}