{"id":17098,"date":"2017-06-14T14:06:44","date_gmt":"2017-06-14T12:06:44","guid":{"rendered":"https:\/\/www.schweizerweltatlas.ch\/swaweb\/chronique\/"},"modified":"2022-05-03T09:29:32","modified_gmt":"2022-05-03T07:29:32","slug":"chronique","status":"publish","type":"page","link":"https:\/\/www.schweizerweltatlas.ch\/fr\/chronique\/","title":{"rendered":"Chronique"},"content":{"rendered":"<div class=\"wpb-content-wrapper\"><p>[vc_row][vc_column width=\u00a0\u00bb2\/3&Prime;][vc_empty_space height=\u00a0\u00bb60px\u00a0\u00bb][vc_column_text]<strong>Chronique<\/strong>[\/vc_column_text][vc_column_text]<\/p>\n<h1>L\u2019Atlas se penche sur une centaine d\u2019ann\u00e9es d\u2019histoire.<\/h1>\n<h3>La Conf\u00e9rence suisse des directeurs cantonaux de l&rsquo;instruction publique (CDIP), lors de sa session de fondation en 1898, a d\u00e9cid\u00e9 de la publication d\u2019un seul atlas scolaire pour toute la Suisse.<\/h3>\n<p>[\/vc_column_text][\/vc_column][vc_column width=\u00a0\u00bb1\/3&Prime;][\/vc_column][\/vc_row][vc_row gap=\u00a0\u00bb5&Prime; equal_height=\u00a0\u00bbyes\u00a0\u00bb content_placement=\u00a0\u00bbtop\u00a0\u00bb][vc_column css_animation=\u00a0\u00bbbottom-to-top\u00a0\u00bb width=\u00a0\u00bb1\/3&Prime; css=\u00a0\u00bb.vc_custom_1495121371398{background-color: #f7f7f7 !important;}\u00a0\u00bb][vc_column_text]<\/p>\n<h3>L\u2019\u00e9dition en allemand a vu le jour en 1910, suivie de celle en fran\u00e7ais en 1912 et de la version italienne en 1915. Depuis lors, de nombreuses adjonctions et mises \u00e0 jour ont \u00e9t\u00e9 introduites. Les r\u00e9visions de l\u2019Atlas datent de 1932, 1962, 1981, 1993, 2002 et 2017.<\/h3>\n<p>[\/vc_column_text][\/vc_column][vc_column css_animation=\u00a0\u00bbtop-to-bottom\u00a0\u00bb width=\u00a0\u00bb1\/3&Prime; css=\u00a0\u00bb.vc_custom_1496158602558{background-color: #f7f7f7 !important;}\u00a0\u00bb][vc_single_image image=\u00a0\u00bb19627&Prime; img_size=\u00a0\u00bblarge\u00a0\u00bb][vc_column_text]<\/p>\n<h2>1910<\/h2>\n<p>Atlas scolaire suisse pour l\u2019enseignement secondaire<br \/>\nPremi\u00e8re \u00e9dition<br \/>\nR\u00e9daction en chef: August Aeppli[\/vc_column_text][\/vc_column][vc_column css_animation=\u00a0\u00bbbottom-to-top\u00a0\u00bb width=\u00a0\u00bb1\/3&Prime; css=\u00a0\u00bb.vc_custom_1495121391064{background-color: #f7f7f7 !important;}\u00a0\u00bb][vc_single_image image=\u00a0\u00bb19784&Prime; img_size=\u00a0\u00bblarge\u00a0\u00bb][vc_column_text]<\/p>\n<h2>1932<\/h2>\n<p>Atlas scolaire suisse pour l\u2019enseignement secondaire<br \/>\n(r\u00e9vision compl\u00e8te)<br \/>\nR\u00e9daction en chef: Eduard Imhof[\/vc_column_text][\/vc_column][\/vc_row][vc_row gap=\u00a0\u00bb5&Prime; equal_height=\u00a0\u00bbyes\u00a0\u00bb content_placement=\u00a0\u00bbtop\u00a0\u00bb][vc_column css_animation=\u00a0\u00bbbottom-to-top\u00a0\u00bb width=\u00a0\u00bb1\/3&Prime; css=\u00a0\u00bb.vc_custom_1495121371398{background-color: #f7f7f7 !important;}\u00a0\u00bb][vc_single_image image=\u00a0\u00bb19626&Prime; img_size=\u00a0\u00bblarge\u00a0\u00bb][vc_column_text]<\/p>\n<h2>1962<\/h2>\n<p>Atlas scolaire suisse pour l\u2019enseignement secondaire<br \/>\n(r\u00e9vision compl\u00e8te)<br \/>\nR\u00e9daction en chef: Eduard Imhof[\/vc_column_text][\/vc_column][vc_column css_animation=\u00a0\u00bbtop-to-bottom\u00a0\u00bb width=\u00a0\u00bb1\/3&Prime; css=\u00a0\u00bb.vc_custom_1496158602558{background-color: #f7f7f7 !important;}\u00a0\u00bb][vc_column_text]<\/p>\n<h3>Anciennement \u00abAtlas scolaire suisse pour l\u2019enseignement secondaire\u00bb, \u00abl\u2019Atlas Mondial Suisse\u00bb fut pour la premi\u00e8re fois utilis\u00e9 en 1981.<\/h3>\n<p>[\/vc_column_text][\/vc_column][vc_column css_animation=\u00a0\u00bbbottom-to-top\u00a0\u00bb width=\u00a0\u00bb1\/3&Prime; css=\u00a0\u00bb.vc_custom_1495121391064{background-color: #f7f7f7 !important;}\u00a0\u00bb][vc_single_image image=\u00a0\u00bb19616&Prime; img_size=\u00a0\u00bblarge\u00a0\u00bb][vc_column_text]<\/p>\n<h2>1981<\/h2>\n<p>Atlas mondial suisse<br \/>\n(\u00e9dition interm\u00e9diaire)<br \/>\nR\u00e9daction en chef: Ernst Spiess[\/vc_column_text][\/vc_column][\/vc_row][vc_row gap=\u00a0\u00bb5&Prime; equal_height=\u00a0\u00bbyes\u00a0\u00bb content_placement=\u00a0\u00bbtop\u00a0\u00bb][vc_column css_animation=\u00a0\u00bbbottom-to-top\u00a0\u00bb width=\u00a0\u00bb1\/3&Prime; css=\u00a0\u00bb.vc_custom_1495121371398{background-color: #f7f7f7 !important;}\u00a0\u00bb][vc_single_image image=\u00a0\u00bb19620&Prime; img_size=\u00a0\u00bblarge\u00a0\u00bb][vc_column_text]<\/p>\n<h2>1993<\/h2>\n<p>Atlas mondial suisse<br \/>\n(r\u00e9vision compl\u00e8te)<br \/>\nR\u00e9daction en chef: Ernst Spiess[\/vc_column_text][\/vc_column][vc_column css_animation=\u00a0\u00bbtop-to-bottom\u00a0\u00bb width=\u00a0\u00bb1\/3&Prime; css=\u00a0\u00bb.vc_custom_1496158602558{background-color: #f7f7f7 !important;}\u00a0\u00bb][vc_column_text]<\/p>\n<h3>La premi\u00e8re \u00e9dition finie et digitale parut en 2002.<\/h3>\n<p>[\/vc_column_text][\/vc_column][vc_column css_animation=\u00a0\u00bbbottom-to-top\u00a0\u00bb width=\u00a0\u00bb1\/3&Prime; css=\u00a0\u00bb.vc_custom_1495121391064{background-color: #f7f7f7 !important;}\u00a0\u00bb][vc_single_image image=\u00a0\u00bb19618&Prime; img_size=\u00a0\u00bblarge\u00a0\u00bb][vc_column_text]<\/p>\n<h2>2002<\/h2>\n<p>Atlas mondial suisse<br \/>\n(r\u00e9vision compl\u00e8te et num\u00e9risation)<br \/>\nR\u00e9daction en chef: Ernst Spiess[\/vc_column_text][\/vc_column][\/vc_row][vc_row gap=\u00a0\u00bb5&Prime; equal_height=\u00a0\u00bbyes\u00a0\u00bb content_placement=\u00a0\u00bbtop\u00a0\u00bb][vc_column css_animation=\u00a0\u00bbbottom-to-top\u00a0\u00bb width=\u00a0\u00bb1\/3&Prime; css=\u00a0\u00bb.vc_custom_1498047083850{background-color: #f7f7f7 !important;}\u00a0\u00bb][vc_single_image image=\u00a0\u00bb18965&Prime; img_size=\u00a0\u00bblarge\u00a0\u00bb][vc_column_text]<\/p>\n<h2>Commentaire<\/h2>\n<p>L\u2019\u00e9dition sur papier de l\u2019Atlas mondial suisse (\u00e9ditions 2002 jusqu\u2019\u00e0 2010) \u00e9tait compl\u00e9t\u00e9e par un recueil de commentaires fournissant au corps enseignant des informations d\u00e9taill\u00e9es sur le contenu th\u00e9matique et topographique des cartes.[\/vc_column_text][\/vc_column][vc_column css_animation=\u00a0\u00bbtop-to-bottom\u00a0\u00bb width=\u00a0\u00bb1\/3&Prime; css=\u00a0\u00bb.vc_custom_1496158602558{background-color: #f7f7f7 !important;}\u00a0\u00bb][vc_single_image image=\u00a0\u00bb18966&Prime; img_size=\u00a0\u00bblarge\u00a0\u00bb][vc_column_text]<\/p>\n<h2>2010<\/h2>\n<p>Atlas mondial suisse<br \/>\n(mise \u00e0 jour et volet interactif de l\u2019atlas)<br \/>\nR\u00e9daction en chef: Lorenz Hurni et Ernst Spiess[\/vc_column_text][\/vc_column][vc_column css_animation=\u00a0\u00bbbottom-to-top\u00a0\u00bb width=\u00a0\u00bb1\/3&Prime; css=\u00a0\u00bb.vc_custom_1495121391064{background-color: #f7f7f7 !important;}\u00a0\u00bb][vc_single_image image=\u00a0\u00bb15543&Prime; img_size=\u00a0\u00bblarge\u00a0\u00bb][vc_column_text]<\/p>\n<h2>Atlas mondial suisse interactif<\/h2>\n<p>Une version interactive de l\u2019\u00e9dition 2010 a \u00e9t\u00e9 cr\u00e9\u00e9e en plus de la version imprim\u00e9e. Le d\u00e9veloppement de l&rsquo;Atlas mondial suisse interactif a \u00e9t\u00e9 mis en fonction.[\/vc_column_text][\/vc_column][\/vc_row][vc_row gap=\u00a0\u00bb5&Prime; equal_height=\u00a0\u00bbyes\u00a0\u00bb content_placement=\u00a0\u00bbtop\u00a0\u00bb][vc_column css_animation=\u00a0\u00bbbottom-to-top\u00a0\u00bb width=\u00a0\u00bb1\/3&Prime; css=\u00a0\u00bb.vc_custom_1495121371398{background-color: #f7f7f7 !important;}\u00a0\u00bb][vc_column_text]<\/p>\n<h1><a href=\"https:\/\/www.schweizerweltatlas.ch\/fr\/edition_imprimee\/\">2017<\/a><\/h1>\n<h3>Atlas mondial suisse<br \/>\n(r\u00e9vision compl\u00e8te)<br \/>\nR\u00e9daction en chef: Lorenz Hurni<\/h3>\n<p>[\/vc_column_text][\/vc_column][vc_column css_animation=\u00a0\u00bbtop-to-bottom\u00a0\u00bb width=\u00a0\u00bb2\/3&Prime; css=\u00a0\u00bb.vc_custom_1495121379869{background-color: #f7f7f7 !important;}\u00a0\u00bb][vc_single_image image=\u00a0\u00bb18663&Prime; img_size=\u00a0\u00bblarge\u00a0\u00bb][vc_column_text]<\/p>\n<h2><a href=\"https:\/\/www.schweizerweltatlas.ch\/fr\/edition_imprimee\/\">Qu&rsquo;est-ce qui est inclus?<\/a><\/h2>\n<p>[\/vc_column_text][vc_icon type=\u00a0\u00bbmaterial\u00a0\u00bb icon_material=\u00a0\u00bbvc-material vc-material-arrow_forward\u00a0\u00bb color=\u00a0\u00bbcustom\u00a0\u00bb background_style=\u00a0\u00bbrounded\u00a0\u00bb size=\u00a0\u00bbsm\u00a0\u00bb custom_color=\u00a0\u00bb#ff0000&Prime; link=\u00a0\u00bburl:%2Ffr%2Fedition_imprimee%2F|||\u00a0\u00bb][\/vc_column][\/vc_row]<\/p>\n<\/div>","protected":false},"excerpt":{"rendered":"<p>[vc_row][vc_column width=\u00a0\u00bb2\/3&Prime;][vc_empty_space height=\u00a0\u00bb60px\u00a0\u00bb][vc_column_text]Chronique[\/vc_column_text][vc_column_text] L\u2019Atlas se penche sur une centaine d\u2019ann\u00e9es d\u2019histoire. La Conf\u00e9rence suisse des directeurs cantonaux de l&rsquo;instruction publique (CDIP), lors de sa session de fondation en 1898, a d\u00e9cid\u00e9 de la publication d\u2019un seul atlas scolaire pour toute la Suisse. [\/vc_column_text][\/vc_column][vc_column width=\u00a0\u00bb1\/3&Prime;][\/vc_column][\/vc_row][vc_row gap=\u00a0\u00bb5&Prime; equal_height=\u00a0\u00bbyes\u00a0\u00bb content_placement=\u00a0\u00bbtop\u00a0\u00bb][vc_column css_animation=\u00a0\u00bbbottom-to-top\u00a0\u00bb width=\u00a0\u00bb1\/3&Prime; css=\u00a0\u00bb.vc_custom_1495121371398{background-color: #f7f7f7 !important;}\u00a0\u00bb][vc_column_text] L\u2019\u00e9dition en allemand [&hellip;]<\/p>\n","protected":false},"author":7,"featured_media":0,"parent":0,"menu_order":0,"comment_status":"closed","ping_status":"closed","template":"page-templates\/full_width_no_title.php","meta":{"_acf_changed":false,"footnotes":""},"class_list":["post-17098","page","type-page","status-publish","hentry"],"acf":[],"_links":{"self":[{"href":"https:\/\/www.schweizerweltatlas.ch\/fr\/wp-json\/wp\/v2\/pages\/17098","targetHints":{"allow":["GET"]}}],"collection":[{"href":"https:\/\/www.schweizerweltatlas.ch\/fr\/wp-json\/wp\/v2\/pages"}],"about":[{"href":"https:\/\/www.schweizerweltatlas.ch\/fr\/wp-json\/wp\/v2\/types\/page"}],"author":[{"embeddable":true,"href":"https:\/\/www.schweizerweltatlas.ch\/fr\/wp-json\/wp\/v2\/users\/7"}],"replies":[{"embeddable":true,"href":"https:\/\/www.schweizerweltatlas.ch\/fr\/wp-json\/wp\/v2\/comments?post=17098"}],"version-history":[{"count":4,"href":"https:\/\/www.schweizerweltatlas.ch\/fr\/wp-json\/wp\/v2\/pages\/17098\/revisions"}],"predecessor-version":[{"id":23846,"href":"https:\/\/www.schweizerweltatlas.ch\/fr\/wp-json\/wp\/v2\/pages\/17098\/revisions\/23846"}],"wp:attachment":[{"href":"https:\/\/www.schweizerweltatlas.ch\/fr\/wp-json\/wp\/v2\/media?parent=17098"}],"curies":[{"name":"wp","href":"https:\/\/api.w.org\/{rel}","templated":true}]}}