{"id":17056,"date":"2017-06-14T11:43:28","date_gmt":"2017-06-14T09:43:28","guid":{"rendered":"https:\/\/www.schweizerweltatlas.ch\/swaweb\/contact\/"},"modified":"2019-10-01T15:31:04","modified_gmt":"2019-10-01T13:31:04","slug":"contact","status":"publish","type":"page","link":"https:\/\/www.schweizerweltatlas.ch\/fr\/contact\/","title":{"rendered":"Contact"},"content":{"rendered":"<div class=\"wpb-content-wrapper\"><p>[vc_row][vc_column width=\u00a0\u00bb2\/3&Prime;][vc_empty_space height=\u00a0\u00bb60px\u00a0\u00bb][vc_column_text]<strong>Contact<\/strong><\/p>\n<h1>D\u00e9sirez-vous poser une question ou \u00e9mettre une remarque? Veuillez vous mettre en relation avec nous!<\/h1>\n<p>[\/vc_column_text][\/vc_column][\/vc_row][vc_row][vc_column width=\u00a0\u00bb1\/3&Prime;][vc_column_text]<strong>Atlas Mondial Suisse<\/strong><br \/>\nETH Z\u00fcrich<br \/>\nInstitut de cartographie et g\u00e9oinformation<br \/>\nStefano-Franscini-Platz 5<br \/>\n8093 Zurich<br \/>\n+41 44 633 30 29<br \/>\n<a href=\"mailto:info@schweizerweltatlas.ch\" target=\"_blank\" rel=\"noopener noreferrer\">info@schweizerweltatlas.ch<\/a>[\/vc_column_text][\/vc_column][vc_column width=\u00a0\u00bb2\/3&Prime;][vc_gmaps link=\u00a0\u00bb#E-8_JTNDaWZyYW1lJTIwc3JjJTNEJTI3aHR0cHMlM0ElMkYlMkZtYXAuZ2VvLmFkbWluLmNoJTJGZW1iZWQuaHRtbCUzRlglM0QyNTE0NDklMjZZJTNENjgwNjY0JTI2dG9waWMlM0RlY2glMjZsYW5nJTNEZnIlMjZiZ0xheWVyJTNEY2guc3dpc3N0b3BvLnBpeGVsa2FydGUtZ3JhdSUyNmxheWVycyUzRGNoLnN3aXNzdG9wby56ZWl0cmVpaGVuJTJDY2guYmZzLmdlYmFldWRlX3dvaG51bmdzX3JlZ2lzdGVyJTJDY2guYmF2LmhhbHRlc3RlbGxlbi1vZXYlMkNjaC5zd2lzc3RvcG8uc3dpc3N0bG0zZC13YW5kZXJ3ZWdlJTI2bGF5ZXJzX3Zpc2liaWxpdHklM0RmYWxzZSUyQ2ZhbHNlJTJDZmFsc2UlMkNmYWxzZSUyNmxheWVyc190aW1lc3RhbXAlM0QxODY0MTIzMSUyQyUyQyUyQyUyNnpvb20lM0Q2JTI2Y3Jvc3NoYWlyJTNEbWFya2VyJTI3JTIwd2lkdGglM0QlMjc0MDAlMjclMjBoZWlnaHQlM0QlMjc0MDAlMjclMjBmcmFtZWJvcmRlciUzRCUyNzAlMjclMjBzdHlsZSUzRCUyN2JvcmRlciUzQTAlMjclM0UlM0MlMkZpZnJhbWUlM0U=\u00a0\u00bb][\/vc_column][\/vc_row][vc_row][vc_column width=\u00a0\u00bb1\/3&Prime;][\/vc_column][vc_column width=\u00a0\u00bb2\/3&Prime;][vc_column_text]coordonn\u00e9es nationales: <a href=\"https:\/\/map.geo.admin.ch\/?X=251449&amp;Y=680664&amp;topic=ech&amp;lang=de&amp;bgLayer=ch.swisstopo.pixelkarte-farbe&amp;layers=ch.swisstopo.zeitreihen,ch.bfs.gebaeude_wohnungs_register,ch.bav.haltestellen-oev,ch.swisstopo.swisstlm3d-wanderwege&amp;layers_visibility=false,false,false,false&amp;layers_timestamp=18641231,,,&amp;zoom=10&amp;crosshair=marker\" target=\"_blank\" rel=\"noopener noreferrer\">2&rsquo;680&rsquo;670, 1&rsquo;251&rsquo;450<\/a><br \/>\nwhat3words: <a href=\"https:\/\/what3words.com\/\" target=\"_blank\" rel=\"noopener noreferrer\">envoyant.moucher.rimant<\/a>[\/vc_column_text][\/vc_column][\/vc_row][vc_row][vc_column width=\u00a0\u00bb1\/3&Prime;][vc_column_text]<\/p>\n<h2 class=\"p1\"><span class=\"s1\">Feedback<\/span><\/h2>\n<p>[\/vc_column_text][\/vc_column][vc_column width=\u00a0\u00bb2\/3&Prime;]\n<div class=\"wpcf7 no-js\" id=\"wpcf7-f17074-o1\" lang=\"de-DE\" dir=\"ltr\" data-wpcf7-id=\"17074\">\n<div class=\"screen-reader-response\"><p role=\"status\" aria-live=\"polite\" aria-atomic=\"true\"><\/p> <ul><\/ul><\/div>\n<form action=\"\/fr\/wp-json\/wp\/v2\/pages\/17056#wpcf7-f17074-o1\" method=\"post\" class=\"wpcf7-form init\" aria-label=\"Kontaktformular\" novalidate=\"novalidate\" data-status=\"init\">\n<div style=\"display: none;\">\n<input type=\"hidden\" name=\"_wpcf7\" value=\"17074\" \/>\n<input type=\"hidden\" name=\"_wpcf7_version\" value=\"6.0.4\" \/>\n<input type=\"hidden\" name=\"_wpcf7_locale\" value=\"de_DE\" \/>\n<input type=\"hidden\" name=\"_wpcf7_unit_tag\" value=\"wpcf7-f17074-o1\" \/>\n<input type=\"hidden\" name=\"_wpcf7_container_post\" value=\"0\" \/>\n<input type=\"hidden\" name=\"_wpcf7_posted_data_hash\" value=\"\" \/>\n<input type=\"hidden\" name=\"_wpcf7dtx_version\" value=\"5.0.3\" \/>\n<input type=\"hidden\" name=\"_wpcf7_recaptcha_response\" value=\"\" \/>\n<\/div>\n<p><label> Nom*<br \/>\n<span class=\"wpcf7-form-control-wrap\" data-name=\"your-name\"><input size=\"40\" maxlength=\"400\" class=\"wpcf7-form-control wpcf7-text wpcf7-validates-as-required\" aria-required=\"true\" aria-invalid=\"false\" value=\"\" type=\"text\" name=\"your-name\" \/><\/span> <\/label>\n<\/p>\n<p><label> E-Mail*<br \/>\n<span class=\"wpcf7-form-control-wrap\" data-name=\"your-email\"><input size=\"40\" maxlength=\"400\" class=\"wpcf7-form-control wpcf7-email wpcf7-validates-as-required wpcf7-text wpcf7-validates-as-email\" aria-required=\"true\" aria-invalid=\"false\" value=\"\" type=\"email\" name=\"your-email\" \/><\/span> <\/label>\n<\/p>\n<p><label> Sujet*<br \/>\n<span class=\"wpcf7-form-control-wrap\" data-name=\"your-subject\"><input size=\"40\" maxlength=\"400\" class=\"wpcf7-form-control wpcf7-text wpcf7-validates-as-required\" aria-required=\"true\" aria-invalid=\"false\" value=\"\" type=\"text\" name=\"your-subject\" \/><\/span> <\/label>\n<\/p>\n<p><label> Message*<br \/>\n<span class=\"wpcf7-form-control-wrap\" data-name=\"your-message\"><textarea cols=\"40\" rows=\"10\" maxlength=\"2000\" class=\"wpcf7-form-control wpcf7-textarea\" aria-invalid=\"false\" name=\"your-message\"><\/textarea><\/span> <\/label><br \/>\n<br \/>\n<input class=\"wpcf7-form-control wpcf7-submit has-spinner\" type=\"submit\" value=\"Envoyer\" \/>\n<\/p><div class=\"wpcf7-response-output\" aria-hidden=\"true\"><\/div>\n<\/form>\n<\/div>\n[vc_empty_space height=\u00a0\u00bb60px\u00a0\u00bb][\/vc_column][\/vc_row][vc_row][vc_column width=\u00a0\u00bb1\/3&Prime;][vc_column_text]<\/p>\n<h2 class=\"p1\"><span class=\"s1\">Suivez-nous<\/span><\/h2>\n<p>[\/vc_column_text][\/vc_column][vc_column width=\u00a0\u00bb2\/3&Prime;][vc_row_inner][vc_column_inner width=\u00a0\u00bb1\/3&Prime;][vc_icon icon_fontawesome=\u00a0\u00bbfa fa-youtube\u00a0\u00bb color=\u00a0\u00bbjuicy_pink\u00a0\u00bb background_style=\u00a0\u00bbrounded\u00a0\u00bb size=\u00a0\u00bblg\u00a0\u00bb css_animation=\u00a0\u00bbfadeIn\u00a0\u00bb link=\u00a0\u00bburl:\/\/www.youtube.com\/user\/SchweizerWeltatlas\u00a0\u00bb][\/vc_column_inner][vc_column_inner width=\u00a0\u00bb1\/3&Prime;][vc_column_text]<\/p>\n<h2 class=\"p1\"><span class=\"s1\">Newsletter<\/span><\/h2>\n<p>[\/vc_column_text][\/vc_column_inner][vc_column_inner width=\u00a0\u00bb1\/3&Prime;][vc_icon icon_fontawesome=\u00a0\u00bbfa fa-envelope-o\u00a0\u00bb color=\u00a0\u00bbjuicy_pink\u00a0\u00bb background_style=\u00a0\u00bbrounded\u00a0\u00bb size=\u00a0\u00bblg\u00a0\u00bb css_animation=\u00a0\u00bbfadeIn\u00a0\u00bb link=\u00a0\u00bb|||\u00a0\u00bb][\/vc_column_inner][\/vc_row_inner][vc_row_inner][vc_column_inner width=\u00a0\u00bb1\/3&Prime;][vc_icon icon_fontawesome=\u00a0\u00bbfa fa-twitter\u00a0\u00bb color=\u00a0\u00bbjuicy_pink\u00a0\u00bb background_style=\u00a0\u00bbrounded\u00a0\u00bb size=\u00a0\u00bblg\u00a0\u00bb css_animation=\u00a0\u00bbfadeIn\u00a0\u00bb link=\u00a0\u00bburl:\/\/twitter.com\/swissworldatlas\u00a0\u00bb][\/vc_column_inner][vc_column_inner width=\u00a0\u00bb2\/3&Prime;][vc_column_text]Abonnez-vous <a href=\"https:\/\/www.lmvz.ch\/uber-uns\/unternehmen\/newsletter\"><strong>ici<\/strong> <\/a>\u00e0 la newsletter de Lehrmittelverlag Z\u00fcrich pour \u00eatre les premiers inform\u00e9s des nouveaut\u00e9s concernant l\u2019atlas.[\/vc_column_text][\/vc_column_inner][\/vc_row_inner][\/vc_column][\/vc_row]<\/p>\n<\/div>","protected":false},"excerpt":{"rendered":"<p>Add your business to Listable, so customers can easily find it.<\/p>\n","protected":false},"author":7,"featured_media":0,"parent":0,"menu_order":0,"comment_status":"closed","ping_status":"closed","template":"page-templates\/full_width_no_title.php","meta":{"_acf_changed":false,"footnotes":""},"class_list":["post-17056","page","type-page","status-publish","hentry"],"acf":[],"_links":{"self":[{"href":"https:\/\/www.schweizerweltatlas.ch\/fr\/wp-json\/wp\/v2\/pages\/17056","targetHints":{"allow":["GET"]}}],"collection":[{"href":"https:\/\/www.schweizerweltatlas.ch\/fr\/wp-json\/wp\/v2\/pages"}],"about":[{"href":"https:\/\/www.schweizerweltatlas.ch\/fr\/wp-json\/wp\/v2\/types\/page"}],"author":[{"embeddable":true,"href":"https:\/\/www.schweizerweltatlas.ch\/fr\/wp-json\/wp\/v2\/users\/7"}],"replies":[{"embeddable":true,"href":"https:\/\/www.schweizerweltatlas.ch\/fr\/wp-json\/wp\/v2\/comments?post=17056"}],"version-history":[{"count":4,"href":"https:\/\/www.schweizerweltatlas.ch\/fr\/wp-json\/wp\/v2\/pages\/17056\/revisions"}],"predecessor-version":[{"id":22919,"href":"https:\/\/www.schweizerweltatlas.ch\/fr\/wp-json\/wp\/v2\/pages\/17056\/revisions\/22919"}],"wp:attachment":[{"href":"https:\/\/www.schweizerweltatlas.ch\/fr\/wp-json\/wp\/v2\/media?parent=17056"}],"curies":[{"name":"wp","href":"https:\/\/api.w.org\/{rel}","templated":true}]}}