{"id":20567,"date":"2017-09-28T09:17:00","date_gmt":"2017-09-28T07:17:00","guid":{"rendered":"https:\/\/www.schweizerweltatlas.ch\/imprint\/"},"modified":"2025-01-20T09:12:43","modified_gmt":"2025-01-20T08:12:43","slug":"imprint","status":"publish","type":"page","link":"https:\/\/www.schweizerweltatlas.ch\/en\/imprint\/","title":{"rendered":"Imprint"},"content":{"rendered":"<div class=\"wpb-content-wrapper\"><p>[vc_row][vc_column width=&#8221;2\/3&#8243;][vc_empty_space height=&#8221;60px&#8221;][vc_column_text]<\/p>\n<p class=\"p1\"><strong><span class=\"s1\">Imprint<\/span><\/strong><\/p>\n<p>[\/vc_column_text][\/vc_column][vc_column width=&#8221;1\/3&#8243;][\/vc_column][\/vc_row][vc_row gap=&#8221;5&#8243; equal_height=&#8221;yes&#8221; content_placement=&#8221;top&#8221;][vc_column css_animation=&#8221;bottom-to-top&#8221; width=&#8221;1\/3&#8243; css=&#8221;.vc_custom_1495121371398{background-color: #f7f7f7 !important;}&#8221;][vc_column_text]<\/p>\n<h2>Editorial Responsibility<\/h2>\n<p>[\/vc_column_text][\/vc_column][vc_column css_animation=&#8221;top-to-bottom&#8221; width=&#8221;2\/3&#8243; css=&#8221;.vc_custom_1495121379869{background-color: #f7f7f7 !important;}&#8221;][vc_column_text css=&#8221;&#8221;]<strong>Schweizer Weltatlas<\/strong><br \/>\n<strong>ETH Z\u00fcrich<\/strong><br \/>\n<strong>Institut f\u00fcr Kartografie und Geoinformation<\/strong><br \/>\nStefano-Franscini-Platz 5<br \/>\n8093 Z\u00fcrich<br \/>\n+41 44 633 30 29<\/p>\n<p><a href=\"mailto:info@schweizerweltatlas.ch\" target=\"_blank\" rel=\"noopener noreferrer\">info@schweizerweltatlas.ch<\/a><br \/>\ntwitter: <a href=\"https:\/\/twitter.com\/swissworldatlas\" target=\"_blank\" rel=\"noopener noreferrer\">@swissworldatlas<\/a>[\/vc_column_text][\/vc_column][\/vc_row][vc_row gap=&#8221;5&#8243; equal_height=&#8221;yes&#8221; content_placement=&#8221;top&#8221;][vc_column css_animation=&#8221;bottom-to-top&#8221; width=&#8221;1\/3&#8243; css=&#8221;.vc_custom_1495121371398{background-color: #f7f7f7 !important;}&#8221;][vc_column_text]<\/p>\n<h2>Design<\/h2>\n<p>[\/vc_column_text][\/vc_column][vc_column css_animation=&#8221;top-to-bottom&#8221; width=&#8221;2\/3&#8243; css=&#8221;.vc_custom_1495121379869{background-color: #f7f7f7 !important;}&#8221;][vc_column_text]<strong>Giessform<\/strong><br \/>\n<strong>Atelier f\u00fcr Kommunikationsdesign GmbH<\/strong><br \/>\nBr\u00fcckfeldstrasse 21<br \/>\n3012 Bern<br \/>\n<a href=\"http:\/\/www.giessform.com\" target=\"_blank\" rel=\"noopener noreferrer\">www.giessform.com<\/a>[\/vc_column_text][\/vc_column][\/vc_row][vc_row gap=&#8221;5&#8243; equal_height=&#8221;yes&#8221; content_placement=&#8221;top&#8221;][vc_column css_animation=&#8221;bottom-to-top&#8221; width=&#8221;1\/3&#8243; css=&#8221;.vc_custom_1495121371398{background-color: #f7f7f7 !important;}&#8221;][vc_column_text]<\/p>\n<h2>Translations<\/h2>\n<p>[\/vc_column_text][\/vc_column][vc_column css_animation=&#8221;top-to-bottom&#8221; width=&#8221;2\/3&#8243; css=&#8221;.vc_custom_1495121379869{background-color: #f7f7f7 !important;}&#8221;][vc_column_text]<strong>\u00dcbersetzer Gruppe Z\u00fcrich GmbH<\/strong><br \/>\nSihlquai 253<br \/>\n8005 Z\u00fcrich<br \/>\n<a href=\"http:\/\/www.ugz.ch\" target=\"_blank\" rel=\"noopener noreferrer\">www.ugz.ch<\/a>[\/vc_column_text][\/vc_column][\/vc_row][vc_row gap=&#8221;5&#8243; equal_height=&#8221;yes&#8221; content_placement=&#8221;top&#8221;][vc_column css_animation=&#8221;bottom-to-top&#8221; width=&#8221;1\/3&#8243; css=&#8221;.vc_custom_1495121371398{background-color: #f7f7f7 !important;}&#8221;][vc_column_text]<\/p>\n<h2>Wording<\/h2>\n<p>[\/vc_column_text][\/vc_column][vc_column css_animation=&#8221;top-to-bottom&#8221; width=&#8221;2\/3&#8243; css=&#8221;.vc_custom_1495121379869{background-color: #f7f7f7 !important;}&#8221;][vc_column_text]On this website the masculine form is used for texts. This is done for a better readability only and women are always meant to be included by this formulation\u00a0except when a clear distinction between both genders is made.[\/vc_column_text][\/vc_column][\/vc_row][vc_row gap=&#8221;5&#8243; equal_height=&#8221;yes&#8221; content_placement=&#8221;top&#8221;][vc_column css_animation=&#8221;bottom-to-top&#8221; width=&#8221;1\/3&#8243; css=&#8221;.vc_custom_1495121371398{background-color: #f7f7f7 !important;}&#8221;][vc_column_text]<\/p>\n<h2>Disclaimer<\/h2>\n<p>[\/vc_column_text][\/vc_column][vc_column css_animation=&#8221;top-to-bottom&#8221; width=&#8221;2\/3&#8243; css=&#8221;.vc_custom_1495121379869{background-color: #f7f7f7 !important;}&#8221;][vc_column_text]No responsibility is assumed for the accuracy and the freedom from error of the information contained here. In the case of Internet sites linked to this website, which are operated by a third party, the Swiss World Atlas assumes no responsibility for their contents.<\/p>\n<p>The Swiss World Atlas expressly reserves the right to change, to delete or temporarily not to publish the contents wholly or partly at any time and without giving notice.<\/p>\n<p>Liability claims against the Swiss World Atlas because of tangible or intangible damage arising from accessing, using or not using the published information, through misuse of the connection or as a result of technical breakdowns are excluded.[\/vc_column_text][\/vc_column][\/vc_row][vc_row gap=&#8221;5&#8243; equal_height=&#8221;yes&#8221; content_placement=&#8221;top&#8221;][vc_column css_animation=&#8221;bottom-to-top&#8221; width=&#8221;1\/3&#8243; css=&#8221;.vc_custom_1495121371398{background-color: #f7f7f7 !important;}&#8221;][vc_column_text]<\/p>\n<h2 class=\"p1\"><span class=\"s1\">Copyright<\/span><\/h2>\n<p>[\/vc_column_text][\/vc_column][vc_column css_animation=&#8221;top-to-bottom&#8221; width=&#8221;2\/3&#8243; css=&#8221;.vc_custom_1495121379869{background-color: #f7f7f7 !important;}&#8221;][vc_column_text css=&#8221;&#8221;]<\/p>\n<p class=\"p1\">All online documents and web pages as well as their parts are protected by copyright, and it is permissible to copy them and print them out only for private, scientific, noncommercial and educational use. Without prior written consent from the Swiss World Atlas it is not permissible for the documents and web pages and parts thereof to be either copied or stored on other servers, input into news group or online services, or stored on CDROM or other data carriers. This applies in particular to the Swiss World Atlas logo. Intermediate storage in a cache or on a proxy server to optimise access speed is permitted. The citation of the documents and web pages with a correct statement of the source and the setting of links to our web site is expressly allowed.<\/p>\n<p class=\"p1\">\u00a9 2025 \u00a0 Schweizer Weltatlas \u00b7 Atlas Mondial Suisse \u00b7 Atlante Mondiale Svizzero \u00b7 Swiss World Atlas<\/p>\n<p>[\/vc_column_text][\/vc_column][\/vc_row][vc_row gap=&#8221;5&#8243; equal_height=&#8221;yes&#8221; content_placement=&#8221;top&#8221;][vc_column css_animation=&#8221;bottom-to-top&#8221; width=&#8221;1\/3&#8243; css=&#8221;.vc_custom_1495121371398{background-color: #f7f7f7 !important;}&#8221;][vc_column_text]<\/p>\n<h2>Google Analytics<\/h2>\n<p>[\/vc_column_text][\/vc_column][vc_column css_animation=&#8221;top-to-bottom&#8221; width=&#8221;2\/3&#8243; css=&#8221;.vc_custom_1495121379869{background-color: #f7f7f7 !important;}&#8221;][vc_column_text]This website uses Google Analytics, a web analytics service provided by Google, Inc. (\u201cGoogle\u201d). Google Analytics uses \u201ccookies\u201d, which are text files placed on your computer, to help the website analyze how users use the site. The information generated by the cookie about your use of the website (including your IP address) will be transmitted to and stored by Google on servers in the United States . Google will use this information for the purpose of evaluating your use of the website, compiling reports on website activity for website operators and providing other services relating to website activity and internet usage. Google may also transfer this information to third parties where required to do so by law, or where such third parties process the information on Google&#8217;s behalf. Google will not associate your IP address with any other data held by Google. You may refuse the use of cookies by selecting the appropriate settings on your browser, however please note that if you do this you may not be able to use the full functionality of this website. By using this website, you consent to the processing of data about you by Google in the manner and for the purposes set out above.[\/vc_column_text][\/vc_column][\/vc_row]<\/p>\n<\/div>","protected":false},"excerpt":{"rendered":"<p>[vc_row][vc_column width=&#8221;2\/3&#8243;][vc_empty_space height=&#8221;60px&#8221;][vc_column_text] Imprint [\/vc_column_text][\/vc_column][vc_column width=&#8221;1\/3&#8243;][\/vc_column][\/vc_row][vc_row gap=&#8221;5&#8243; equal_height=&#8221;yes&#8221; content_placement=&#8221;top&#8221;][vc_column css_animation=&#8221;bottom-to-top&#8221; width=&#8221;1\/3&#8243; css=&#8221;.vc_custom_1495121371398{background-color: #f7f7f7 !important;}&#8221;][vc_column_text] Editorial Responsibility [\/vc_column_text][\/vc_column][vc_column css_animation=&#8221;top-to-bottom&#8221; width=&#8221;2\/3&#8243; css=&#8221;.vc_custom_1495121379869{background-color: #f7f7f7 !important;}&#8221;][vc_column_text css=&#8221;&#8221;]Schweizer Weltatlas ETH Z\u00fcrich Institut f\u00fcr Kartografie und Geoinformation Stefano-Franscini-Platz 5 8093 Z\u00fcrich +41 44 633 30 29 info@schweizerweltatlas.ch twitter: @swissworldatlas[\/vc_column_text][\/vc_column][\/vc_row][vc_row gap=&#8221;5&#8243; equal_height=&#8221;yes&#8221; content_placement=&#8221;top&#8221;][vc_column css_animation=&#8221;bottom-to-top&#8221; width=&#8221;1\/3&#8243; css=&#8221;.vc_custom_1495121371398{background-color: #f7f7f7 !important;}&#8221;][vc_column_text] Design [\/vc_column_text][\/vc_column][vc_column css_animation=&#8221;top-to-bottom&#8221; width=&#8221;2\/3&#8243; [&hellip;]<\/p>\n","protected":false},"author":7,"featured_media":0,"parent":0,"menu_order":0,"comment_status":"closed","ping_status":"closed","template":"page-templates\/full_width_no_title.php","meta":{"_acf_changed":false,"footnotes":""},"class_list":["post-20567","page","type-page","status-publish","hentry"],"acf":[],"_links":{"self":[{"href":"https:\/\/www.schweizerweltatlas.ch\/en\/wp-json\/wp\/v2\/pages\/20567","targetHints":{"allow":["GET"]}}],"collection":[{"href":"https:\/\/www.schweizerweltatlas.ch\/en\/wp-json\/wp\/v2\/pages"}],"about":[{"href":"https:\/\/www.schweizerweltatlas.ch\/en\/wp-json\/wp\/v2\/types\/page"}],"author":[{"embeddable":true,"href":"https:\/\/www.schweizerweltatlas.ch\/en\/wp-json\/wp\/v2\/users\/7"}],"replies":[{"embeddable":true,"href":"https:\/\/www.schweizerweltatlas.ch\/en\/wp-json\/wp\/v2\/comments?post=20567"}],"version-history":[{"count":12,"href":"https:\/\/www.schweizerweltatlas.ch\/en\/wp-json\/wp\/v2\/pages\/20567\/revisions"}],"predecessor-version":[{"id":24231,"href":"https:\/\/www.schweizerweltatlas.ch\/en\/wp-json\/wp\/v2\/pages\/20567\/revisions\/24231"}],"wp:attachment":[{"href":"https:\/\/www.schweizerweltatlas.ch\/en\/wp-json\/wp\/v2\/media?parent=20567"}],"curies":[{"name":"wp","href":"https:\/\/api.w.org\/{rel}","templated":true}]}}